{"id":9724,"date":"2024-05-20T00:22:58","date_gmt":"2024-05-19T22:22:58","guid":{"rendered":"https:\/\/www.demokratie-geschichte.de\/index.php\/?page_id=9724"},"modified":"2024-10-09T17:55:38","modified_gmt":"2024-10-09T15:55:38","slug":"wir-ueber-uns","status":"publish","type":"page","link":"http:\/\/dg-dev.agentur-doppelstern.de\/httpdocs\/index.php\/wir-ueber-uns\/","title":{"rendered":"Wir \u00fcber uns"},"content":{"rendered":"\n<p>Die Stiftung Orte der deutschen Demokratiegeschichte ist eine bundesunmittelbare Stiftung des \u00f6ffentlichen Rechts mit Sitz in Frankfurt am Main.\u00a0<\/p>\n\n\n\n<p>Wir f\u00f6rdern die gesellschaftliche Auseinandersetzung mit der wechselvollen deutschen Demokratiegeschichte vom ausgehenden 18. Jahrhundert bis in die Gegenwart.<\/p>\n\n\n\n<p>Immer wieder sind Personen und Gruppen in der <strong>deutschen und europ\u00e4ischen Demokratiegeschichte <\/strong>eingetreten f\u00fcr politische Partizipation und gesellschaftliche Rahmenbedingungen, die in unserer parlamentarischen Demokratie heute selbstverst\u00e4ndlich erscheinen und die unsere Verfassung als Grundrechte garantiert. Dazu geh\u00f6ren etwa Gleichberechtigung, Wahlrecht, Meinungs-, Versammlungs- und Pressefreiheit.&nbsp;<\/p>\n\n\n\n<p>Die <strong>Aktivit\u00e4ten<\/strong> der Stiftung Orte der deutschen Demokratiegeschichte zielen darauf, das aktive Erinnern an die Wurzeln, Fr\u00fchformen und Genese der Demokratie in Deutschland \u00fcber die Zeit der Weimarer Republik sowie der demokratischen Neuanf\u00e4nge nach 1945 hinaus, um eine Vielzahl demokratiehistorischer Erinnerungsorte und die damit verbundenen Ereignisse, Personen und Prozesse und ihre Relevanz als positive Orientierungspunkte f\u00fcr eine zeitgem\u00e4\u00dfe Demokratiebildung sichtbar und einer breiten \u00d6ffentlichkeit zug\u00e4nglich zu machen.<\/p>\n\n\n\n<p>Hierzu wird die neue Bundesstiftung k\u00fcnftig die F\u00f6rderung des Bundes zu dieser Thematik b\u00fcndeln, f\u00fcr die Akteurinnen und Akteure der historisch-politischen Bildungsarbeit als zentraler Ansprechpartner dienen und die <strong>Vernetzung<\/strong> innerhalb dieser Szene weiter ausbauen.<\/p>\n\n\n\n<p>Dies gelingt einerseits durch konkrete finanzielle <strong>Projektf\u00f6rderungen<\/strong> demokratiehistorischer Vermittlungs- und Bildungsangebote<strong> <\/strong>und andererseits durch eigene Veranstaltungen, digitale Angebote und Kooperationen mit verschiedenen Partnerinstitutionen, nicht nur, aber vor allem auch an jenen Orten, die eng mit diesen demokratiehistorischen Traditionen verbunden sind oder symbolhaft f\u00fcr diese stehen.<\/p>\n\n\n\n<p>Denn auch heute gilt es, uns immer wieder f\u00fcr die Verfassung, f\u00fcr Grundrechte und demokratische Beteiligung einzusetzen.<\/p>\n\n\n\n<p style=\"font-size:23px\"><a href=\"https:\/\/www.demokratie-geschichte.de\/index.php\/statements\/\"><strong>Statements \u00fcber die Stiftung<\/strong><\/a><\/p>\n","protected":false},"excerpt":{"rendered":"<p>Die Stiftung Orte der deutschen Demokratiegeschichte ist eine bundesunmittelbare Stiftung des \u00f6ffentlichen Rechts mit Sitz in Frankfurt am Main.\u00a0 Wir f\u00f6rdern die gesellschaftliche Auseinandersetzung mit der wechselvollen deutschen Demokratiegeschichte vom ausgehenden 18. Jahrhundert bis in die Gegenwart. Immer wieder sind Personen und Gruppen in der deutschen und europ\u00e4ischen Demokratiegeschichte eingetreten f\u00fcr politische Partizipation und gesellschaftliche [&hellip;]<\/p>\n","protected":false},"author":1,"featured_media":0,"parent":0,"menu_order":24,"comment_status":"closed","ping_status":"closed","template":"","meta":{"_acf_changed":false,"footnotes":""},"categories":[],"tags":[],"class_list":["post-9724","page","type-page","status-publish","hentry"],"acf":[],"yoast_head":"<!-- This site is optimized with the Yoast SEO plugin v27.3 - https:\/\/yoast.com\/product\/yoast-seo-wordpress\/ -->\n<title>Wir \u00fcber uns - Stiftung Orte der deutschen Demokratiegeschichte<\/title>\n<meta name=\"robots\" content=\"index, follow, max-snippet:-1, max-image-preview:large, max-video-preview:-1\" \/>\n<link rel=\"canonical\" href=\"http:\/\/dg-dev.agentur-doppelstern.de\/httpdocs\/index.php\/wir-ueber-uns\/\" \/>\n<meta property=\"og:locale\" content=\"de_DE\" \/>\n<meta property=\"og:type\" content=\"article\" \/>\n<meta property=\"og:title\" content=\"Wir \u00fcber uns - Stiftung Orte der deutschen Demokratiegeschichte\" \/>\n<meta property=\"og:description\" content=\"Die Stiftung Orte der deutschen Demokratiegeschichte ist eine bundesunmittelbare Stiftung des \u00f6ffentlichen Rechts mit Sitz in Frankfurt am Main.\u00a0 Wir f\u00f6rdern die gesellschaftliche Auseinandersetzung mit der wechselvollen deutschen Demokratiegeschichte vom ausgehenden 18. Jahrhundert bis in die Gegenwart. Immer wieder sind Personen und Gruppen in der deutschen und europ\u00e4ischen Demokratiegeschichte eingetreten f\u00fcr politische Partizipation und gesellschaftliche [&hellip;]\" \/>\n<meta property=\"og:url\" content=\"http:\/\/dg-dev.agentur-doppelstern.de\/httpdocs\/index.php\/wir-ueber-uns\/\" \/>\n<meta property=\"og:site_name\" content=\"Stiftung Orte der deutschen Demokratiegeschichte\" \/>\n<meta property=\"article:modified_time\" content=\"2024-10-09T15:55:38+00:00\" \/>\n<meta name=\"twitter:card\" content=\"summary_large_image\" \/>\n<meta name=\"twitter:label1\" content=\"Gesch\u00e4tzte Lesezeit\" \/>\n\t<meta name=\"twitter:data1\" content=\"2\u00a0Minuten\" \/>\n<script type=\"application\/ld+json\" class=\"yoast-schema-graph\">{\"@context\":\"https:\\\/\\\/schema.org\",\"@graph\":[{\"@type\":\"WebPage\",\"@id\":\"http:\\\/\\\/dg-dev.agentur-doppelstern.de\\\/httpdocs\\\/index.php\\\/wir-ueber-uns\\\/\",\"url\":\"http:\\\/\\\/dg-dev.agentur-doppelstern.de\\\/httpdocs\\\/index.php\\\/wir-ueber-uns\\\/\",\"name\":\"Wir \u00fcber uns - Stiftung Orte der deutschen Demokratiegeschichte\",\"isPartOf\":{\"@id\":\"http:\\\/\\\/dg-dev.agentur-doppelstern.de\\\/httpdocs\\\/index.php\\\/#website\"},\"datePublished\":\"2024-05-19T22:22:58+00:00\",\"dateModified\":\"2024-10-09T15:55:38+00:00\",\"breadcrumb\":{\"@id\":\"http:\\\/\\\/dg-dev.agentur-doppelstern.de\\\/httpdocs\\\/index.php\\\/wir-ueber-uns\\\/#breadcrumb\"},\"inLanguage\":\"de\",\"potentialAction\":[{\"@type\":\"ReadAction\",\"target\":[\"http:\\\/\\\/dg-dev.agentur-doppelstern.de\\\/httpdocs\\\/index.php\\\/wir-ueber-uns\\\/\"]}]},{\"@type\":\"BreadcrumbList\",\"@id\":\"http:\\\/\\\/dg-dev.agentur-doppelstern.de\\\/httpdocs\\\/index.php\\\/wir-ueber-uns\\\/#breadcrumb\",\"itemListElement\":[{\"@type\":\"ListItem\",\"position\":1,\"name\":\"Startseite\",\"item\":\"http:\\\/\\\/dg-dev.agentur-doppelstern.de\\\/httpdocs\\\/index.php\\\/\"},{\"@type\":\"ListItem\",\"position\":2,\"name\":\"Wir \u00fcber uns\"}]},{\"@type\":\"WebSite\",\"@id\":\"http:\\\/\\\/dg-dev.agentur-doppelstern.de\\\/httpdocs\\\/index.php\\\/#website\",\"url\":\"http:\\\/\\\/dg-dev.agentur-doppelstern.de\\\/httpdocs\\\/index.php\\\/\",\"name\":\"Stiftung Orte der deutschen Demokratiegeschichte\",\"description\":\"\",\"potentialAction\":[{\"@type\":\"SearchAction\",\"target\":{\"@type\":\"EntryPoint\",\"urlTemplate\":\"http:\\\/\\\/dg-dev.agentur-doppelstern.de\\\/httpdocs\\\/index.php\\\/?s={search_term_string}\"},\"query-input\":{\"@type\":\"PropertyValueSpecification\",\"valueRequired\":true,\"valueName\":\"search_term_string\"}}],\"inLanguage\":\"de\"}]}<\/script>\n<!-- \/ Yoast SEO plugin. -->","yoast_head_json":{"title":"Wir \u00fcber uns - Stiftung Orte der deutschen Demokratiegeschichte","robots":{"index":"index","follow":"follow","max-snippet":"max-snippet:-1","max-image-preview":"max-image-preview:large","max-video-preview":"max-video-preview:-1"},"canonical":"http:\/\/dg-dev.agentur-doppelstern.de\/httpdocs\/index.php\/wir-ueber-uns\/","og_locale":"de_DE","og_type":"article","og_title":"Wir \u00fcber uns - Stiftung Orte der deutschen Demokratiegeschichte","og_description":"Die Stiftung Orte der deutschen Demokratiegeschichte ist eine bundesunmittelbare Stiftung des \u00f6ffentlichen Rechts mit Sitz in Frankfurt am Main.\u00a0 Wir f\u00f6rdern die gesellschaftliche Auseinandersetzung mit der wechselvollen deutschen Demokratiegeschichte vom ausgehenden 18. Jahrhundert bis in die Gegenwart. Immer wieder sind Personen und Gruppen in der deutschen und europ\u00e4ischen Demokratiegeschichte eingetreten f\u00fcr politische Partizipation und gesellschaftliche [&hellip;]","og_url":"http:\/\/dg-dev.agentur-doppelstern.de\/httpdocs\/index.php\/wir-ueber-uns\/","og_site_name":"Stiftung Orte der deutschen Demokratiegeschichte","article_modified_time":"2024-10-09T15:55:38+00:00","twitter_card":"summary_large_image","twitter_misc":{"Gesch\u00e4tzte Lesezeit":"2\u00a0Minuten"},"schema":{"@context":"https:\/\/schema.org","@graph":[{"@type":"WebPage","@id":"http:\/\/dg-dev.agentur-doppelstern.de\/httpdocs\/index.php\/wir-ueber-uns\/","url":"http:\/\/dg-dev.agentur-doppelstern.de\/httpdocs\/index.php\/wir-ueber-uns\/","name":"Wir \u00fcber uns - Stiftung Orte der deutschen Demokratiegeschichte","isPartOf":{"@id":"http:\/\/dg-dev.agentur-doppelstern.de\/httpdocs\/index.php\/#website"},"datePublished":"2024-05-19T22:22:58+00:00","dateModified":"2024-10-09T15:55:38+00:00","breadcrumb":{"@id":"http:\/\/dg-dev.agentur-doppelstern.de\/httpdocs\/index.php\/wir-ueber-uns\/#breadcrumb"},"inLanguage":"de","potentialAction":[{"@type":"ReadAction","target":["http:\/\/dg-dev.agentur-doppelstern.de\/httpdocs\/index.php\/wir-ueber-uns\/"]}]},{"@type":"BreadcrumbList","@id":"http:\/\/dg-dev.agentur-doppelstern.de\/httpdocs\/index.php\/wir-ueber-uns\/#breadcrumb","itemListElement":[{"@type":"ListItem","position":1,"name":"Startseite","item":"http:\/\/dg-dev.agentur-doppelstern.de\/httpdocs\/index.php\/"},{"@type":"ListItem","position":2,"name":"Wir \u00fcber uns"}]},{"@type":"WebSite","@id":"http:\/\/dg-dev.agentur-doppelstern.de\/httpdocs\/index.php\/#website","url":"http:\/\/dg-dev.agentur-doppelstern.de\/httpdocs\/index.php\/","name":"Stiftung Orte der deutschen Demokratiegeschichte","description":"","potentialAction":[{"@type":"SearchAction","target":{"@type":"EntryPoint","urlTemplate":"http:\/\/dg-dev.agentur-doppelstern.de\/httpdocs\/index.php\/?s={search_term_string}"},"query-input":{"@type":"PropertyValueSpecification","valueRequired":true,"valueName":"search_term_string"}}],"inLanguage":"de"}]}},"wps_subtitle":"","_links":{"self":[{"href":"http:\/\/dg-dev.agentur-doppelstern.de\/httpdocs\/index.php\/wp-json\/wp\/v2\/pages\/9724","targetHints":{"allow":["GET"]}}],"collection":[{"href":"http:\/\/dg-dev.agentur-doppelstern.de\/httpdocs\/index.php\/wp-json\/wp\/v2\/pages"}],"about":[{"href":"http:\/\/dg-dev.agentur-doppelstern.de\/httpdocs\/index.php\/wp-json\/wp\/v2\/types\/page"}],"author":[{"embeddable":true,"href":"http:\/\/dg-dev.agentur-doppelstern.de\/httpdocs\/index.php\/wp-json\/wp\/v2\/users\/1"}],"replies":[{"embeddable":true,"href":"http:\/\/dg-dev.agentur-doppelstern.de\/httpdocs\/index.php\/wp-json\/wp\/v2\/comments?post=9724"}],"version-history":[{"count":4,"href":"http:\/\/dg-dev.agentur-doppelstern.de\/httpdocs\/index.php\/wp-json\/wp\/v2\/pages\/9724\/revisions"}],"predecessor-version":[{"id":10287,"href":"http:\/\/dg-dev.agentur-doppelstern.de\/httpdocs\/index.php\/wp-json\/wp\/v2\/pages\/9724\/revisions\/10287"}],"wp:attachment":[{"href":"http:\/\/dg-dev.agentur-doppelstern.de\/httpdocs\/index.php\/wp-json\/wp\/v2\/media?parent=9724"}],"wp:term":[{"taxonomy":"category","embeddable":true,"href":"http:\/\/dg-dev.agentur-doppelstern.de\/httpdocs\/index.php\/wp-json\/wp\/v2\/categories?post=9724"},{"taxonomy":"post_tag","embeddable":true,"href":"http:\/\/dg-dev.agentur-doppelstern.de\/httpdocs\/index.php\/wp-json\/wp\/v2\/tags?post=9724"}],"curies":[{"name":"wp","href":"https:\/\/api.w.org\/{rel}","templated":true}]}}