{"id":9716,"date":"2024-05-19T23:58:26","date_gmt":"2024-05-19T21:58:26","guid":{"rendered":"https:\/\/www.demokratie-geschichte.de\/index.php\/?page_id=9716"},"modified":"2024-05-19T23:58:26","modified_gmt":"2024-05-19T21:58:26","slug":"presse","status":"publish","type":"page","link":"http:\/\/dg-dev.agentur-doppelstern.de\/httpdocs\/index.php\/presse\/","title":{"rendered":"Presse"},"content":{"rendered":"\n<p>Dank f\u00fcr Ihr Interesse an der Stiftung Orte der deutschen Demokratiegeschichte.<\/p>\n\n\n\n<p>Sie m\u00f6chten zuk\u00fcnftig alle presse- und medienrelevanten Informationen erhalten? Schreiben Sie uns an <a href=\"mailto:presse.sodg@dnb.de\">presse.sodg@dnb.de<\/a> und wir nehmen Sie gerne in unseren Presseverteiler auf.<\/p>\n\n\n\n<p>Hier stellen wir Ihnen <a href=\"https:\/\/dg-dev.agentur-doppelstern.de\/pressemitteilungen\/\"><strong>Presse- und Medienmitteilungen<\/strong><\/a> sowie weitere Informationen zu unserer Arbeit zur Verf\u00fcgung.<\/p>\n\n\n\n<p>Sie haben Presse- oder Medienanfragen? Bitte schreiben Sie an <a href=\"mailto:presse.sodg@dnb.de\" target=\"_blank\" rel=\"noreferrer noopener\"><strong>presse.sodg@dnb.de<\/strong><\/a>.<\/p>\n\n\n\n<div style=\"height:24px\" aria-hidden=\"true\" class=\"wp-block-spacer\"><\/div>\n\n\n\n<p class=\"has-medium-font-size\"><strong>Pressefotos<\/strong><\/p>\n\n\n\n<p>Die nachfolgenden Fotos d\u00fcrfen f\u00fcr private, redaktionelle und kommerzielle nicht-werbliche Zwecke genutzt werden. Die Nutzung in sozialen Medien ist nicht gestattet, ebenso wenig die Nutzung f\u00fcr kommerzielle werbliche Zwecke und Wahlkampfzwecke. Die Weitergabe an Dritte ist gestattet, sofern dabei auf diese Nutzungsbedingungen hingewiesen wird.<\/p>\n\n\n\n<div class=\"wp-block-media-text is-stacked-on-mobile\" style=\"grid-template-columns:25% auto\"><figure class=\"wp-block-media-text__media\"><img loading=\"lazy\" decoding=\"async\" width=\"640\" height=\"360\" src=\"https:\/\/www.demokratie-geschichte.de\/wp-content\/uploads\/2024\/10\/Sprenger16-9.jpg\" alt=\"\" class=\"wp-image-10838 size-full\" srcset=\"http:\/\/dg-dev.agentur-doppelstern.de\/wp-content\/uploads\/2024\/10\/Sprenger16-9.jpg 640w, http:\/\/dg-dev.agentur-doppelstern.de\/wp-content\/uploads\/2024\/10\/Sprenger16-9-300x169.jpg 300w\" sizes=\"auto, (max-width: 640px) 100vw, 640px\" \/><\/figure><div class=\"wp-block-media-text__content\">\n<p><a href=\"https:\/\/www.demokratie-geschichte.de\/wp-content\/uploads\/2024\/10\/DSC01136-scaled.jpg\" target=\"_blank\" rel=\"noreferrer noopener\">Dr. Kai-Michael Sprenger<\/a><br>Direktor der Stiftung Orte der deutschen Demokratiegeschichte<\/p>\n\n\n\n<p>Foto: SODG \/ Alexander Paul Englert<\/p>\n<\/div><\/div>\n\n\n\n<div style=\"height:24px\" aria-hidden=\"true\" class=\"wp-block-spacer\"><\/div>\n\n\n\n<p><strong>Logopaket<\/strong><\/p>\n\n\n\n<div class=\"wp-block-media-text is-stacked-on-mobile\" style=\"grid-template-columns:25% auto\"><figure class=\"wp-block-media-text__media\"><img loading=\"lazy\" decoding=\"async\" width=\"1024\" height=\"687\" src=\"https:\/\/www.demokratie-geschichte.de\/wp-content\/uploads\/2026\/03\/2024_CI_SODG-1024x687.png\" alt=\"\" class=\"wp-image-13451 size-full\" srcset=\"http:\/\/dg-dev.agentur-doppelstern.de\/wp-content\/uploads\/2026\/03\/2024_CI_SODG-1024x687.png 1024w, http:\/\/dg-dev.agentur-doppelstern.de\/wp-content\/uploads\/2026\/03\/2024_CI_SODG-300x201.png 300w, http:\/\/dg-dev.agentur-doppelstern.de\/wp-content\/uploads\/2026\/03\/2024_CI_SODG-768x515.png 768w, http:\/\/dg-dev.agentur-doppelstern.de\/wp-content\/uploads\/2026\/03\/2024_CI_SODG.png 1239w\" sizes=\"auto, (max-width: 1024px) 100vw, 1024px\" \/><\/figure><div class=\"wp-block-media-text__content\">\n<p><a href=\"https:\/\/www.demokratie-geschichte.de\/wp-content\/uploads\/2024\/10\/SODG-Logo-RGB-Screen.zip\" target=\"_blank\" rel=\"noreferrer noopener\">Logopaket f\u00fcr Digitalanwendungen (RGB)<\/a><br><a href=\"https:\/\/www.demokratie-geschichte.de\/wp-content\/uploads\/2024\/10\/SODG-Logo-4C-Druck.zip\" target=\"_blank\" rel=\"noreferrer noopener\">Logopaket f\u00fcr Druckanwendungen (CYMK)<\/a><\/p>\n\n\n\n<p><a href=\"https:\/\/www.demokratie-geschichte.de\/wp-content\/uploads\/2024\/10\/CorporateStyleguide_SODG_09_2024-1.pdf\" target=\"_blank\" rel=\"noreferrer noopener\">Styleguide<\/a><\/p>\n<\/div><\/div>\n\n\n\n<p><\/p>\n","protected":false},"excerpt":{"rendered":"<p>Dank f\u00fcr Ihr Interesse an der Stiftung Orte der deutschen Demokratiegeschichte. Sie m\u00f6chten zuk\u00fcnftig alle presse- und medienrelevanten Informationen erhalten? Schreiben Sie uns an presse.sodg@dnb.de und wir nehmen Sie gerne in unseren Presseverteiler auf. Hier stellen wir Ihnen Presse- und Medienmitteilungen sowie weitere Informationen zu unserer Arbeit zur Verf\u00fcgung. Sie haben Presse- oder Medienanfragen? Bitte [&hellip;]<\/p>\n","protected":false},"author":21,"featured_media":0,"parent":0,"menu_order":31,"comment_status":"closed","ping_status":"closed","template":"","meta":{"_acf_changed":false,"footnotes":""},"categories":[],"tags":[],"class_list":["post-9716","page","type-page","status-publish","hentry"],"acf":[],"yoast_head":"<!-- This site is optimized with the Yoast SEO plugin v27.3 - https:\/\/yoast.com\/product\/yoast-seo-wordpress\/ -->\n<title>Presse - Stiftung Orte der deutschen Demokratiegeschichte<\/title>\n<meta name=\"description\" content=\"Hier stellen wir Ihnen Presse- und Medienmitteilungen sowie weitere Informationen zu unserer Arbeit zur Verf\u00fcgung.\" \/>\n<meta name=\"robots\" content=\"index, follow, max-snippet:-1, max-image-preview:large, max-video-preview:-1\" \/>\n<link rel=\"canonical\" href=\"http:\/\/dg-dev.agentur-doppelstern.de\/httpdocs\/index.php\/presse\/\" \/>\n<meta property=\"og:locale\" content=\"de_DE\" \/>\n<meta property=\"og:type\" content=\"article\" \/>\n<meta property=\"og:title\" content=\"Presse - Stiftung Orte der deutschen Demokratiegeschichte\" \/>\n<meta property=\"og:description\" content=\"Hier stellen wir Ihnen Presse- und Medienmitteilungen sowie weitere Informationen zu unserer Arbeit zur Verf\u00fcgung.\" \/>\n<meta property=\"og:url\" content=\"http:\/\/dg-dev.agentur-doppelstern.de\/httpdocs\/index.php\/presse\/\" \/>\n<meta property=\"og:site_name\" content=\"Stiftung Orte der deutschen Demokratiegeschichte\" \/>\n<meta property=\"og:image\" content=\"https:\/\/www.demokratie-geschichte.de\/wp-content\/uploads\/2024\/10\/Sprenger16-9.jpg\" \/>\n<meta name=\"twitter:card\" content=\"summary_large_image\" \/>\n<meta name=\"twitter:label1\" content=\"Gesch\u00e4tzte Lesezeit\" \/>\n\t<meta name=\"twitter:data1\" content=\"2\u00a0Minuten\" \/>\n<script type=\"application\/ld+json\" class=\"yoast-schema-graph\">{\"@context\":\"https:\\\/\\\/schema.org\",\"@graph\":[{\"@type\":\"WebPage\",\"@id\":\"http:\\\/\\\/dg-dev.agentur-doppelstern.de\\\/httpdocs\\\/index.php\\\/presse\\\/\",\"url\":\"http:\\\/\\\/dg-dev.agentur-doppelstern.de\\\/httpdocs\\\/index.php\\\/presse\\\/\",\"name\":\"Presse - Stiftung Orte der deutschen Demokratiegeschichte\",\"isPartOf\":{\"@id\":\"http:\\\/\\\/dg-dev.agentur-doppelstern.de\\\/httpdocs\\\/index.php\\\/#website\"},\"primaryImageOfPage\":{\"@id\":\"http:\\\/\\\/dg-dev.agentur-doppelstern.de\\\/httpdocs\\\/index.php\\\/presse\\\/#primaryimage\"},\"image\":{\"@id\":\"http:\\\/\\\/dg-dev.agentur-doppelstern.de\\\/httpdocs\\\/index.php\\\/presse\\\/#primaryimage\"},\"thumbnailUrl\":\"https:\\\/\\\/www.demokratie-geschichte.de\\\/wp-content\\\/uploads\\\/2024\\\/10\\\/Sprenger16-9.jpg\",\"datePublished\":\"2024-05-19T21:58:26+00:00\",\"description\":\"Hier stellen wir Ihnen Presse- und Medienmitteilungen sowie weitere Informationen zu unserer Arbeit zur Verf\u00fcgung.\",\"breadcrumb\":{\"@id\":\"http:\\\/\\\/dg-dev.agentur-doppelstern.de\\\/httpdocs\\\/index.php\\\/presse\\\/#breadcrumb\"},\"inLanguage\":\"de\",\"potentialAction\":[{\"@type\":\"ReadAction\",\"target\":[\"http:\\\/\\\/dg-dev.agentur-doppelstern.de\\\/httpdocs\\\/index.php\\\/presse\\\/\"]}]},{\"@type\":\"ImageObject\",\"inLanguage\":\"de\",\"@id\":\"http:\\\/\\\/dg-dev.agentur-doppelstern.de\\\/httpdocs\\\/index.php\\\/presse\\\/#primaryimage\",\"url\":\"https:\\\/\\\/www.demokratie-geschichte.de\\\/wp-content\\\/uploads\\\/2024\\\/10\\\/Sprenger16-9.jpg\",\"contentUrl\":\"https:\\\/\\\/www.demokratie-geschichte.de\\\/wp-content\\\/uploads\\\/2024\\\/10\\\/Sprenger16-9.jpg\"},{\"@type\":\"BreadcrumbList\",\"@id\":\"http:\\\/\\\/dg-dev.agentur-doppelstern.de\\\/httpdocs\\\/index.php\\\/presse\\\/#breadcrumb\",\"itemListElement\":[{\"@type\":\"ListItem\",\"position\":1,\"name\":\"Startseite\",\"item\":\"http:\\\/\\\/dg-dev.agentur-doppelstern.de\\\/httpdocs\\\/index.php\\\/\"},{\"@type\":\"ListItem\",\"position\":2,\"name\":\"Presse\"}]},{\"@type\":\"WebSite\",\"@id\":\"http:\\\/\\\/dg-dev.agentur-doppelstern.de\\\/httpdocs\\\/index.php\\\/#website\",\"url\":\"http:\\\/\\\/dg-dev.agentur-doppelstern.de\\\/httpdocs\\\/index.php\\\/\",\"name\":\"Stiftung Orte der deutschen Demokratiegeschichte\",\"description\":\"\",\"potentialAction\":[{\"@type\":\"SearchAction\",\"target\":{\"@type\":\"EntryPoint\",\"urlTemplate\":\"http:\\\/\\\/dg-dev.agentur-doppelstern.de\\\/httpdocs\\\/index.php\\\/?s={search_term_string}\"},\"query-input\":{\"@type\":\"PropertyValueSpecification\",\"valueRequired\":true,\"valueName\":\"search_term_string\"}}],\"inLanguage\":\"de\"}]}<\/script>\n<!-- \/ Yoast SEO plugin. -->","yoast_head_json":{"title":"Presse - Stiftung Orte der deutschen Demokratiegeschichte","description":"Hier stellen wir Ihnen Presse- und Medienmitteilungen sowie weitere Informationen zu unserer Arbeit zur Verf\u00fcgung.","robots":{"index":"index","follow":"follow","max-snippet":"max-snippet:-1","max-image-preview":"max-image-preview:large","max-video-preview":"max-video-preview:-1"},"canonical":"http:\/\/dg-dev.agentur-doppelstern.de\/httpdocs\/index.php\/presse\/","og_locale":"de_DE","og_type":"article","og_title":"Presse - Stiftung Orte der deutschen Demokratiegeschichte","og_description":"Hier stellen wir Ihnen Presse- und Medienmitteilungen sowie weitere Informationen zu unserer Arbeit zur Verf\u00fcgung.","og_url":"http:\/\/dg-dev.agentur-doppelstern.de\/httpdocs\/index.php\/presse\/","og_site_name":"Stiftung Orte der deutschen Demokratiegeschichte","og_image":[{"url":"https:\/\/www.demokratie-geschichte.de\/wp-content\/uploads\/2024\/10\/Sprenger16-9.jpg","type":"","width":"","height":""}],"twitter_card":"summary_large_image","twitter_misc":{"Gesch\u00e4tzte Lesezeit":"2\u00a0Minuten"},"schema":{"@context":"https:\/\/schema.org","@graph":[{"@type":"WebPage","@id":"http:\/\/dg-dev.agentur-doppelstern.de\/httpdocs\/index.php\/presse\/","url":"http:\/\/dg-dev.agentur-doppelstern.de\/httpdocs\/index.php\/presse\/","name":"Presse - Stiftung Orte der deutschen Demokratiegeschichte","isPartOf":{"@id":"http:\/\/dg-dev.agentur-doppelstern.de\/httpdocs\/index.php\/#website"},"primaryImageOfPage":{"@id":"http:\/\/dg-dev.agentur-doppelstern.de\/httpdocs\/index.php\/presse\/#primaryimage"},"image":{"@id":"http:\/\/dg-dev.agentur-doppelstern.de\/httpdocs\/index.php\/presse\/#primaryimage"},"thumbnailUrl":"https:\/\/www.demokratie-geschichte.de\/wp-content\/uploads\/2024\/10\/Sprenger16-9.jpg","datePublished":"2024-05-19T21:58:26+00:00","description":"Hier stellen wir Ihnen Presse- und Medienmitteilungen sowie weitere Informationen zu unserer Arbeit zur Verf\u00fcgung.","breadcrumb":{"@id":"http:\/\/dg-dev.agentur-doppelstern.de\/httpdocs\/index.php\/presse\/#breadcrumb"},"inLanguage":"de","potentialAction":[{"@type":"ReadAction","target":["http:\/\/dg-dev.agentur-doppelstern.de\/httpdocs\/index.php\/presse\/"]}]},{"@type":"ImageObject","inLanguage":"de","@id":"http:\/\/dg-dev.agentur-doppelstern.de\/httpdocs\/index.php\/presse\/#primaryimage","url":"https:\/\/www.demokratie-geschichte.de\/wp-content\/uploads\/2024\/10\/Sprenger16-9.jpg","contentUrl":"https:\/\/www.demokratie-geschichte.de\/wp-content\/uploads\/2024\/10\/Sprenger16-9.jpg"},{"@type":"BreadcrumbList","@id":"http:\/\/dg-dev.agentur-doppelstern.de\/httpdocs\/index.php\/presse\/#breadcrumb","itemListElement":[{"@type":"ListItem","position":1,"name":"Startseite","item":"http:\/\/dg-dev.agentur-doppelstern.de\/httpdocs\/index.php\/"},{"@type":"ListItem","position":2,"name":"Presse"}]},{"@type":"WebSite","@id":"http:\/\/dg-dev.agentur-doppelstern.de\/httpdocs\/index.php\/#website","url":"http:\/\/dg-dev.agentur-doppelstern.de\/httpdocs\/index.php\/","name":"Stiftung Orte der deutschen Demokratiegeschichte","description":"","potentialAction":[{"@type":"SearchAction","target":{"@type":"EntryPoint","urlTemplate":"http:\/\/dg-dev.agentur-doppelstern.de\/httpdocs\/index.php\/?s={search_term_string}"},"query-input":{"@type":"PropertyValueSpecification","valueRequired":true,"valueName":"search_term_string"}}],"inLanguage":"de"}]}},"wps_subtitle":"","_links":{"self":[{"href":"http:\/\/dg-dev.agentur-doppelstern.de\/httpdocs\/index.php\/wp-json\/wp\/v2\/pages\/9716","targetHints":{"allow":["GET"]}}],"collection":[{"href":"http:\/\/dg-dev.agentur-doppelstern.de\/httpdocs\/index.php\/wp-json\/wp\/v2\/pages"}],"about":[{"href":"http:\/\/dg-dev.agentur-doppelstern.de\/httpdocs\/index.php\/wp-json\/wp\/v2\/types\/page"}],"author":[{"embeddable":true,"href":"http:\/\/dg-dev.agentur-doppelstern.de\/httpdocs\/index.php\/wp-json\/wp\/v2\/users\/21"}],"replies":[{"embeddable":true,"href":"http:\/\/dg-dev.agentur-doppelstern.de\/httpdocs\/index.php\/wp-json\/wp\/v2\/comments?post=9716"}],"version-history":[{"count":0,"href":"http:\/\/dg-dev.agentur-doppelstern.de\/httpdocs\/index.php\/wp-json\/wp\/v2\/pages\/9716\/revisions"}],"wp:attachment":[{"href":"http:\/\/dg-dev.agentur-doppelstern.de\/httpdocs\/index.php\/wp-json\/wp\/v2\/media?parent=9716"}],"wp:term":[{"taxonomy":"category","embeddable":true,"href":"http:\/\/dg-dev.agentur-doppelstern.de\/httpdocs\/index.php\/wp-json\/wp\/v2\/categories?post=9716"},{"taxonomy":"post_tag","embeddable":true,"href":"http:\/\/dg-dev.agentur-doppelstern.de\/httpdocs\/index.php\/wp-json\/wp\/v2\/tags?post=9716"}],"curies":[{"name":"wp","href":"https:\/\/api.w.org\/{rel}","templated":true}]}}