{"id":7610,"date":"2023-02-16T16:02:19","date_gmt":"2023-02-16T15:02:19","guid":{"rendered":"https:\/\/www.demokratie-geschichte.de\/index.php\/?page_id=7610"},"modified":"2023-02-21T14:44:00","modified_gmt":"2023-02-21T13:44:00","slug":"didaktikmaterial","status":"publish","type":"page","link":"http:\/\/dg-dev.agentur-doppelstern.de\/httpdocs\/index.php\/didaktikmaterial\/","title":{"rendered":"\u201e100 K\u00f6pfe der Demokratie\u201c in der Schule"},"content":{"rendered":"\n<h3 class=\"wp-block-heading\"><strong>Materialien f\u00fcr den Unterricht. Von Lehrkr\u00e4ften f\u00fcr Lehrkr\u00e4fte<\/strong><\/h3>\n\n\n\n<p class=\"has-medium-font-size\">In ganz Deutschland findet jede Woche Unterricht in Geschichte und Politik statt. Mit den \u201e100 K\u00f6pfen der Demokratie\u201c m\u00f6chten wir <strong>Lehrerinnen und Lehrer <\/strong>sowie <strong>Sch\u00fclerinnen und Sch\u00fcler <\/strong>dazu anregen, sich im Unterricht auch mit der wechselvollen Geschichte der Demokratie zu besch\u00e4ftigten.  <\/p>\n\n\n\n<p class=\"has-medium-font-size\">Auf dieser Seite bietet Ihnen die Stiftung eine <strong>Datenbank didaktischen Materials<\/strong> an, das Sie f\u00fcr den Unterricht verwenden k\u00f6nnen. Diese Handreichungen sind jeweils auf einen der \u201e100 K\u00f6pfe der Demokratie\u201c zugeschnitten und bieten verschiedene Aufgabenformate, vom der biographischen <strong>Recherche <\/strong>\u00fcber <strong>Quellenanalysen <\/strong>bis hin zu einem <strong>Digitalen Quiz<\/strong>. <\/p>\n\n\n\n<p class=\"has-medium-font-size\">Das Material versteht sich als Angebot <strong>von Lehrkr\u00e4ften f\u00fcr Lehrkr\u00e4fte<\/strong>. Lehrerinnen und Lehrer sind damit vertraut, didaktisch geeignetes Material auszuw\u00e4hlen und f\u00fcr den Unterricht aufzubereiten. Zugleich wissen Sie als Lehrkraft am besten, welches Material Sie f\u00fcr Ihren Unterricht verwenden wollen. Alle Handreichungen sind vollst\u00e4ndig oder teilweise verwendbar. <\/p>\n\n\n\n<p><strong><em>Hier finden Sie alle verf\u00fcgbaren Handreichungen. <\/em><\/strong><\/p>\n\n\n<p>DOWNLOADKACHELN<\/p>\n\n\n\n<h3 class=\"wp-block-heading\"><strong>Kann ich selbst eine Handreichung erarbeiten?<\/strong><\/h3>\n\n\n\n<p class=\"has-medium-font-size\">Sie sind Lehrerin oder Lehrer und daran interessiert, selbst eine Handreichung zu erstellen? \u00dcber Ihr Interesse freuen wir uns! Noch steht nicht f\u00fcr jeden der \u201e100 K\u00f6pfe der Demokratie\u201c eine eigene Handreichung bereit \u2013 und neue \u201eK\u00f6pfe\u201c kommen regelm\u00e4\u00dfig hinzu. <\/p>\n\n\n\n<p class=\"has-medium-font-size\">Wenn Sie sich eine Zusammenarbeit vorstellen k\u00f6nnen, stellen wir Ihnen als Grundlage ein <strong>didaktisch-methodisches Expos\u00e9 <\/strong>zur Verf\u00fcgung, das erste Vorschl\u00e4ge schulischen Arbeitens mit den \u201e100 K\u00f6pfen\u201c bereith\u00e4lt. Verzahnt mit diesem Expos\u00e9 ist ein \u00fcbersichtlicher <strong>Leitfaden<\/strong>, der \u00fcber Zuschnitt und Umfang der Handreichung informiert. F\u00fcr jede Handreichung zu einem der \u201eK\u00f6pfe\u201c erhalten Sie von uns ein Honorar von <strong>250<\/strong>\u20ac.<\/p>\n\n\n\n<h3 class=\"wp-block-heading\">&#8230;neugierig geworden? <\/h3>\n\n\n\n<p class=\"has-medium-font-size\">Werfen Sie gerne einen Blick in den <a href=\"https:\/\/www.demokratie-geschichte.de\/wp-content\/uploads\/2023\/02\/100K_Leitfaden2023.pdf\"><strong>Leitfaden<\/strong><\/a> oder <a href=\"mailto:100koepfe@stiftung-heuss-haus.de\"><strong>kontaktieren<\/strong><\/a> Sie uns, um das Expos\u00e9 zu erhalten \u2013 wir freuen uns auf Ihre Nachricht!<\/p>\n","protected":false},"excerpt":{"rendered":"<p>Materialien f\u00fcr den Unterricht. Von Lehrkr\u00e4ften f\u00fcr Lehrkr\u00e4fte In ganz Deutschland findet jede Woche Unterricht in Geschichte und Politik statt. Mit den \u201e100 K\u00f6pfen der Demokratie\u201c m\u00f6chten wir Lehrerinnen und Lehrer sowie Sch\u00fclerinnen und Sch\u00fcler dazu anregen, sich im Unterricht auch mit der wechselvollen Geschichte der Demokratie zu besch\u00e4ftigten. Auf dieser Seite bietet Ihnen die [&hellip;]<\/p>\n","protected":false},"author":9,"featured_media":0,"parent":0,"menu_order":39,"comment_status":"closed","ping_status":"closed","template":"","meta":{"_acf_changed":false,"footnotes":""},"categories":[14],"tags":[],"class_list":["post-7610","page","type-page","status-publish","hentry","category-koepfe"],"acf":[],"yoast_head":"<!-- This site is optimized with the Yoast SEO plugin v27.3 - https:\/\/yoast.com\/product\/yoast-seo-wordpress\/ -->\n<title>\u201e100 K\u00f6pfe der Demokratie\u201c in der Schule - Stiftung Orte der deutschen Demokratiegeschichte<\/title>\n<meta name=\"robots\" content=\"index, follow, max-snippet:-1, max-image-preview:large, max-video-preview:-1\" \/>\n<link rel=\"canonical\" href=\"http:\/\/dg-dev.agentur-doppelstern.de\/httpdocs\/index.php\/didaktikmaterial\/\" \/>\n<meta property=\"og:locale\" content=\"de_DE\" \/>\n<meta property=\"og:type\" content=\"article\" \/>\n<meta property=\"og:title\" content=\"\u201e100 K\u00f6pfe der Demokratie\u201c in der Schule - Stiftung Orte der deutschen Demokratiegeschichte\" \/>\n<meta property=\"og:description\" content=\"Materialien f\u00fcr den Unterricht. Von Lehrkr\u00e4ften f\u00fcr Lehrkr\u00e4fte In ganz Deutschland findet jede Woche Unterricht in Geschichte und Politik statt. Mit den \u201e100 K\u00f6pfen der Demokratie\u201c m\u00f6chten wir Lehrerinnen und Lehrer sowie Sch\u00fclerinnen und Sch\u00fcler dazu anregen, sich im Unterricht auch mit der wechselvollen Geschichte der Demokratie zu besch\u00e4ftigten. Auf dieser Seite bietet Ihnen die [&hellip;]\" \/>\n<meta property=\"og:url\" content=\"http:\/\/dg-dev.agentur-doppelstern.de\/httpdocs\/index.php\/didaktikmaterial\/\" \/>\n<meta property=\"og:site_name\" content=\"Stiftung Orte der deutschen Demokratiegeschichte\" \/>\n<meta property=\"article:modified_time\" content=\"2023-02-21T13:44:00+00:00\" \/>\n<meta name=\"twitter:card\" content=\"summary_large_image\" \/>\n<meta name=\"twitter:label1\" content=\"Gesch\u00e4tzte Lesezeit\" \/>\n\t<meta name=\"twitter:data1\" content=\"2\u00a0Minuten\" \/>\n<script type=\"application\/ld+json\" class=\"yoast-schema-graph\">{\"@context\":\"https:\\\/\\\/schema.org\",\"@graph\":[{\"@type\":\"WebPage\",\"@id\":\"http:\\\/\\\/dg-dev.agentur-doppelstern.de\\\/httpdocs\\\/index.php\\\/didaktikmaterial\\\/\",\"url\":\"http:\\\/\\\/dg-dev.agentur-doppelstern.de\\\/httpdocs\\\/index.php\\\/didaktikmaterial\\\/\",\"name\":\"\u201e100 K\u00f6pfe der Demokratie\u201c in der Schule - Stiftung Orte der deutschen Demokratiegeschichte\",\"isPartOf\":{\"@id\":\"http:\\\/\\\/dg-dev.agentur-doppelstern.de\\\/httpdocs\\\/index.php\\\/#website\"},\"datePublished\":\"2023-02-16T15:02:19+00:00\",\"dateModified\":\"2023-02-21T13:44:00+00:00\",\"breadcrumb\":{\"@id\":\"http:\\\/\\\/dg-dev.agentur-doppelstern.de\\\/httpdocs\\\/index.php\\\/didaktikmaterial\\\/#breadcrumb\"},\"inLanguage\":\"de\",\"potentialAction\":[{\"@type\":\"ReadAction\",\"target\":[\"http:\\\/\\\/dg-dev.agentur-doppelstern.de\\\/httpdocs\\\/index.php\\\/didaktikmaterial\\\/\"]}]},{\"@type\":\"BreadcrumbList\",\"@id\":\"http:\\\/\\\/dg-dev.agentur-doppelstern.de\\\/httpdocs\\\/index.php\\\/didaktikmaterial\\\/#breadcrumb\",\"itemListElement\":[{\"@type\":\"ListItem\",\"position\":1,\"name\":\"Startseite\",\"item\":\"http:\\\/\\\/dg-dev.agentur-doppelstern.de\\\/httpdocs\\\/index.php\\\/\"},{\"@type\":\"ListItem\",\"position\":2,\"name\":\"\u201e100 K\u00f6pfe der Demokratie\u201c in der Schule\"}]},{\"@type\":\"WebSite\",\"@id\":\"http:\\\/\\\/dg-dev.agentur-doppelstern.de\\\/httpdocs\\\/index.php\\\/#website\",\"url\":\"http:\\\/\\\/dg-dev.agentur-doppelstern.de\\\/httpdocs\\\/index.php\\\/\",\"name\":\"Stiftung Orte der deutschen Demokratiegeschichte\",\"description\":\"\",\"potentialAction\":[{\"@type\":\"SearchAction\",\"target\":{\"@type\":\"EntryPoint\",\"urlTemplate\":\"http:\\\/\\\/dg-dev.agentur-doppelstern.de\\\/httpdocs\\\/index.php\\\/?s={search_term_string}\"},\"query-input\":{\"@type\":\"PropertyValueSpecification\",\"valueRequired\":true,\"valueName\":\"search_term_string\"}}],\"inLanguage\":\"de\"}]}<\/script>\n<!-- \/ Yoast SEO plugin. -->","yoast_head_json":{"title":"\u201e100 K\u00f6pfe der Demokratie\u201c in der Schule - Stiftung Orte der deutschen Demokratiegeschichte","robots":{"index":"index","follow":"follow","max-snippet":"max-snippet:-1","max-image-preview":"max-image-preview:large","max-video-preview":"max-video-preview:-1"},"canonical":"http:\/\/dg-dev.agentur-doppelstern.de\/httpdocs\/index.php\/didaktikmaterial\/","og_locale":"de_DE","og_type":"article","og_title":"\u201e100 K\u00f6pfe der Demokratie\u201c in der Schule - Stiftung Orte der deutschen Demokratiegeschichte","og_description":"Materialien f\u00fcr den Unterricht. Von Lehrkr\u00e4ften f\u00fcr Lehrkr\u00e4fte In ganz Deutschland findet jede Woche Unterricht in Geschichte und Politik statt. Mit den \u201e100 K\u00f6pfen der Demokratie\u201c m\u00f6chten wir Lehrerinnen und Lehrer sowie Sch\u00fclerinnen und Sch\u00fcler dazu anregen, sich im Unterricht auch mit der wechselvollen Geschichte der Demokratie zu besch\u00e4ftigten. Auf dieser Seite bietet Ihnen die [&hellip;]","og_url":"http:\/\/dg-dev.agentur-doppelstern.de\/httpdocs\/index.php\/didaktikmaterial\/","og_site_name":"Stiftung Orte der deutschen Demokratiegeschichte","article_modified_time":"2023-02-21T13:44:00+00:00","twitter_card":"summary_large_image","twitter_misc":{"Gesch\u00e4tzte Lesezeit":"2\u00a0Minuten"},"schema":{"@context":"https:\/\/schema.org","@graph":[{"@type":"WebPage","@id":"http:\/\/dg-dev.agentur-doppelstern.de\/httpdocs\/index.php\/didaktikmaterial\/","url":"http:\/\/dg-dev.agentur-doppelstern.de\/httpdocs\/index.php\/didaktikmaterial\/","name":"\u201e100 K\u00f6pfe der Demokratie\u201c in der Schule - Stiftung Orte der deutschen Demokratiegeschichte","isPartOf":{"@id":"http:\/\/dg-dev.agentur-doppelstern.de\/httpdocs\/index.php\/#website"},"datePublished":"2023-02-16T15:02:19+00:00","dateModified":"2023-02-21T13:44:00+00:00","breadcrumb":{"@id":"http:\/\/dg-dev.agentur-doppelstern.de\/httpdocs\/index.php\/didaktikmaterial\/#breadcrumb"},"inLanguage":"de","potentialAction":[{"@type":"ReadAction","target":["http:\/\/dg-dev.agentur-doppelstern.de\/httpdocs\/index.php\/didaktikmaterial\/"]}]},{"@type":"BreadcrumbList","@id":"http:\/\/dg-dev.agentur-doppelstern.de\/httpdocs\/index.php\/didaktikmaterial\/#breadcrumb","itemListElement":[{"@type":"ListItem","position":1,"name":"Startseite","item":"http:\/\/dg-dev.agentur-doppelstern.de\/httpdocs\/index.php\/"},{"@type":"ListItem","position":2,"name":"\u201e100 K\u00f6pfe der Demokratie\u201c in der Schule"}]},{"@type":"WebSite","@id":"http:\/\/dg-dev.agentur-doppelstern.de\/httpdocs\/index.php\/#website","url":"http:\/\/dg-dev.agentur-doppelstern.de\/httpdocs\/index.php\/","name":"Stiftung Orte der deutschen Demokratiegeschichte","description":"","potentialAction":[{"@type":"SearchAction","target":{"@type":"EntryPoint","urlTemplate":"http:\/\/dg-dev.agentur-doppelstern.de\/httpdocs\/index.php\/?s={search_term_string}"},"query-input":{"@type":"PropertyValueSpecification","valueRequired":true,"valueName":"search_term_string"}}],"inLanguage":"de"}]}},"wps_subtitle":"Untertitel?","_links":{"self":[{"href":"http:\/\/dg-dev.agentur-doppelstern.de\/httpdocs\/index.php\/wp-json\/wp\/v2\/pages\/7610","targetHints":{"allow":["GET"]}}],"collection":[{"href":"http:\/\/dg-dev.agentur-doppelstern.de\/httpdocs\/index.php\/wp-json\/wp\/v2\/pages"}],"about":[{"href":"http:\/\/dg-dev.agentur-doppelstern.de\/httpdocs\/index.php\/wp-json\/wp\/v2\/types\/page"}],"author":[{"embeddable":true,"href":"http:\/\/dg-dev.agentur-doppelstern.de\/httpdocs\/index.php\/wp-json\/wp\/v2\/users\/9"}],"replies":[{"embeddable":true,"href":"http:\/\/dg-dev.agentur-doppelstern.de\/httpdocs\/index.php\/wp-json\/wp\/v2\/comments?post=7610"}],"version-history":[{"count":29,"href":"http:\/\/dg-dev.agentur-doppelstern.de\/httpdocs\/index.php\/wp-json\/wp\/v2\/pages\/7610\/revisions"}],"predecessor-version":[{"id":7801,"href":"http:\/\/dg-dev.agentur-doppelstern.de\/httpdocs\/index.php\/wp-json\/wp\/v2\/pages\/7610\/revisions\/7801"}],"wp:attachment":[{"href":"http:\/\/dg-dev.agentur-doppelstern.de\/httpdocs\/index.php\/wp-json\/wp\/v2\/media?parent=7610"}],"wp:term":[{"taxonomy":"category","embeddable":true,"href":"http:\/\/dg-dev.agentur-doppelstern.de\/httpdocs\/index.php\/wp-json\/wp\/v2\/categories?post=7610"},{"taxonomy":"post_tag","embeddable":true,"href":"http:\/\/dg-dev.agentur-doppelstern.de\/httpdocs\/index.php\/wp-json\/wp\/v2\/tags?post=7610"}],"curies":[{"name":"wp","href":"https:\/\/api.w.org\/{rel}","templated":true}]}}