{"id":7597,"date":"2023-02-17T12:06:21","date_gmt":"2023-02-17T11:06:21","guid":{"rendered":"https:\/\/www.demokratie-geschichte.de\/index.php\/?page_id=7597"},"modified":"2024-02-20T09:31:46","modified_gmt":"2024-02-20T08:31:46","slug":"veranstaltungskooperationen","status":"publish","type":"page","link":"http:\/\/dg-dev.agentur-doppelstern.de\/httpdocs\/index.php\/veranstaltungskooperationen\/","title":{"rendered":"\u201e100 K\u00f6pfe der Demokratie\u201c. Vor Ort!"},"content":{"rendered":"\n<div class=\"wp-block-columns is-layout-flex wp-container-core-columns-is-layout-28f84493 wp-block-columns-is-layout-flex\">\n<div class=\"wp-block-column is-layout-flow wp-block-column-is-layout-flow\">\n<figure class=\"wp-block-image size-large\"><img loading=\"lazy\" decoding=\"async\" width=\"1024\" height=\"998\" src=\"https:\/\/www.demokratie-geschichte.de\/wp-content\/uploads\/2023\/11\/Bildschirmfoto-2023-11-29-um-17.21.14-1024x998.png\" alt=\"\" class=\"wp-image-9174\" srcset=\"http:\/\/dg-dev.agentur-doppelstern.de\/wp-content\/uploads\/2023\/11\/Bildschirmfoto-2023-11-29-um-17.21.14-1024x998.png 1024w, http:\/\/dg-dev.agentur-doppelstern.de\/wp-content\/uploads\/2023\/11\/Bildschirmfoto-2023-11-29-um-17.21.14-300x292.png 300w, http:\/\/dg-dev.agentur-doppelstern.de\/wp-content\/uploads\/2023\/11\/Bildschirmfoto-2023-11-29-um-17.21.14-768x749.png 768w, http:\/\/dg-dev.agentur-doppelstern.de\/wp-content\/uploads\/2023\/11\/Bildschirmfoto-2023-11-29-um-17.21.14.png 1030w\" sizes=\"auto, (max-width: 1024px) 100vw, 1024px\" \/><\/figure>\n<\/div>\n\n\n\n<div class=\"wp-block-column is-layout-flow wp-block-column-is-layout-flow\">\n<h2 class=\"wp-block-heading\"><strong>Veranstaltungskooperationen<\/strong><\/h2>\n\n\n\n<p class=\"has-medium-font-size\">Mit den \u201e100 K\u00f6pfen der Demokratie\u201c m\u00f6chten wir zur Besch\u00e4ftigung mit den vielen verschiedenen Wegen der deutschen Demokratiewerdung anregen \u2013 digital, vor Ort, und mit Ihnen zusammen. Und viele von Ihnen haben unser Angebot zur bereits Kooperation angenommen! In Schulen und Bibliotheken, in Geschichtswerkst\u00e4tten und Archiven, auf B\u00fchnen und auf der Stra\u00dfe \u2013 bundesweit bringen wir seit 2021 gemeinsam mit Ihnen Veranstaltungen zu einzelnen der \u201e100 K\u00f6pfe\u201c auf den Weg. An diese Erfolge wollen wir weiter ankn\u00fcpfen. <\/p>\n<\/div>\n<\/div>\n\n\n\n<h3 class=\"wp-block-heading\"><strong>F\u00fcr Personen, Vereine und Institutionen in L\u00e4ndlichen R\u00e4umen Deutschlands besteht ab 2024 ein <a href=\"https:\/\/www.demokratie-geschichte.de\/index.php\/aufdemland\/\"><mark style=\"background-color:rgba(0, 0, 0, 0)\" class=\"has-inline-color has-vivid-green-cyan-color\">Extraangebot<\/mark><\/a>.<\/strong><\/h3>\n\n\n\n<h3 class=\"wp-block-heading\"><strong>F\u00fcr \u00f6ffentliche Institutionen und zivilgesellschaftliche Organisationen:<\/strong><\/h3>\n\n\n\n<p class=\"has-medium-font-size\">Sie haben eine Idee f\u00fcr eine Veranstaltung? Gerne beraten wir sie bei der <strong>Konzeption<\/strong> und <strong>Umsetzung<\/strong>, auch stellen wir Ihnen unser Netzwerk aus <strong>Referenten<\/strong> und <strong>Expertinnen<\/strong> zur Verf\u00fcgung. Vor allem aber wird sich die Stiftung mit bis zu <strong>300,00 \u20ac<\/strong> beteiligen, sofern Sie eine Veranstaltung zu einem der \u201e100 K\u00f6pfe\u201c realisieren m\u00f6chten und solange wir \u00fcber ausreichend Mittel verf\u00fcgen.<\/p>\n\n\n\n<h3 class=\"wp-block-heading has-medium-font-size\"><strong>F\u00fcr Lehrerinnen und Lehrer:<\/strong><\/h3>\n\n\n\n<p class=\"has-text-align-left has-medium-font-size\">Sie sind <strong>Lehrkraft <\/strong>und wollen Ihren Sch\u00fclerinnen und Sch\u00fclern spannende Angebote zur Geschichte der Demokratie in Deutschland machen? Dann bereichern Sie ihren Unterricht mithilfe der \u201e100 K\u00f6pfe\u201c! Auch f\u00fcr <strong>Schulen <\/strong>steht unser <strong>Netzwerk <\/strong>zur Verf\u00fcgung. Gerne beraten wir zu M\u00f6glichkeiten \u2013 von der einzelnen Unterrichtsstunde bis hin zu einer <strong>Projektwoche<\/strong>. Auch f\u00fcr Veranstaltungen zu den \u201e100 K\u00f6pfen\u201c  in Schulen stehen bis zu <strong>300,00 \u20ac<\/strong> zur Verf\u00fcgung, f\u00fcr Projektwochen sogar bis zu <strong>500,00 \u20ac<\/strong> \u2013 bis die Mittel ausgereizt sind. <\/p>\n\n\n\n<p><\/p>\n\n\n\n<p class=\"has-medium-font-size\">Diese Mittel k\u00f6nnen Sie nutzen, um z. B. f\u00fcr Veranstaltungen<\/p>\n\n\n\n<ul class=\"wp-block-list\">\n<li class=\"has-medium-font-size\"><strong>einen Raum anzumieten<\/strong>,<\/li>\n\n\n\n<li class=\"has-medium-font-size\"><strong>die Werbetrommel zu r\u00fchren<\/strong>,<\/li>\n\n\n\n<li class=\"has-medium-font-size\"><strong>Expertinnen und Referenten einzuladen<\/strong>,<\/li>\n\n\n\n<li class=\"has-medium-font-size\"><strong>Speisen und (alkoholfreie) Getr\u00e4nke anzubieten<\/strong>,<\/li>\n\n\n\n<li class=\"has-medium-font-size\"><strong>Organisatoren kleinere Aufwandsentsch\u00e4digungen zu zahlen<\/strong>.<\/li>\n<\/ul>\n\n\n\n<h3 class=\"wp-block-heading\"><strong>&#8230;neugierig geworden? <\/strong><\/h3>\n\n\n\n<p class=\"has-medium-font-size\">Suchen Sie sich <a href=\"https:\/\/www.demokratie-geschichte.de\/koepfe\/a-z.php\"><strong>hier<\/strong><\/a> einen \u201eKopf\u201c aus, den sie spannend finden \u2013 oder <a href=\"mailto:100koepfe@stiftung-heuss-haus.de\"><strong>kontaktieren<\/strong><\/a><strong> <\/strong>Sie uns direkt! Wir freuen uns, mit Ihnen die \u201e100 K\u00f6pfe der Demokratie\u201c auch in Ihren Ort zu bringen!<\/p>\n","protected":false},"excerpt":{"rendered":"<p>Veranstaltungskooperationen Mit den \u201e100 K\u00f6pfen der Demokratie\u201c m\u00f6chten wir zur Besch\u00e4ftigung mit den vielen verschiedenen Wegen der deutschen Demokratiewerdung anregen \u2013 digital, vor Ort, und mit Ihnen zusammen. Und viele von Ihnen haben unser Angebot zur bereits Kooperation angenommen! In Schulen und Bibliotheken, in Geschichtswerkst\u00e4tten und Archiven, auf B\u00fchnen und auf der Stra\u00dfe \u2013 bundesweit [&hellip;]<\/p>\n","protected":false},"author":9,"featured_media":0,"parent":0,"menu_order":40,"comment_status":"closed","ping_status":"closed","template":"","meta":{"_acf_changed":false,"footnotes":""},"categories":[14],"tags":[],"class_list":["post-7597","page","type-page","status-publish","hentry","category-koepfe"],"acf":[],"yoast_head":"<!-- This site is optimized with the Yoast SEO plugin v27.3 - https:\/\/yoast.com\/product\/yoast-seo-wordpress\/ -->\n<title>\u201e100 K\u00f6pfe der Demokratie\u201c. Vor Ort! - Stiftung Orte der deutschen Demokratiegeschichte<\/title>\n<meta name=\"robots\" content=\"index, follow, max-snippet:-1, max-image-preview:large, max-video-preview:-1\" \/>\n<link rel=\"canonical\" href=\"http:\/\/dg-dev.agentur-doppelstern.de\/httpdocs\/index.php\/veranstaltungskooperationen\/\" \/>\n<meta property=\"og:locale\" content=\"de_DE\" \/>\n<meta property=\"og:type\" content=\"article\" \/>\n<meta property=\"og:title\" content=\"\u201e100 K\u00f6pfe der Demokratie\u201c. Vor Ort! - Stiftung Orte der deutschen Demokratiegeschichte\" \/>\n<meta property=\"og:description\" content=\"Veranstaltungskooperationen Mit den \u201e100 K\u00f6pfen der Demokratie\u201c m\u00f6chten wir zur Besch\u00e4ftigung mit den vielen verschiedenen Wegen der deutschen Demokratiewerdung anregen \u2013 digital, vor Ort, und mit Ihnen zusammen. Und viele von Ihnen haben unser Angebot zur bereits Kooperation angenommen! In Schulen und Bibliotheken, in Geschichtswerkst\u00e4tten und Archiven, auf B\u00fchnen und auf der Stra\u00dfe \u2013 bundesweit [&hellip;]\" \/>\n<meta property=\"og:url\" content=\"http:\/\/dg-dev.agentur-doppelstern.de\/httpdocs\/index.php\/veranstaltungskooperationen\/\" \/>\n<meta property=\"og:site_name\" content=\"Stiftung Orte der deutschen Demokratiegeschichte\" \/>\n<meta property=\"article:modified_time\" content=\"2024-02-20T08:31:46+00:00\" \/>\n<meta property=\"og:image\" content=\"https:\/\/www.demokratie-geschichte.de\/wp-content\/uploads\/2023\/11\/Bildschirmfoto-2023-11-29-um-17.21.14-1024x998.png\" \/>\n<meta name=\"twitter:card\" content=\"summary_large_image\" \/>\n<meta name=\"twitter:label1\" content=\"Gesch\u00e4tzte Lesezeit\" \/>\n\t<meta name=\"twitter:data1\" content=\"2\u00a0Minuten\" \/>\n<script type=\"application\/ld+json\" class=\"yoast-schema-graph\">{\"@context\":\"https:\\\/\\\/schema.org\",\"@graph\":[{\"@type\":\"WebPage\",\"@id\":\"http:\\\/\\\/dg-dev.agentur-doppelstern.de\\\/httpdocs\\\/index.php\\\/veranstaltungskooperationen\\\/\",\"url\":\"http:\\\/\\\/dg-dev.agentur-doppelstern.de\\\/httpdocs\\\/index.php\\\/veranstaltungskooperationen\\\/\",\"name\":\"\u201e100 K\u00f6pfe der Demokratie\u201c. Vor Ort! - Stiftung Orte der deutschen Demokratiegeschichte\",\"isPartOf\":{\"@id\":\"http:\\\/\\\/dg-dev.agentur-doppelstern.de\\\/httpdocs\\\/index.php\\\/#website\"},\"primaryImageOfPage\":{\"@id\":\"http:\\\/\\\/dg-dev.agentur-doppelstern.de\\\/httpdocs\\\/index.php\\\/veranstaltungskooperationen\\\/#primaryimage\"},\"image\":{\"@id\":\"http:\\\/\\\/dg-dev.agentur-doppelstern.de\\\/httpdocs\\\/index.php\\\/veranstaltungskooperationen\\\/#primaryimage\"},\"thumbnailUrl\":\"https:\\\/\\\/www.demokratie-geschichte.de\\\/wp-content\\\/uploads\\\/2023\\\/11\\\/Bildschirmfoto-2023-11-29-um-17.21.14-1024x998.png\",\"datePublished\":\"2023-02-17T11:06:21+00:00\",\"dateModified\":\"2024-02-20T08:31:46+00:00\",\"breadcrumb\":{\"@id\":\"http:\\\/\\\/dg-dev.agentur-doppelstern.de\\\/httpdocs\\\/index.php\\\/veranstaltungskooperationen\\\/#breadcrumb\"},\"inLanguage\":\"de\",\"potentialAction\":[{\"@type\":\"ReadAction\",\"target\":[\"http:\\\/\\\/dg-dev.agentur-doppelstern.de\\\/httpdocs\\\/index.php\\\/veranstaltungskooperationen\\\/\"]}]},{\"@type\":\"ImageObject\",\"inLanguage\":\"de\",\"@id\":\"http:\\\/\\\/dg-dev.agentur-doppelstern.de\\\/httpdocs\\\/index.php\\\/veranstaltungskooperationen\\\/#primaryimage\",\"url\":\"https:\\\/\\\/www.demokratie-geschichte.de\\\/wp-content\\\/uploads\\\/2023\\\/11\\\/Bildschirmfoto-2023-11-29-um-17.21.14-1024x998.png\",\"contentUrl\":\"https:\\\/\\\/www.demokratie-geschichte.de\\\/wp-content\\\/uploads\\\/2023\\\/11\\\/Bildschirmfoto-2023-11-29-um-17.21.14-1024x998.png\"},{\"@type\":\"BreadcrumbList\",\"@id\":\"http:\\\/\\\/dg-dev.agentur-doppelstern.de\\\/httpdocs\\\/index.php\\\/veranstaltungskooperationen\\\/#breadcrumb\",\"itemListElement\":[{\"@type\":\"ListItem\",\"position\":1,\"name\":\"Startseite\",\"item\":\"http:\\\/\\\/dg-dev.agentur-doppelstern.de\\\/httpdocs\\\/index.php\\\/\"},{\"@type\":\"ListItem\",\"position\":2,\"name\":\"\u201e100 K\u00f6pfe der Demokratie\u201c. Vor Ort!\"}]},{\"@type\":\"WebSite\",\"@id\":\"http:\\\/\\\/dg-dev.agentur-doppelstern.de\\\/httpdocs\\\/index.php\\\/#website\",\"url\":\"http:\\\/\\\/dg-dev.agentur-doppelstern.de\\\/httpdocs\\\/index.php\\\/\",\"name\":\"Stiftung Orte der deutschen Demokratiegeschichte\",\"description\":\"\",\"potentialAction\":[{\"@type\":\"SearchAction\",\"target\":{\"@type\":\"EntryPoint\",\"urlTemplate\":\"http:\\\/\\\/dg-dev.agentur-doppelstern.de\\\/httpdocs\\\/index.php\\\/?s={search_term_string}\"},\"query-input\":{\"@type\":\"PropertyValueSpecification\",\"valueRequired\":true,\"valueName\":\"search_term_string\"}}],\"inLanguage\":\"de\"}]}<\/script>\n<!-- \/ Yoast SEO plugin. -->","yoast_head_json":{"title":"\u201e100 K\u00f6pfe der Demokratie\u201c. Vor Ort! - Stiftung Orte der deutschen Demokratiegeschichte","robots":{"index":"index","follow":"follow","max-snippet":"max-snippet:-1","max-image-preview":"max-image-preview:large","max-video-preview":"max-video-preview:-1"},"canonical":"http:\/\/dg-dev.agentur-doppelstern.de\/httpdocs\/index.php\/veranstaltungskooperationen\/","og_locale":"de_DE","og_type":"article","og_title":"\u201e100 K\u00f6pfe der Demokratie\u201c. Vor Ort! - Stiftung Orte der deutschen Demokratiegeschichte","og_description":"Veranstaltungskooperationen Mit den \u201e100 K\u00f6pfen der Demokratie\u201c m\u00f6chten wir zur Besch\u00e4ftigung mit den vielen verschiedenen Wegen der deutschen Demokratiewerdung anregen \u2013 digital, vor Ort, und mit Ihnen zusammen. Und viele von Ihnen haben unser Angebot zur bereits Kooperation angenommen! In Schulen und Bibliotheken, in Geschichtswerkst\u00e4tten und Archiven, auf B\u00fchnen und auf der Stra\u00dfe \u2013 bundesweit [&hellip;]","og_url":"http:\/\/dg-dev.agentur-doppelstern.de\/httpdocs\/index.php\/veranstaltungskooperationen\/","og_site_name":"Stiftung Orte der deutschen Demokratiegeschichte","article_modified_time":"2024-02-20T08:31:46+00:00","og_image":[{"url":"https:\/\/www.demokratie-geschichte.de\/wp-content\/uploads\/2023\/11\/Bildschirmfoto-2023-11-29-um-17.21.14-1024x998.png","type":"","width":"","height":""}],"twitter_card":"summary_large_image","twitter_misc":{"Gesch\u00e4tzte Lesezeit":"2\u00a0Minuten"},"schema":{"@context":"https:\/\/schema.org","@graph":[{"@type":"WebPage","@id":"http:\/\/dg-dev.agentur-doppelstern.de\/httpdocs\/index.php\/veranstaltungskooperationen\/","url":"http:\/\/dg-dev.agentur-doppelstern.de\/httpdocs\/index.php\/veranstaltungskooperationen\/","name":"\u201e100 K\u00f6pfe der Demokratie\u201c. Vor Ort! - Stiftung Orte der deutschen Demokratiegeschichte","isPartOf":{"@id":"http:\/\/dg-dev.agentur-doppelstern.de\/httpdocs\/index.php\/#website"},"primaryImageOfPage":{"@id":"http:\/\/dg-dev.agentur-doppelstern.de\/httpdocs\/index.php\/veranstaltungskooperationen\/#primaryimage"},"image":{"@id":"http:\/\/dg-dev.agentur-doppelstern.de\/httpdocs\/index.php\/veranstaltungskooperationen\/#primaryimage"},"thumbnailUrl":"https:\/\/www.demokratie-geschichte.de\/wp-content\/uploads\/2023\/11\/Bildschirmfoto-2023-11-29-um-17.21.14-1024x998.png","datePublished":"2023-02-17T11:06:21+00:00","dateModified":"2024-02-20T08:31:46+00:00","breadcrumb":{"@id":"http:\/\/dg-dev.agentur-doppelstern.de\/httpdocs\/index.php\/veranstaltungskooperationen\/#breadcrumb"},"inLanguage":"de","potentialAction":[{"@type":"ReadAction","target":["http:\/\/dg-dev.agentur-doppelstern.de\/httpdocs\/index.php\/veranstaltungskooperationen\/"]}]},{"@type":"ImageObject","inLanguage":"de","@id":"http:\/\/dg-dev.agentur-doppelstern.de\/httpdocs\/index.php\/veranstaltungskooperationen\/#primaryimage","url":"https:\/\/www.demokratie-geschichte.de\/wp-content\/uploads\/2023\/11\/Bildschirmfoto-2023-11-29-um-17.21.14-1024x998.png","contentUrl":"https:\/\/www.demokratie-geschichte.de\/wp-content\/uploads\/2023\/11\/Bildschirmfoto-2023-11-29-um-17.21.14-1024x998.png"},{"@type":"BreadcrumbList","@id":"http:\/\/dg-dev.agentur-doppelstern.de\/httpdocs\/index.php\/veranstaltungskooperationen\/#breadcrumb","itemListElement":[{"@type":"ListItem","position":1,"name":"Startseite","item":"http:\/\/dg-dev.agentur-doppelstern.de\/httpdocs\/index.php\/"},{"@type":"ListItem","position":2,"name":"\u201e100 K\u00f6pfe der Demokratie\u201c. Vor Ort!"}]},{"@type":"WebSite","@id":"http:\/\/dg-dev.agentur-doppelstern.de\/httpdocs\/index.php\/#website","url":"http:\/\/dg-dev.agentur-doppelstern.de\/httpdocs\/index.php\/","name":"Stiftung Orte der deutschen Demokratiegeschichte","description":"","potentialAction":[{"@type":"SearchAction","target":{"@type":"EntryPoint","urlTemplate":"http:\/\/dg-dev.agentur-doppelstern.de\/httpdocs\/index.php\/?s={search_term_string}"},"query-input":{"@type":"PropertyValueSpecification","valueRequired":true,"valueName":"search_term_string"}}],"inLanguage":"de"}]}},"wps_subtitle":"","_links":{"self":[{"href":"http:\/\/dg-dev.agentur-doppelstern.de\/httpdocs\/index.php\/wp-json\/wp\/v2\/pages\/7597","targetHints":{"allow":["GET"]}}],"collection":[{"href":"http:\/\/dg-dev.agentur-doppelstern.de\/httpdocs\/index.php\/wp-json\/wp\/v2\/pages"}],"about":[{"href":"http:\/\/dg-dev.agentur-doppelstern.de\/httpdocs\/index.php\/wp-json\/wp\/v2\/types\/page"}],"author":[{"embeddable":true,"href":"http:\/\/dg-dev.agentur-doppelstern.de\/httpdocs\/index.php\/wp-json\/wp\/v2\/users\/9"}],"replies":[{"embeddable":true,"href":"http:\/\/dg-dev.agentur-doppelstern.de\/httpdocs\/index.php\/wp-json\/wp\/v2\/comments?post=7597"}],"version-history":[{"count":31,"href":"http:\/\/dg-dev.agentur-doppelstern.de\/httpdocs\/index.php\/wp-json\/wp\/v2\/pages\/7597\/revisions"}],"predecessor-version":[{"id":9496,"href":"http:\/\/dg-dev.agentur-doppelstern.de\/httpdocs\/index.php\/wp-json\/wp\/v2\/pages\/7597\/revisions\/9496"}],"wp:attachment":[{"href":"http:\/\/dg-dev.agentur-doppelstern.de\/httpdocs\/index.php\/wp-json\/wp\/v2\/media?parent=7597"}],"wp:term":[{"taxonomy":"category","embeddable":true,"href":"http:\/\/dg-dev.agentur-doppelstern.de\/httpdocs\/index.php\/wp-json\/wp\/v2\/categories?post=7597"},{"taxonomy":"post_tag","embeddable":true,"href":"http:\/\/dg-dev.agentur-doppelstern.de\/httpdocs\/index.php\/wp-json\/wp\/v2\/tags?post=7597"}],"curies":[{"name":"wp","href":"https:\/\/api.w.org\/{rel}","templated":true}]}}