{"id":515,"date":"2020-05-06T14:37:16","date_gmt":"2020-05-06T12:37:16","guid":{"rendered":"http:\/\/demokratie-geschichte.de\/?page_id=515"},"modified":"2024-10-09T18:09:55","modified_gmt":"2024-10-09T16:09:55","slug":"impressum","status":"publish","type":"page","link":"http:\/\/dg-dev.agentur-doppelstern.de\/httpdocs\/index.php\/impressum\/","title":{"rendered":"Impressum"},"content":{"rendered":"\n<p>Stiftung Orte der deutschen Demokratiegeschichte<br>Adickesallee 1<br>60322 Frankfurt am Main<\/p>\n\n\n\n<p>Fon: +49 (0)69 1525 125-4<\/p>\n\n\n\n<p>E-Mail: <a href=\"mailto:demokratiegeschichte@dnb.de\">demokratiegeschichte@dnb.de<\/a><\/p>\n\n\n\n<p>Website: <a href=\"http:\/\/www.demokratie-geschichte.de\">www.demokratie-geschichte.de<\/a><\/p>\n\n\n\n<p>Die Stiftung Orte der deutschen Demokratiegeschichte ist eine bundesunmittelbare Stiftung des \u00f6ffentlichen Rechts.<\/p>\n\n\n\n<p>Vertretungsberechtigt<\/p>\n\n\n\n<p>Dr. Kai-Michael Sprenger (Direktor)<\/p>\n\n\n\n<p>Rechtsaufsichtsbeh\u00f6rde<\/p>\n\n\n\n<p>Beauftragte der Bundesregierung f\u00fcr Kultur und Medien, Graurheindorfer Stra\u00dfe 198, 53117 Bonn<\/p>\n\n\n\n<p>Online-Redaktion (Verantwortlicher)<\/p>\n\n\n\n<p>David Barth<br>Fon: +49 (0)69 1525 125-2<br>E-Mail: <a href=\"mailto:d.barth@dnb.de\">d.barth@dnb.de<\/a><\/p>\n\n\n\n<h2 class=\"wp-block-heading\">Haftungsausschluss<\/h2>\n\n\n\n<p>Alle Angaben unseres Internetangebotes wurden sorgf\u00e4ltig gepr\u00fcft. Wir bem\u00fchen uns, dieses Informationsangebot aktuell und inhaltlich richtig sowie vollst\u00e4ndig anzubieten. Dennoch ist das Auftreten von Fehlern nicht v\u00f6llig auszuschlie\u00dfen. Eine Garantie f\u00fcr die Vollst\u00e4ndigkeit, Richtigkeit und letzte Aktualit\u00e4t kann daher nicht \u00fcbernommen werden.<\/p>\n\n\n\n<p>Der Zugang und die Benutzung dieser Website geschieht auf eigene Gefahr des Benutzers. Die Stiftung Orte der deutschen Demokratiegeschichte ist nicht verantwortlich und \u00fcbernimmt keinerlei Haftung f\u00fcr Sch\u00e4den, u.a. f\u00fcr direkte, indirekte, zuf\u00e4llige, vorab konkret zu bestimmende oder Folgesch\u00e4den, die angeblich durch den oder in Verbindung mit dem Zugang und\/oder der Benutzung dieser Website aufgetreten sind.<\/p>\n\n\n\n<p>Die Stiftung Orte der deutschen Demokratiegeschichte \u00fcbernimmt keine Verantwortung f\u00fcr die Inhalte und die Verf\u00fcgbarkeit von Websites Dritter, die \u00fcber externe Links dieses Informationsangebotes erreicht werden. Sie distanziert sich ausdr\u00fccklich von allen Inhalten, die m\u00f6glicherweise straf- oder haftungsrechtlich relevant sind oder gegen die guten Sitten versto\u00dfen.<\/p>\n\n\n\n<h2 class=\"wp-block-heading\">Urheberrecht<\/h2>\n\n\n\n<p>Das Copyright f\u00fcr Texte, Textteile, Tondokumente, Grafiken, Tabellen sowie insbesondere Bild- und Filmmaterialien liegt, soweit nicht anders vermerkt, bei der Stiftung Orte der deutschen Demokratiegeschichte. Die Inhalte Dritter werden als solche gekennzeichnet. Eine Vervielf\u00e4ltigung, Bearbeitung, Verbreitung oder Verwertung von Grafiken, Bildern, Tondokumenten, Filmsequenzen und Texten ist ohne schriftliche Zustimmung der Stiftung Orte der deutschen Demokratiegeschichte nicht gestattet. Bei Inhalten Dritter bedarf es der schriftlichen Zustimmung des jeweiligen Autors, Fotografen oder Erstellers.<\/p>\n\n\n\n<h2 class=\"wp-block-heading\">Fehlermeldungen\/Meldungen \u00fcber Rechtsverst\u00f6\u00dfe<\/h2>\n\n\n\n<p>Die Internet-Redaktion der Stiftung Orte der deutschen Demokratiegeschichte bittet um Mitteilung, falls die Webseite www.demokratie-geschichte.de auf Inhalte verweist, die Anlass zur Beanstandung geben oder gar rechtswidrig sind. Bei Urheberrechtsverletzungen wird gleichfalls um einen entsprechenden Hinweis unter der angegebenen Kontaktadresse gebeten. Gleiches gilt f\u00fcr den Fall, dass eigene Inhalte nicht fehlerfrei, aktuell, vollst\u00e4ndig und verst\u00e4ndlich sind. Bei Bekanntwerden von Rechtsverletzungen werden wir derartige Inhalte umgehend entfernen.<\/p>\n\n\n\n<p>Konzept, Design und Programmierung<\/p>\n\n\n\n<p>Doppelstern \u2013 Agentur f\u00fcr digitale Zukunft GmbH<br>Manetstr. 64<br>13053 Berlin<br><a href=\"mailto:buero@agentur-doppelstern.de\">buero@agentur-doppelstern.de<\/a><\/p>\n\n\n\n<p><\/p>\n","protected":false},"excerpt":{"rendered":"<p>Stiftung Orte der deutschen DemokratiegeschichteAdickesallee 160322 Frankfurt am Main Fon: +49 (0)69 1525 125-4 E-Mail: demokratiegeschichte@dnb.de Website: www.demokratie-geschichte.de Die Stiftung Orte der deutschen Demokratiegeschichte ist eine bundesunmittelbare Stiftung des \u00f6ffentlichen Rechts. Vertretungsberechtigt Dr. Kai-Michael Sprenger (Direktor) Rechtsaufsichtsbeh\u00f6rde Beauftragte der Bundesregierung f\u00fcr Kultur und Medien, Graurheindorfer Stra\u00dfe 198, 53117 Bonn Online-Redaktion (Verantwortlicher) David BarthFon: +49 (0)69 [&hellip;]<\/p>\n","protected":false},"author":1,"featured_media":0,"parent":0,"menu_order":55,"comment_status":"closed","ping_status":"closed","template":"","meta":{"_acf_changed":false,"footnotes":""},"categories":[],"tags":[],"class_list":["post-515","page","type-page","status-publish","hentry"],"acf":[],"yoast_head":"<!-- This site is optimized with the Yoast SEO plugin v27.3 - https:\/\/yoast.com\/product\/yoast-seo-wordpress\/ -->\n<title>Impressum - Stiftung Orte der deutschen Demokratiegeschichte<\/title>\n<meta name=\"robots\" content=\"index, follow, max-snippet:-1, max-image-preview:large, max-video-preview:-1\" \/>\n<link rel=\"canonical\" href=\"http:\/\/dg-dev.agentur-doppelstern.de\/httpdocs\/index.php\/impressum\/\" \/>\n<meta property=\"og:locale\" content=\"de_DE\" \/>\n<meta property=\"og:type\" content=\"article\" \/>\n<meta property=\"og:title\" content=\"Impressum - Stiftung Orte der deutschen Demokratiegeschichte\" \/>\n<meta property=\"og:description\" content=\"Stiftung Orte der deutschen DemokratiegeschichteAdickesallee 160322 Frankfurt am Main Fon: +49 (0)69 1525 125-4 E-Mail: demokratiegeschichte@dnb.de Website: www.demokratie-geschichte.de Die Stiftung Orte der deutschen Demokratiegeschichte ist eine bundesunmittelbare Stiftung des \u00f6ffentlichen Rechts. Vertretungsberechtigt Dr. Kai-Michael Sprenger (Direktor) Rechtsaufsichtsbeh\u00f6rde Beauftragte der Bundesregierung f\u00fcr Kultur und Medien, Graurheindorfer Stra\u00dfe 198, 53117 Bonn Online-Redaktion (Verantwortlicher) David BarthFon: +49 (0)69 [&hellip;]\" \/>\n<meta property=\"og:url\" content=\"http:\/\/dg-dev.agentur-doppelstern.de\/httpdocs\/index.php\/impressum\/\" \/>\n<meta property=\"og:site_name\" content=\"Stiftung Orte der deutschen Demokratiegeschichte\" \/>\n<meta property=\"article:modified_time\" content=\"2024-10-09T16:09:55+00:00\" \/>\n<meta name=\"twitter:card\" content=\"summary_large_image\" \/>\n<meta name=\"twitter:label1\" content=\"Gesch\u00e4tzte Lesezeit\" \/>\n\t<meta name=\"twitter:data1\" content=\"3\u00a0Minuten\" \/>\n<script type=\"application\/ld+json\" class=\"yoast-schema-graph\">{\"@context\":\"https:\\\/\\\/schema.org\",\"@graph\":[{\"@type\":\"WebPage\",\"@id\":\"http:\\\/\\\/dg-dev.agentur-doppelstern.de\\\/httpdocs\\\/index.php\\\/impressum\\\/\",\"url\":\"http:\\\/\\\/dg-dev.agentur-doppelstern.de\\\/httpdocs\\\/index.php\\\/impressum\\\/\",\"name\":\"Impressum - Stiftung Orte der deutschen Demokratiegeschichte\",\"isPartOf\":{\"@id\":\"http:\\\/\\\/dg-dev.agentur-doppelstern.de\\\/httpdocs\\\/index.php\\\/#website\"},\"datePublished\":\"2020-05-06T12:37:16+00:00\",\"dateModified\":\"2024-10-09T16:09:55+00:00\",\"breadcrumb\":{\"@id\":\"http:\\\/\\\/dg-dev.agentur-doppelstern.de\\\/httpdocs\\\/index.php\\\/impressum\\\/#breadcrumb\"},\"inLanguage\":\"de\",\"potentialAction\":[{\"@type\":\"ReadAction\",\"target\":[\"http:\\\/\\\/dg-dev.agentur-doppelstern.de\\\/httpdocs\\\/index.php\\\/impressum\\\/\"]}]},{\"@type\":\"BreadcrumbList\",\"@id\":\"http:\\\/\\\/dg-dev.agentur-doppelstern.de\\\/httpdocs\\\/index.php\\\/impressum\\\/#breadcrumb\",\"itemListElement\":[{\"@type\":\"ListItem\",\"position\":1,\"name\":\"Startseite\",\"item\":\"http:\\\/\\\/dg-dev.agentur-doppelstern.de\\\/httpdocs\\\/index.php\\\/\"},{\"@type\":\"ListItem\",\"position\":2,\"name\":\"Impressum\"}]},{\"@type\":\"WebSite\",\"@id\":\"http:\\\/\\\/dg-dev.agentur-doppelstern.de\\\/httpdocs\\\/index.php\\\/#website\",\"url\":\"http:\\\/\\\/dg-dev.agentur-doppelstern.de\\\/httpdocs\\\/index.php\\\/\",\"name\":\"Stiftung Orte der deutschen Demokratiegeschichte\",\"description\":\"\",\"potentialAction\":[{\"@type\":\"SearchAction\",\"target\":{\"@type\":\"EntryPoint\",\"urlTemplate\":\"http:\\\/\\\/dg-dev.agentur-doppelstern.de\\\/httpdocs\\\/index.php\\\/?s={search_term_string}\"},\"query-input\":{\"@type\":\"PropertyValueSpecification\",\"valueRequired\":true,\"valueName\":\"search_term_string\"}}],\"inLanguage\":\"de\"}]}<\/script>\n<!-- \/ Yoast SEO plugin. -->","yoast_head_json":{"title":"Impressum - Stiftung Orte der deutschen Demokratiegeschichte","robots":{"index":"index","follow":"follow","max-snippet":"max-snippet:-1","max-image-preview":"max-image-preview:large","max-video-preview":"max-video-preview:-1"},"canonical":"http:\/\/dg-dev.agentur-doppelstern.de\/httpdocs\/index.php\/impressum\/","og_locale":"de_DE","og_type":"article","og_title":"Impressum - Stiftung Orte der deutschen Demokratiegeschichte","og_description":"Stiftung Orte der deutschen DemokratiegeschichteAdickesallee 160322 Frankfurt am Main Fon: +49 (0)69 1525 125-4 E-Mail: demokratiegeschichte@dnb.de Website: www.demokratie-geschichte.de Die Stiftung Orte der deutschen Demokratiegeschichte ist eine bundesunmittelbare Stiftung des \u00f6ffentlichen Rechts. Vertretungsberechtigt Dr. Kai-Michael Sprenger (Direktor) Rechtsaufsichtsbeh\u00f6rde Beauftragte der Bundesregierung f\u00fcr Kultur und Medien, Graurheindorfer Stra\u00dfe 198, 53117 Bonn Online-Redaktion (Verantwortlicher) David BarthFon: +49 (0)69 [&hellip;]","og_url":"http:\/\/dg-dev.agentur-doppelstern.de\/httpdocs\/index.php\/impressum\/","og_site_name":"Stiftung Orte der deutschen Demokratiegeschichte","article_modified_time":"2024-10-09T16:09:55+00:00","twitter_card":"summary_large_image","twitter_misc":{"Gesch\u00e4tzte Lesezeit":"3\u00a0Minuten"},"schema":{"@context":"https:\/\/schema.org","@graph":[{"@type":"WebPage","@id":"http:\/\/dg-dev.agentur-doppelstern.de\/httpdocs\/index.php\/impressum\/","url":"http:\/\/dg-dev.agentur-doppelstern.de\/httpdocs\/index.php\/impressum\/","name":"Impressum - Stiftung Orte der deutschen Demokratiegeschichte","isPartOf":{"@id":"http:\/\/dg-dev.agentur-doppelstern.de\/httpdocs\/index.php\/#website"},"datePublished":"2020-05-06T12:37:16+00:00","dateModified":"2024-10-09T16:09:55+00:00","breadcrumb":{"@id":"http:\/\/dg-dev.agentur-doppelstern.de\/httpdocs\/index.php\/impressum\/#breadcrumb"},"inLanguage":"de","potentialAction":[{"@type":"ReadAction","target":["http:\/\/dg-dev.agentur-doppelstern.de\/httpdocs\/index.php\/impressum\/"]}]},{"@type":"BreadcrumbList","@id":"http:\/\/dg-dev.agentur-doppelstern.de\/httpdocs\/index.php\/impressum\/#breadcrumb","itemListElement":[{"@type":"ListItem","position":1,"name":"Startseite","item":"http:\/\/dg-dev.agentur-doppelstern.de\/httpdocs\/index.php\/"},{"@type":"ListItem","position":2,"name":"Impressum"}]},{"@type":"WebSite","@id":"http:\/\/dg-dev.agentur-doppelstern.de\/httpdocs\/index.php\/#website","url":"http:\/\/dg-dev.agentur-doppelstern.de\/httpdocs\/index.php\/","name":"Stiftung Orte der deutschen Demokratiegeschichte","description":"","potentialAction":[{"@type":"SearchAction","target":{"@type":"EntryPoint","urlTemplate":"http:\/\/dg-dev.agentur-doppelstern.de\/httpdocs\/index.php\/?s={search_term_string}"},"query-input":{"@type":"PropertyValueSpecification","valueRequired":true,"valueName":"search_term_string"}}],"inLanguage":"de"}]}},"wps_subtitle":"","_links":{"self":[{"href":"http:\/\/dg-dev.agentur-doppelstern.de\/httpdocs\/index.php\/wp-json\/wp\/v2\/pages\/515","targetHints":{"allow":["GET"]}}],"collection":[{"href":"http:\/\/dg-dev.agentur-doppelstern.de\/httpdocs\/index.php\/wp-json\/wp\/v2\/pages"}],"about":[{"href":"http:\/\/dg-dev.agentur-doppelstern.de\/httpdocs\/index.php\/wp-json\/wp\/v2\/types\/page"}],"author":[{"embeddable":true,"href":"http:\/\/dg-dev.agentur-doppelstern.de\/httpdocs\/index.php\/wp-json\/wp\/v2\/users\/1"}],"replies":[{"embeddable":true,"href":"http:\/\/dg-dev.agentur-doppelstern.de\/httpdocs\/index.php\/wp-json\/wp\/v2\/comments?post=515"}],"version-history":[{"count":7,"href":"http:\/\/dg-dev.agentur-doppelstern.de\/httpdocs\/index.php\/wp-json\/wp\/v2\/pages\/515\/revisions"}],"predecessor-version":[{"id":10303,"href":"http:\/\/dg-dev.agentur-doppelstern.de\/httpdocs\/index.php\/wp-json\/wp\/v2\/pages\/515\/revisions\/10303"}],"wp:attachment":[{"href":"http:\/\/dg-dev.agentur-doppelstern.de\/httpdocs\/index.php\/wp-json\/wp\/v2\/media?parent=515"}],"wp:term":[{"taxonomy":"category","embeddable":true,"href":"http:\/\/dg-dev.agentur-doppelstern.de\/httpdocs\/index.php\/wp-json\/wp\/v2\/categories?post=515"},{"taxonomy":"post_tag","embeddable":true,"href":"http:\/\/dg-dev.agentur-doppelstern.de\/httpdocs\/index.php\/wp-json\/wp\/v2\/tags?post=515"}],"curies":[{"name":"wp","href":"https:\/\/api.w.org\/{rel}","templated":true}]}}