{"id":4119,"date":"2021-04-26T12:35:34","date_gmt":"2021-04-26T10:35:34","guid":{"rendered":"https:\/\/www.demokratie-geschichte.de\/index.php\/?page_id=4119"},"modified":"2023-10-31T08:42:17","modified_gmt":"2023-10-31T07:42:17","slug":"debatte","status":"publish","type":"page","link":"http:\/\/dg-dev.agentur-doppelstern.de\/httpdocs\/index.php\/debatte\/","title":{"rendered":"Debatte"},"content":{"rendered":"\n<p class=\"has-medium-font-size\">Unsere \u201e100 K\u00f6pfe der Demokratie\u201c sollen zur Diskussion anregen, schlie\u00dflich ist die kontroverse Debatte ein Kernelement der Demokratie selbst. Wie gehen wir mit ambivalenten Lebensl\u00e4ufen um? Welche blinden Flecken, Ausschl\u00fcsse und Irrwege geh\u00f6ren zu unserer demokratischen Geschichte? Haben wir sie ausreichend thematisiert? Diskutieren Sie mit uns!<\/p>\n\n\n\n<p class=\"has-medium-font-size\">Auf dieser Seite ver\u00f6ffentlichen wir Eingaben und Hinweise aller Art zum Projekt, die zum (kritischen) Austausch anregen.<\/p>\n\n\n\n<p class=\"has-medium-font-size\"><strong>Diskussionen \u00fcber die Plattform insgesamt<\/strong><\/p>\n\n\n\n<ul class=\"wp-block-list\">\n<li><a href=\"https:\/\/www.ku.de\/events\/offene-demokratiegeschichte\" target=\"_blank\" rel=\"noreferrer noopener\">Vorstellung und Diskussion der Plattform, Katholische Universit\u00e4t Eichst\u00e4tt-Ingolstadt: \u201eOffene Demokratiegeschichte. Die &#8218;100 K\u00f6pfe der Demokratie&#8216; und die Neuvermessung der Erinnerungskultur.\u201c, 11.07.2<\/a><a href=\"https:\/\/www.ku.de\/events\/offene-demokratiegeschichte\">023<\/a><\/li>\n\n\n\n<li><a href=\"https:\/\/www.theodor-heuss-haus.de\/news\/detail\/digitalplattform-100-koepfe-der-demokratie-ausgezeichnet-1\" target=\"_blank\" rel=\"noreferrer noopener\">W\u00fcrdigung der Plattform als innovativer Zugang zur Demokratiegeschichte, 17.03.2023<\/a><\/li>\n\n\n\n<li><a href=\"https:\/\/youtu.be\/eW354sR6y1M\">Veranstaltung im Rahmen des Historikertages 2021: \u201e100 K\u00f6pfe der Demokratie. Ein erinnerungspolitisches Projekt in der Debatte\u201c, 04.10.2021<\/a><\/li>\n<\/ul>\n\n\n\n<p class=\"has-medium-font-size\"><strong>Demokratiegeschichte in postkolonialer Perspektive<\/strong><\/p>\n\n\n\n<ul class=\"wp-block-list\">\n<li><a href=\"https:\/\/www.demokratie-geschichte.de\/wp-content\/uploads\/2021\/04\/Offener-Brief-an-AG-Orte-der-Demokratiegeschichte_Decolonize-Bu%CC%88ndnis.pdf\">Offener Brief des Decolonize-B\u00fcndnisses, 25.02.2021 <\/a><\/li>\n\n\n\n<li><a href=\"https:\/\/www.demokratie-geschichte.de\/wp-content\/uploads\/2021\/04\/Zum-offenen-Brief-Decolonize-Bu%CC%88ndnis_Stellungnahme-100-Ko%CC%88pfe-der-Demokratie.pdf\">Stellungnahme des Projekts \u201e100 K\u00f6pfe der Demokratie\u201c zum Offenen Brief des Decolonize-B\u00fcndnisses, 10.03.2021<\/a><\/li>\n\n\n\n<li><a href=\"https:\/\/www.youtube.com\/watch?v=gL-o-lTgD2k\">Veranstaltung im Rahmen des Historikertages 2021: \u201eDeutsche Staatsm\u00e4nner postkolonial. Eine geschichtspolitische Herausforderung&#8220;, 06.10.2021<\/a><\/li>\n<\/ul>\n","protected":false},"excerpt":{"rendered":"<p>Unsere \u201e100 K\u00f6pfe der Demokratie\u201c sollen zur Diskussion anregen, schlie\u00dflich ist die kontroverse Debatte ein Kernelement der Demokratie selbst. Wie gehen wir mit ambivalenten Lebensl\u00e4ufen um? Welche blinden Flecken, Ausschl\u00fcsse und Irrwege geh\u00f6ren zu unserer demokratischen Geschichte? Haben wir sie ausreichend thematisiert? Diskutieren Sie mit uns! Auf dieser Seite ver\u00f6ffentlichen wir Eingaben und Hinweise aller [&hellip;]<\/p>\n","protected":false},"author":1,"featured_media":0,"parent":0,"menu_order":53,"comment_status":"closed","ping_status":"closed","template":"","meta":{"_acf_changed":false,"footnotes":""},"categories":[14],"tags":[],"class_list":["post-4119","page","type-page","status-publish","hentry","category-koepfe"],"acf":[],"yoast_head":"<!-- This site is optimized with the Yoast SEO plugin v27.3 - https:\/\/yoast.com\/product\/yoast-seo-wordpress\/ -->\n<title>Debatte - Stiftung Orte der deutschen Demokratiegeschichte<\/title>\n<meta name=\"robots\" content=\"index, follow, max-snippet:-1, max-image-preview:large, max-video-preview:-1\" \/>\n<link rel=\"canonical\" href=\"http:\/\/dg-dev.agentur-doppelstern.de\/httpdocs\/index.php\/debatte\/\" \/>\n<meta property=\"og:locale\" content=\"de_DE\" \/>\n<meta property=\"og:type\" content=\"article\" \/>\n<meta property=\"og:title\" content=\"Debatte - Stiftung Orte der deutschen Demokratiegeschichte\" \/>\n<meta property=\"og:description\" content=\"Unsere \u201e100 K\u00f6pfe der Demokratie\u201c sollen zur Diskussion anregen, schlie\u00dflich ist die kontroverse Debatte ein Kernelement der Demokratie selbst. Wie gehen wir mit ambivalenten Lebensl\u00e4ufen um? Welche blinden Flecken, Ausschl\u00fcsse und Irrwege geh\u00f6ren zu unserer demokratischen Geschichte? Haben wir sie ausreichend thematisiert? Diskutieren Sie mit uns! Auf dieser Seite ver\u00f6ffentlichen wir Eingaben und Hinweise aller [&hellip;]\" \/>\n<meta property=\"og:url\" content=\"http:\/\/dg-dev.agentur-doppelstern.de\/httpdocs\/index.php\/debatte\/\" \/>\n<meta property=\"og:site_name\" content=\"Stiftung Orte der deutschen Demokratiegeschichte\" \/>\n<meta property=\"article:modified_time\" content=\"2023-10-31T07:42:17+00:00\" \/>\n<meta name=\"twitter:card\" content=\"summary_large_image\" \/>\n<meta name=\"twitter:label1\" content=\"Gesch\u00e4tzte Lesezeit\" \/>\n\t<meta name=\"twitter:data1\" content=\"1\u00a0Minute\" \/>\n<script type=\"application\/ld+json\" class=\"yoast-schema-graph\">{\"@context\":\"https:\\\/\\\/schema.org\",\"@graph\":[{\"@type\":\"WebPage\",\"@id\":\"http:\\\/\\\/dg-dev.agentur-doppelstern.de\\\/httpdocs\\\/index.php\\\/debatte\\\/\",\"url\":\"http:\\\/\\\/dg-dev.agentur-doppelstern.de\\\/httpdocs\\\/index.php\\\/debatte\\\/\",\"name\":\"Debatte - Stiftung Orte der deutschen Demokratiegeschichte\",\"isPartOf\":{\"@id\":\"http:\\\/\\\/dg-dev.agentur-doppelstern.de\\\/httpdocs\\\/index.php\\\/#website\"},\"datePublished\":\"2021-04-26T10:35:34+00:00\",\"dateModified\":\"2023-10-31T07:42:17+00:00\",\"breadcrumb\":{\"@id\":\"http:\\\/\\\/dg-dev.agentur-doppelstern.de\\\/httpdocs\\\/index.php\\\/debatte\\\/#breadcrumb\"},\"inLanguage\":\"de\",\"potentialAction\":[{\"@type\":\"ReadAction\",\"target\":[\"http:\\\/\\\/dg-dev.agentur-doppelstern.de\\\/httpdocs\\\/index.php\\\/debatte\\\/\"]}]},{\"@type\":\"BreadcrumbList\",\"@id\":\"http:\\\/\\\/dg-dev.agentur-doppelstern.de\\\/httpdocs\\\/index.php\\\/debatte\\\/#breadcrumb\",\"itemListElement\":[{\"@type\":\"ListItem\",\"position\":1,\"name\":\"Startseite\",\"item\":\"http:\\\/\\\/dg-dev.agentur-doppelstern.de\\\/httpdocs\\\/index.php\\\/\"},{\"@type\":\"ListItem\",\"position\":2,\"name\":\"Debatte\"}]},{\"@type\":\"WebSite\",\"@id\":\"http:\\\/\\\/dg-dev.agentur-doppelstern.de\\\/httpdocs\\\/index.php\\\/#website\",\"url\":\"http:\\\/\\\/dg-dev.agentur-doppelstern.de\\\/httpdocs\\\/index.php\\\/\",\"name\":\"Stiftung Orte der deutschen Demokratiegeschichte\",\"description\":\"\",\"potentialAction\":[{\"@type\":\"SearchAction\",\"target\":{\"@type\":\"EntryPoint\",\"urlTemplate\":\"http:\\\/\\\/dg-dev.agentur-doppelstern.de\\\/httpdocs\\\/index.php\\\/?s={search_term_string}\"},\"query-input\":{\"@type\":\"PropertyValueSpecification\",\"valueRequired\":true,\"valueName\":\"search_term_string\"}}],\"inLanguage\":\"de\"}]}<\/script>\n<!-- \/ Yoast SEO plugin. -->","yoast_head_json":{"title":"Debatte - Stiftung Orte der deutschen Demokratiegeschichte","robots":{"index":"index","follow":"follow","max-snippet":"max-snippet:-1","max-image-preview":"max-image-preview:large","max-video-preview":"max-video-preview:-1"},"canonical":"http:\/\/dg-dev.agentur-doppelstern.de\/httpdocs\/index.php\/debatte\/","og_locale":"de_DE","og_type":"article","og_title":"Debatte - Stiftung Orte der deutschen Demokratiegeschichte","og_description":"Unsere \u201e100 K\u00f6pfe der Demokratie\u201c sollen zur Diskussion anregen, schlie\u00dflich ist die kontroverse Debatte ein Kernelement der Demokratie selbst. Wie gehen wir mit ambivalenten Lebensl\u00e4ufen um? Welche blinden Flecken, Ausschl\u00fcsse und Irrwege geh\u00f6ren zu unserer demokratischen Geschichte? Haben wir sie ausreichend thematisiert? Diskutieren Sie mit uns! Auf dieser Seite ver\u00f6ffentlichen wir Eingaben und Hinweise aller [&hellip;]","og_url":"http:\/\/dg-dev.agentur-doppelstern.de\/httpdocs\/index.php\/debatte\/","og_site_name":"Stiftung Orte der deutschen Demokratiegeschichte","article_modified_time":"2023-10-31T07:42:17+00:00","twitter_card":"summary_large_image","twitter_misc":{"Gesch\u00e4tzte Lesezeit":"1\u00a0Minute"},"schema":{"@context":"https:\/\/schema.org","@graph":[{"@type":"WebPage","@id":"http:\/\/dg-dev.agentur-doppelstern.de\/httpdocs\/index.php\/debatte\/","url":"http:\/\/dg-dev.agentur-doppelstern.de\/httpdocs\/index.php\/debatte\/","name":"Debatte - Stiftung Orte der deutschen Demokratiegeschichte","isPartOf":{"@id":"http:\/\/dg-dev.agentur-doppelstern.de\/httpdocs\/index.php\/#website"},"datePublished":"2021-04-26T10:35:34+00:00","dateModified":"2023-10-31T07:42:17+00:00","breadcrumb":{"@id":"http:\/\/dg-dev.agentur-doppelstern.de\/httpdocs\/index.php\/debatte\/#breadcrumb"},"inLanguage":"de","potentialAction":[{"@type":"ReadAction","target":["http:\/\/dg-dev.agentur-doppelstern.de\/httpdocs\/index.php\/debatte\/"]}]},{"@type":"BreadcrumbList","@id":"http:\/\/dg-dev.agentur-doppelstern.de\/httpdocs\/index.php\/debatte\/#breadcrumb","itemListElement":[{"@type":"ListItem","position":1,"name":"Startseite","item":"http:\/\/dg-dev.agentur-doppelstern.de\/httpdocs\/index.php\/"},{"@type":"ListItem","position":2,"name":"Debatte"}]},{"@type":"WebSite","@id":"http:\/\/dg-dev.agentur-doppelstern.de\/httpdocs\/index.php\/#website","url":"http:\/\/dg-dev.agentur-doppelstern.de\/httpdocs\/index.php\/","name":"Stiftung Orte der deutschen Demokratiegeschichte","description":"","potentialAction":[{"@type":"SearchAction","target":{"@type":"EntryPoint","urlTemplate":"http:\/\/dg-dev.agentur-doppelstern.de\/httpdocs\/index.php\/?s={search_term_string}"},"query-input":{"@type":"PropertyValueSpecification","valueRequired":true,"valueName":"search_term_string"}}],"inLanguage":"de"}]}},"wps_subtitle":"","_links":{"self":[{"href":"http:\/\/dg-dev.agentur-doppelstern.de\/httpdocs\/index.php\/wp-json\/wp\/v2\/pages\/4119","targetHints":{"allow":["GET"]}}],"collection":[{"href":"http:\/\/dg-dev.agentur-doppelstern.de\/httpdocs\/index.php\/wp-json\/wp\/v2\/pages"}],"about":[{"href":"http:\/\/dg-dev.agentur-doppelstern.de\/httpdocs\/index.php\/wp-json\/wp\/v2\/types\/page"}],"author":[{"embeddable":true,"href":"http:\/\/dg-dev.agentur-doppelstern.de\/httpdocs\/index.php\/wp-json\/wp\/v2\/users\/1"}],"replies":[{"embeddable":true,"href":"http:\/\/dg-dev.agentur-doppelstern.de\/httpdocs\/index.php\/wp-json\/wp\/v2\/comments?post=4119"}],"version-history":[{"count":11,"href":"http:\/\/dg-dev.agentur-doppelstern.de\/httpdocs\/index.php\/wp-json\/wp\/v2\/pages\/4119\/revisions"}],"predecessor-version":[{"id":9010,"href":"http:\/\/dg-dev.agentur-doppelstern.de\/httpdocs\/index.php\/wp-json\/wp\/v2\/pages\/4119\/revisions\/9010"}],"wp:attachment":[{"href":"http:\/\/dg-dev.agentur-doppelstern.de\/httpdocs\/index.php\/wp-json\/wp\/v2\/media?parent=4119"}],"wp:term":[{"taxonomy":"category","embeddable":true,"href":"http:\/\/dg-dev.agentur-doppelstern.de\/httpdocs\/index.php\/wp-json\/wp\/v2\/categories?post=4119"},{"taxonomy":"post_tag","embeddable":true,"href":"http:\/\/dg-dev.agentur-doppelstern.de\/httpdocs\/index.php\/wp-json\/wp\/v2\/tags?post=4119"}],"curies":[{"name":"wp","href":"https:\/\/api.w.org\/{rel}","templated":true}]}}