{"id":2597,"date":"2020-10-01T22:28:07","date_gmt":"2020-10-01T20:28:07","guid":{"rendered":"https:\/\/www.demokratie-geschichte.de\/?page_id=2597"},"modified":"2023-03-27T12:00:13","modified_gmt":"2023-03-27T10:00:13","slug":"zum-projekt-100-koepfe-der-demokratie","status":"publish","type":"page","link":"http:\/\/dg-dev.agentur-doppelstern.de\/httpdocs\/index.php\/zum-projekt-100-koepfe-der-demokratie\/","title":{"rendered":"Zum Projekt &#8222;100 K\u00f6pfe der Demokratie&#8220;"},"content":{"rendered":"\n<p class=\"has-medium-font-size\">Die \u201e100 K\u00f6pfe der Demokratie\u201c f\u00fchren die gro\u00dfe Bandbreite demokratischen Handelns und Wirkens in zwei Jahrhunderten vor Augen. Die Lebensl\u00e4ufe dieser 100 M\u00e4nner und Frauen aus unterschiedlichen Regionen, Klassen, Schichten und Milieus stehen beispielhaft f\u00fcr vielf\u00e4ltige Ideen und Vorstellungen von \u201eDemokratie\u201c, f\u00fcr Konzeptionen von politischer, gesellschaftlicher und \u00f6konomischer Teilhabe und Partizipation. <\/p>\n\n\n\n<p class=\"has-medium-font-size\">Nicht alle diese K\u00f6pfe waren erfolgreich, manche endeten mit ihrem Engagement in einer Sackgasse, einige haben auch erst nach schweren Irrt\u00fcmern und Fehlern den Weg zur Demokratie gefunden, wieder andere schufen die Grundlage f\u00fcr unser heutiges Verst\u00e4ndnis von Demokratie. Alle zusammen zeigen die historische Vielfalt von Demokratie \u2013 und warum sie f\u00fcr uns so aufregend ist.<\/p>\n\n\n\n<p><\/p>\n\n\n\n<p class=\"has-medium-font-size\"><strong>K\u00f6pfe der Demokratie \u2013 was ist das?<\/strong><\/p>\n\n\n\n<p class=\"has-medium-font-size\">\u201eK\u00f6pfe der Demokratie\u201c sind M\u00e4nner und Frauen, die sich f\u00fcr die Demokratie in ihren verschiedenen Formen, f\u00fcr die Verwirklichung von Partizipation m\u00f6glichst breiter Kreise der Bev\u00f6lkerung eingesetzt haben. Manche haben den Kampf um Teilhabe an der politischen Herrschaft oder um die Ausweitung von B\u00fcrgerrechten gef\u00fchrt. Vor allem Frauen waren bis ins fr\u00fche 20. Jahrhundert hinein von der politischen Arena ausgeschlossen und haben ihr Engagement daher etwa ins Bildungswesen oder in die Wohlfahrtspflege verlagert, um \u00fcber diesen Weg politische Teilhabe zu erreichen. Entsprechend vielf\u00e4ltig waren und sind die Formen des Engagements \u2013 in Parteien und Parlamenten, in Vereinen und Bewegungen, in Redaktionsstuben und Schulen, auf der Stra\u00dfe und in Versammlungen.<\/p>\n\n\n\n<p class=\"has-medium-font-size\"><strong>Was ist Demokratie?<\/strong><\/p>\n\n\n\n<p class=\"has-medium-font-size\">Demokratie bedeutet Herrschaft des Volkes, und sie umfasst das Versprechen gleicher Teilhabe. F\u00fcr uns ist Demokratie heute nur auf Grundlage einer Verfassung denkbar, die die Herrschaft des Volkes \u00fcber Verfahren definiert und die zudem die individuellen, gleichen Rechte jedes B\u00fcrgers und jeder B\u00fcrgerin garantiert. Das war aber nicht immer so. Erst sp\u00e4t und als Ergebnis eines langen Lernprozesses hat sich die liberale, parlamentarische Demokratie, wie wir sie heute kennen, durchgesetzt. Dabei bleibt die Frage, was wir unter Demokratie verstehen, stets selbst ein Gegenstand politischer Auseinandersetzung. Demokratie ist im Wandel. Und sie ist zerbrechlich. Wir erleben es jeden Tag.<\/p>\n\n\n\n<p class=\"has-medium-font-size\"><strong>Nur 100 K\u00f6pfe?<\/strong><\/p>\n\n\n\n<p class=\"has-medium-font-size\">Es gibt mehr als hundert Demokratinnen und Demokraten, gewiss. Die hundert K\u00f6pfe indessen f\u00fchren uns die Vielfalt demokratischen Engagements vor Augen, ohne dass wir den \u00dcberblick verlieren. Sie bilden keinen abgeschlossenen Kanon zertifizierter Demokratinnen und Demokraten, sondern vielmehr ein Angebot an alle, die sich mit unserer Demokratie und ihrer Geschichte auseinandersetzen wollen, auch an alle, die nach Orientierung und vielleicht sogar nach Vorbildern suchen. Die \u201e100 K\u00f6pfe der Demokratie\u201c \u2013 das sind hundert T\u00fcr\u00f6ffner zu Themen und Aktionsfeldern. So wie sich die Demokratie st\u00e4ndig ver\u00e4ndert und neue Impulse setzt, so werden auch wir unsere \u201e100 K\u00f6pfe\u201c immer wieder mit weiteren Biographien neu besetzen, erweitern und so rotieren lassen.<\/p>\n\n\n\n<p class=\"has-medium-font-size\"><strong>Wir laden Sie zum Mitmachen ein!<\/strong><\/p>\n\n\n\n<ul class=\"wp-block-list\">\n<li><a href=\"https:\/\/demokratie-geschichte.de\/index.php\/veranstaltungskooperationen\/\"><strong>Organisieren Sie eine Veranstaltung<\/strong> <strong>vor Ort.<\/strong><\/a><strong> <\/strong>Wenn Sie in einer Bildungsinstitution t\u00e4tig sind, w\u00fcrden wir uns freuen, wenn Sie zu einem der \u201e100 K\u00f6pfe der Demokratie\u201c, den Sie f\u00fcr besonders spannend halten, eine Veranstaltung Ihrer Wahl (Vortrag, Workshop, Lesung, Buchpr\u00e4sentation usw.) organisieren. Wir unterst\u00fctzen Sie dabei, indem wir Ihnen einschl\u00e4gige Expertinnen und Experten nennen und Kontakte vermitteln. Jedes Jahr beteiligen wir uns bundesweit an jeder Veranstaltung, die zu einem der K\u00f6pfe stattfindet, auch mit einem finanziellen Zuschuss \u2013 solange unsere Mittel zur Verf\u00fcgung stehen.<\/li>\n\n\n\n<li>Sie sind Lehrerin oder Lehrer? Setzen Sie unsere <strong><a href=\"https:\/\/demokratie-geschichte.de\/index.php\/didaktikmaterial\/\">didaktischen Materialien<\/a><\/strong> zu den \u201e100 K\u00f6pfen der Demokratie\u201c in Ihrem <strong>Unterricht <\/strong>ein!<\/li>\n\n\n\n<li><strong>Schicken Sie <\/strong>uns weitere <a href=\"https:\/\/demokratie-geschichte.de\/index.php\/vorschlag-neuer-kopf-der-demokratiegeschichte\/\"><strong>Vorschl\u00e4ge<\/strong> <\/a>f\u00fcr unsere \u201eHunderterliste\u201c. Diskutieren Sie Ihre Vorschl\u00e4ge mit anderen Userinnen und Usern im <strong><a href=\"https:\/\/demokratie-geschichte.de\/koepfe\/neuer-kopf-liste.php\">Diskussionsforum<\/a><\/strong>. Alle Vorschl\u00e4gen pr\u00fcfen wir und nehmen sie, nehmen sie, wenn m\u00f6glich, in den Nominierungspool der \u201e100 K\u00f6pfen der Demokratie\u201c auf.<\/li>\n\n\n\n<li><strong>Kommentieren <\/strong>oder <strong>widersprechen Sie<\/strong> unserer Auswahl. <a href=\"\/debatte\">Wir freuen uns auf die <strong>Debatte<\/strong>.<\/a><\/li>\n<\/ul>\n\n\n\n<p><\/p>\n\n\n\n<p class=\"has-medium-font-size\"><strong>Sie haben Fragen zu den \u201e100 K\u00f6pfen der Demokratie\u201c?<\/strong> <strong>Nehmen Sie Kontakt zu uns auf:<\/strong><\/p>\n\n\n\n<p class=\"has-medium-font-size\">Stiftung Bundespr\u00e4sident-Theodor-Heuss-Haus, Stuttgart<\/p>\n\n\n\n<p class=\"has-medium-font-size\">Koordinator: Jan Ruhkopf, Dr. phil.<\/p>\n\n\n\n<p class=\"has-medium-font-size\"><a href=\"mailto:100koepfe@stiftung-heuss-haus.de\">100koepfe(at)stiftung-heuss-haus.de<\/a><\/p>\n","protected":false},"excerpt":{"rendered":"<p>Die \u201e100 K\u00f6pfe der Demokratie\u201c f\u00fchren die gro\u00dfe Bandbreite demokratischen Handelns und Wirkens in zwei Jahrhunderten vor Augen. Die Lebensl\u00e4ufe dieser 100 M\u00e4nner und Frauen aus unterschiedlichen Regionen, Klassen, Schichten und Milieus stehen beispielhaft f\u00fcr vielf\u00e4ltige Ideen und Vorstellungen von \u201eDemokratie\u201c, f\u00fcr Konzeptionen von politischer, gesellschaftlicher und \u00f6konomischer Teilhabe und Partizipation. Nicht alle diese K\u00f6pfe [&hellip;]<\/p>\n","protected":false},"author":6,"featured_media":0,"parent":0,"menu_order":66,"comment_status":"closed","ping_status":"closed","template":"","meta":{"_acf_changed":false,"footnotes":""},"categories":[14],"tags":[],"class_list":["post-2597","page","type-page","status-publish","hentry","category-koepfe"],"acf":[],"yoast_head":"<!-- This site is optimized with the Yoast SEO plugin v27.3 - https:\/\/yoast.com\/product\/yoast-seo-wordpress\/ -->\n<title>Zum Projekt &quot;100 K\u00f6pfe der Demokratie&quot; - Stiftung Orte der deutschen Demokratiegeschichte<\/title>\n<meta name=\"robots\" content=\"index, follow, max-snippet:-1, max-image-preview:large, max-video-preview:-1\" \/>\n<link rel=\"canonical\" href=\"http:\/\/dg-dev.agentur-doppelstern.de\/httpdocs\/index.php\/zum-projekt-100-koepfe-der-demokratie\/\" \/>\n<meta property=\"og:locale\" content=\"de_DE\" \/>\n<meta property=\"og:type\" content=\"article\" \/>\n<meta property=\"og:title\" content=\"Zum Projekt &quot;100 K\u00f6pfe der Demokratie&quot; - Stiftung Orte der deutschen Demokratiegeschichte\" \/>\n<meta property=\"og:description\" content=\"Die \u201e100 K\u00f6pfe der Demokratie\u201c f\u00fchren die gro\u00dfe Bandbreite demokratischen Handelns und Wirkens in zwei Jahrhunderten vor Augen. Die Lebensl\u00e4ufe dieser 100 M\u00e4nner und Frauen aus unterschiedlichen Regionen, Klassen, Schichten und Milieus stehen beispielhaft f\u00fcr vielf\u00e4ltige Ideen und Vorstellungen von \u201eDemokratie\u201c, f\u00fcr Konzeptionen von politischer, gesellschaftlicher und \u00f6konomischer Teilhabe und Partizipation. Nicht alle diese K\u00f6pfe [&hellip;]\" \/>\n<meta property=\"og:url\" content=\"http:\/\/dg-dev.agentur-doppelstern.de\/httpdocs\/index.php\/zum-projekt-100-koepfe-der-demokratie\/\" \/>\n<meta property=\"og:site_name\" content=\"Stiftung Orte der deutschen Demokratiegeschichte\" \/>\n<meta property=\"article:modified_time\" content=\"2023-03-27T10:00:13+00:00\" \/>\n<meta name=\"twitter:card\" content=\"summary_large_image\" \/>\n<meta name=\"twitter:label1\" content=\"Gesch\u00e4tzte Lesezeit\" \/>\n\t<meta name=\"twitter:data1\" content=\"4\u00a0Minuten\" \/>\n<script type=\"application\/ld+json\" class=\"yoast-schema-graph\">{\"@context\":\"https:\\\/\\\/schema.org\",\"@graph\":[{\"@type\":\"WebPage\",\"@id\":\"http:\\\/\\\/dg-dev.agentur-doppelstern.de\\\/httpdocs\\\/index.php\\\/zum-projekt-100-koepfe-der-demokratie\\\/\",\"url\":\"http:\\\/\\\/dg-dev.agentur-doppelstern.de\\\/httpdocs\\\/index.php\\\/zum-projekt-100-koepfe-der-demokratie\\\/\",\"name\":\"Zum Projekt \\\"100 K\u00f6pfe der Demokratie\\\" - Stiftung Orte der deutschen Demokratiegeschichte\",\"isPartOf\":{\"@id\":\"http:\\\/\\\/dg-dev.agentur-doppelstern.de\\\/httpdocs\\\/index.php\\\/#website\"},\"datePublished\":\"2020-10-01T20:28:07+00:00\",\"dateModified\":\"2023-03-27T10:00:13+00:00\",\"breadcrumb\":{\"@id\":\"http:\\\/\\\/dg-dev.agentur-doppelstern.de\\\/httpdocs\\\/index.php\\\/zum-projekt-100-koepfe-der-demokratie\\\/#breadcrumb\"},\"inLanguage\":\"de\",\"potentialAction\":[{\"@type\":\"ReadAction\",\"target\":[\"http:\\\/\\\/dg-dev.agentur-doppelstern.de\\\/httpdocs\\\/index.php\\\/zum-projekt-100-koepfe-der-demokratie\\\/\"]}]},{\"@type\":\"BreadcrumbList\",\"@id\":\"http:\\\/\\\/dg-dev.agentur-doppelstern.de\\\/httpdocs\\\/index.php\\\/zum-projekt-100-koepfe-der-demokratie\\\/#breadcrumb\",\"itemListElement\":[{\"@type\":\"ListItem\",\"position\":1,\"name\":\"Startseite\",\"item\":\"http:\\\/\\\/dg-dev.agentur-doppelstern.de\\\/httpdocs\\\/index.php\\\/\"},{\"@type\":\"ListItem\",\"position\":2,\"name\":\"Zum Projekt &#8222;100 K\u00f6pfe der Demokratie&#8220;\"}]},{\"@type\":\"WebSite\",\"@id\":\"http:\\\/\\\/dg-dev.agentur-doppelstern.de\\\/httpdocs\\\/index.php\\\/#website\",\"url\":\"http:\\\/\\\/dg-dev.agentur-doppelstern.de\\\/httpdocs\\\/index.php\\\/\",\"name\":\"Stiftung Orte der deutschen Demokratiegeschichte\",\"description\":\"\",\"potentialAction\":[{\"@type\":\"SearchAction\",\"target\":{\"@type\":\"EntryPoint\",\"urlTemplate\":\"http:\\\/\\\/dg-dev.agentur-doppelstern.de\\\/httpdocs\\\/index.php\\\/?s={search_term_string}\"},\"query-input\":{\"@type\":\"PropertyValueSpecification\",\"valueRequired\":true,\"valueName\":\"search_term_string\"}}],\"inLanguage\":\"de\"}]}<\/script>\n<!-- \/ Yoast SEO plugin. -->","yoast_head_json":{"title":"Zum Projekt \"100 K\u00f6pfe der Demokratie\" - Stiftung Orte der deutschen Demokratiegeschichte","robots":{"index":"index","follow":"follow","max-snippet":"max-snippet:-1","max-image-preview":"max-image-preview:large","max-video-preview":"max-video-preview:-1"},"canonical":"http:\/\/dg-dev.agentur-doppelstern.de\/httpdocs\/index.php\/zum-projekt-100-koepfe-der-demokratie\/","og_locale":"de_DE","og_type":"article","og_title":"Zum Projekt \"100 K\u00f6pfe der Demokratie\" - Stiftung Orte der deutschen Demokratiegeschichte","og_description":"Die \u201e100 K\u00f6pfe der Demokratie\u201c f\u00fchren die gro\u00dfe Bandbreite demokratischen Handelns und Wirkens in zwei Jahrhunderten vor Augen. Die Lebensl\u00e4ufe dieser 100 M\u00e4nner und Frauen aus unterschiedlichen Regionen, Klassen, Schichten und Milieus stehen beispielhaft f\u00fcr vielf\u00e4ltige Ideen und Vorstellungen von \u201eDemokratie\u201c, f\u00fcr Konzeptionen von politischer, gesellschaftlicher und \u00f6konomischer Teilhabe und Partizipation. Nicht alle diese K\u00f6pfe [&hellip;]","og_url":"http:\/\/dg-dev.agentur-doppelstern.de\/httpdocs\/index.php\/zum-projekt-100-koepfe-der-demokratie\/","og_site_name":"Stiftung Orte der deutschen Demokratiegeschichte","article_modified_time":"2023-03-27T10:00:13+00:00","twitter_card":"summary_large_image","twitter_misc":{"Gesch\u00e4tzte Lesezeit":"4\u00a0Minuten"},"schema":{"@context":"https:\/\/schema.org","@graph":[{"@type":"WebPage","@id":"http:\/\/dg-dev.agentur-doppelstern.de\/httpdocs\/index.php\/zum-projekt-100-koepfe-der-demokratie\/","url":"http:\/\/dg-dev.agentur-doppelstern.de\/httpdocs\/index.php\/zum-projekt-100-koepfe-der-demokratie\/","name":"Zum Projekt \"100 K\u00f6pfe der Demokratie\" - Stiftung Orte der deutschen Demokratiegeschichte","isPartOf":{"@id":"http:\/\/dg-dev.agentur-doppelstern.de\/httpdocs\/index.php\/#website"},"datePublished":"2020-10-01T20:28:07+00:00","dateModified":"2023-03-27T10:00:13+00:00","breadcrumb":{"@id":"http:\/\/dg-dev.agentur-doppelstern.de\/httpdocs\/index.php\/zum-projekt-100-koepfe-der-demokratie\/#breadcrumb"},"inLanguage":"de","potentialAction":[{"@type":"ReadAction","target":["http:\/\/dg-dev.agentur-doppelstern.de\/httpdocs\/index.php\/zum-projekt-100-koepfe-der-demokratie\/"]}]},{"@type":"BreadcrumbList","@id":"http:\/\/dg-dev.agentur-doppelstern.de\/httpdocs\/index.php\/zum-projekt-100-koepfe-der-demokratie\/#breadcrumb","itemListElement":[{"@type":"ListItem","position":1,"name":"Startseite","item":"http:\/\/dg-dev.agentur-doppelstern.de\/httpdocs\/index.php\/"},{"@type":"ListItem","position":2,"name":"Zum Projekt &#8222;100 K\u00f6pfe der Demokratie&#8220;"}]},{"@type":"WebSite","@id":"http:\/\/dg-dev.agentur-doppelstern.de\/httpdocs\/index.php\/#website","url":"http:\/\/dg-dev.agentur-doppelstern.de\/httpdocs\/index.php\/","name":"Stiftung Orte der deutschen Demokratiegeschichte","description":"","potentialAction":[{"@type":"SearchAction","target":{"@type":"EntryPoint","urlTemplate":"http:\/\/dg-dev.agentur-doppelstern.de\/httpdocs\/index.php\/?s={search_term_string}"},"query-input":{"@type":"PropertyValueSpecification","valueRequired":true,"valueName":"search_term_string"}}],"inLanguage":"de"}]}},"wps_subtitle":"","_links":{"self":[{"href":"http:\/\/dg-dev.agentur-doppelstern.de\/httpdocs\/index.php\/wp-json\/wp\/v2\/pages\/2597","targetHints":{"allow":["GET"]}}],"collection":[{"href":"http:\/\/dg-dev.agentur-doppelstern.de\/httpdocs\/index.php\/wp-json\/wp\/v2\/pages"}],"about":[{"href":"http:\/\/dg-dev.agentur-doppelstern.de\/httpdocs\/index.php\/wp-json\/wp\/v2\/types\/page"}],"author":[{"embeddable":true,"href":"http:\/\/dg-dev.agentur-doppelstern.de\/httpdocs\/index.php\/wp-json\/wp\/v2\/users\/6"}],"replies":[{"embeddable":true,"href":"http:\/\/dg-dev.agentur-doppelstern.de\/httpdocs\/index.php\/wp-json\/wp\/v2\/comments?post=2597"}],"version-history":[{"count":16,"href":"http:\/\/dg-dev.agentur-doppelstern.de\/httpdocs\/index.php\/wp-json\/wp\/v2\/pages\/2597\/revisions"}],"predecessor-version":[{"id":8038,"href":"http:\/\/dg-dev.agentur-doppelstern.de\/httpdocs\/index.php\/wp-json\/wp\/v2\/pages\/2597\/revisions\/8038"}],"wp:attachment":[{"href":"http:\/\/dg-dev.agentur-doppelstern.de\/httpdocs\/index.php\/wp-json\/wp\/v2\/media?parent=2597"}],"wp:term":[{"taxonomy":"category","embeddable":true,"href":"http:\/\/dg-dev.agentur-doppelstern.de\/httpdocs\/index.php\/wp-json\/wp\/v2\/categories?post=2597"},{"taxonomy":"post_tag","embeddable":true,"href":"http:\/\/dg-dev.agentur-doppelstern.de\/httpdocs\/index.php\/wp-json\/wp\/v2\/tags?post=2597"}],"curies":[{"name":"wp","href":"https:\/\/api.w.org\/{rel}","templated":true}]}}