{"id":12611,"date":"2025-10-01T12:38:17","date_gmt":"2025-10-01T10:38:17","guid":{"rendered":"https:\/\/www.demokratie-geschichte.de\/index.php\/?page_id=12611"},"modified":"2025-10-01T12:38:17","modified_gmt":"2025-10-01T10:38:17","slug":"spiele-zur-demokratiegeschichte","status":"publish","type":"page","link":"http:\/\/dg-dev.agentur-doppelstern.de\/httpdocs\/index.php\/spiele-zur-demokratiegeschichte\/","title":{"rendered":"Spiele zur Demokratiegeschichte"},"content":{"rendered":"\n<h2 class=\"wp-block-heading\">Demokratie spielerisch entdecken<\/h2>\n\n\n\n<p>Demokratiegeschichte ist lebendig, vielstimmig und voller Wendungen. Sie erz\u00e4hlt von Erfolgen und R\u00fcckschl\u00e4gen, von Mut und Widerstand, von Menschen, die Freiheit, Gleichheit und Mitbestimmung erk\u00e4mpft haben. Um diese Geschichte erfahrbar zu machen, entwickeln wir Formate, die Wissen und Erlebnis miteinander verbinden \u2013 zug\u00e4nglich, interaktiv und mit Freude am Mitmachen.<\/p>\n\n\n\n<p>Unsere Spiele laden dazu ein, sich mit zentralen Momenten und Orten der Demokratiegeschichte auseinanderzusetzen: nicht belehrend, sondern spielerisch und im besten Sinn unterhaltsam. Denn wer spielend lernt, erinnert leichter \u2013 und entdeckt ganz nebenbei, wie aktuell die Fragen der Demokratiegeschichte bis heute sind.<\/p>\n\n\n\n<p><strong>P\u00e4dagogische Einrichtungen und andere Interessierte k\u00f6nnen unsere Spiele kostenfrei beziehen.<\/strong> Schreiben Sie uns an <a href=\"mailto:demokratiegeschichte@dnb.de\">demokratiegeschichte@dnb.de<\/a>.<\/p>\n\n\n\n<h2 class=\"wp-block-heading\">Edition Demokratiegeschichte der Demokratiedeckel<\/h2>\n\n\n\n<figure class=\"wp-block-image alignleft size-large is-resized\"><img loading=\"lazy\" decoding=\"async\" width=\"1024\" height=\"729\" src=\"http:\/\/dg-dev.agentur-doppelstern.de\/wp-content\/uploads\/2025\/10\/ML-3-scaled-e1759314563364-1024x729.jpg\" alt=\"\" class=\"wp-image-12613\" style=\"width:374px\" srcset=\"http:\/\/dg-dev.agentur-doppelstern.de\/wp-content\/uploads\/2025\/10\/ML-3-scaled-e1759314563364-1024x729.jpg 1024w, http:\/\/dg-dev.agentur-doppelstern.de\/wp-content\/uploads\/2025\/10\/ML-3-scaled-e1759314563364-300x214.jpg 300w, http:\/\/dg-dev.agentur-doppelstern.de\/wp-content\/uploads\/2025\/10\/ML-3-scaled-e1759314563364-768x547.jpg 768w, http:\/\/dg-dev.agentur-doppelstern.de\/wp-content\/uploads\/2025\/10\/ML-3-scaled-e1759314563364-1536x1093.jpg 1536w, http:\/\/dg-dev.agentur-doppelstern.de\/wp-content\/uploads\/2025\/10\/ML-3-scaled-e1759314563364.jpg 1672w\" sizes=\"auto, (max-width: 1024px) 100vw, 1024px\" \/><\/figure>\n\n\n\n<p>Gemeinsam mit dem Verein <strong>Demokratiedeckel e. V. <\/strong>haben wir eine Sonderedition der Demokratiedeckel entwickelt. Jedes Set enth\u00e4lt acht Bierdeckel, die mit Fragen rund um die deutsche Demokratiegeschichte bedruckt sind.<\/p>\n\n\n\n<p>Ob beim Kneipenquiz, in der Jugendgruppe oder auf einem Stadtfest: Die Demokratiedeckel regen \u00fcberall dort, wo Menschen zusammenkommen, zu Gespr\u00e4chen \u00fcber Demokratiegeschichte(n) an.<\/p>\n\n\n\n<div style=\"height:32px\" aria-hidden=\"true\" class=\"wp-block-spacer\"><\/div>\n\n\n\n<h2 class=\"wp-block-heading\">Memory \u201eVerfassungsorte\u201c<\/h2>\n\n\n\n<figure class=\"wp-block-image alignleft size-large is-resized\"><img loading=\"lazy\" decoding=\"async\" width=\"626\" height=\"1024\" src=\"http:\/\/dg-dev.agentur-doppelstern.de\/wp-content\/uploads\/2025\/10\/Scan_Memory-002-scaled-e1759314754544-626x1024.jpg\" alt=\"\" class=\"wp-image-12616\" style=\"width:374px\" srcset=\"http:\/\/dg-dev.agentur-doppelstern.de\/wp-content\/uploads\/2025\/10\/Scan_Memory-002-scaled-e1759314754544-626x1024.jpg 626w, http:\/\/dg-dev.agentur-doppelstern.de\/wp-content\/uploads\/2025\/10\/Scan_Memory-002-scaled-e1759314754544-183x300.jpg 183w, http:\/\/dg-dev.agentur-doppelstern.de\/wp-content\/uploads\/2025\/10\/Scan_Memory-002-scaled-e1759314754544-768x1257.jpg 768w, http:\/\/dg-dev.agentur-doppelstern.de\/wp-content\/uploads\/2025\/10\/Scan_Memory-002-scaled-e1759314754544-939x1536.jpg 939w, http:\/\/dg-dev.agentur-doppelstern.de\/wp-content\/uploads\/2025\/10\/Scan_Memory-002-scaled-e1759314754544-1252x2048.jpg 1252w, http:\/\/dg-dev.agentur-doppelstern.de\/wp-content\/uploads\/2025\/10\/Scan_Memory-002-scaled-e1759314754544.jpg 1254w\" sizes=\"auto, (max-width: 626px) 100vw, 626px\" \/><\/figure>\n\n\n\n<p><strong>Verfassungsgeschichte(n) \u2013 zum Aufdecken, Kombinieren und Erinnern.<\/strong><\/p>\n\n\n\n<p>Mit unserem <strong>Verfassungs-Memory<\/strong> wird Geschichte zum Puzzle, das sich spielend zusammensetzen l\u00e4sst. Die Karten zeigen <strong>18 pr\u00e4gende Orte der deutschen Verfassungsgeschichte<\/strong> \u2013 von der Paulskirche in Frankfurt bis zum Bundesverfassungsgericht in Karlsruhe, vom Hambacher Schloss bis zur Nikolaikirche in Leipzig.<\/p>\n\n\n\n<p>Das Spiel macht sichtbar, dass Verfassungen nicht nur Texte sind, sondern Ausdruck gemeinsamer Werte, K\u00e4mpfe und Hoffnungen. Sie wurden \u00fcber Jahrhunderte hinweg diskutiert, beschlossen \u2013 und auch gebrochen. Jede Karte erz\u00e4hlt von einem Schl\u00fcsselmoment, wie 1793 in Mainz, 1849 in Frankfurt, 1949 in Bonn oder 1989 in Leipzig.<\/p>\n\n\n\n<p>Wer die richtigen Paare findet, gewinnt nicht nur das Spiel, sondern auch Einblicke in die bewegte Geschichte unserer Demokratie.<\/p>\n\n\n\n<p><\/p>\n\n\n\n<div style=\"height:55px\" aria-hidden=\"true\" class=\"wp-block-spacer\"><\/div>\n","protected":false},"excerpt":{"rendered":"<p>Demokratie spielerisch entdecken Demokratiegeschichte ist lebendig, vielstimmig und voller Wendungen. Sie erz\u00e4hlt von Erfolgen und R\u00fcckschl\u00e4gen, von Mut und Widerstand, von Menschen, die Freiheit, Gleichheit und Mitbestimmung erk\u00e4mpft haben. Um diese Geschichte erfahrbar zu machen, entwickeln wir Formate, die Wissen und Erlebnis miteinander verbinden \u2013 zug\u00e4nglich, interaktiv und mit Freude am Mitmachen. Unsere Spiele laden [&hellip;]<\/p>\n","protected":false},"author":21,"featured_media":0,"parent":0,"menu_order":1,"comment_status":"closed","ping_status":"closed","template":"","meta":{"_acf_changed":false,"footnotes":""},"categories":[],"tags":[],"class_list":["post-12611","page","type-page","status-publish","hentry"],"acf":[],"yoast_head":"<!-- This site is optimized with the Yoast SEO plugin v27.3 - https:\/\/yoast.com\/product\/yoast-seo-wordpress\/ -->\n<title>Spiele zur Demokratiegeschichte - Stiftung Orte der deutschen Demokratiegeschichte<\/title>\n<meta name=\"robots\" content=\"index, follow, max-snippet:-1, max-image-preview:large, max-video-preview:-1\" \/>\n<link rel=\"canonical\" href=\"http:\/\/dg-dev.agentur-doppelstern.de\/httpdocs\/index.php\/spiele-zur-demokratiegeschichte\/\" \/>\n<meta property=\"og:locale\" content=\"de_DE\" \/>\n<meta property=\"og:type\" content=\"article\" \/>\n<meta property=\"og:title\" content=\"Spiele zur Demokratiegeschichte - Stiftung Orte der deutschen Demokratiegeschichte\" \/>\n<meta property=\"og:description\" content=\"Demokratie spielerisch entdecken Demokratiegeschichte ist lebendig, vielstimmig und voller Wendungen. Sie erz\u00e4hlt von Erfolgen und R\u00fcckschl\u00e4gen, von Mut und Widerstand, von Menschen, die Freiheit, Gleichheit und Mitbestimmung erk\u00e4mpft haben. Um diese Geschichte erfahrbar zu machen, entwickeln wir Formate, die Wissen und Erlebnis miteinander verbinden \u2013 zug\u00e4nglich, interaktiv und mit Freude am Mitmachen. Unsere Spiele laden [&hellip;]\" \/>\n<meta property=\"og:url\" content=\"http:\/\/dg-dev.agentur-doppelstern.de\/httpdocs\/index.php\/spiele-zur-demokratiegeschichte\/\" \/>\n<meta property=\"og:site_name\" content=\"Stiftung Orte der deutschen Demokratiegeschichte\" \/>\n<meta property=\"og:image\" content=\"http:\/\/dg-dev.agentur-doppelstern.de\/wp-content\/uploads\/2025\/10\/ML-3-scaled-e1759314563364-1024x729.jpg\" \/>\n<meta name=\"twitter:card\" content=\"summary_large_image\" \/>\n<meta name=\"twitter:label1\" content=\"Gesch\u00e4tzte Lesezeit\" \/>\n\t<meta name=\"twitter:data1\" content=\"2\u00a0Minuten\" \/>\n<script type=\"application\/ld+json\" class=\"yoast-schema-graph\">{\"@context\":\"https:\\\/\\\/schema.org\",\"@graph\":[{\"@type\":\"WebPage\",\"@id\":\"http:\\\/\\\/dg-dev.agentur-doppelstern.de\\\/httpdocs\\\/index.php\\\/spiele-zur-demokratiegeschichte\\\/\",\"url\":\"http:\\\/\\\/dg-dev.agentur-doppelstern.de\\\/httpdocs\\\/index.php\\\/spiele-zur-demokratiegeschichte\\\/\",\"name\":\"Spiele zur Demokratiegeschichte - Stiftung Orte der deutschen Demokratiegeschichte\",\"isPartOf\":{\"@id\":\"http:\\\/\\\/dg-dev.agentur-doppelstern.de\\\/httpdocs\\\/index.php\\\/#website\"},\"primaryImageOfPage\":{\"@id\":\"http:\\\/\\\/dg-dev.agentur-doppelstern.de\\\/httpdocs\\\/index.php\\\/spiele-zur-demokratiegeschichte\\\/#primaryimage\"},\"image\":{\"@id\":\"http:\\\/\\\/dg-dev.agentur-doppelstern.de\\\/httpdocs\\\/index.php\\\/spiele-zur-demokratiegeschichte\\\/#primaryimage\"},\"thumbnailUrl\":\"http:\\\/\\\/dg-dev.agentur-doppelstern.de\\\/wp-content\\\/uploads\\\/2025\\\/10\\\/ML-3-scaled-e1759314563364-1024x729.jpg\",\"datePublished\":\"2025-10-01T10:38:17+00:00\",\"breadcrumb\":{\"@id\":\"http:\\\/\\\/dg-dev.agentur-doppelstern.de\\\/httpdocs\\\/index.php\\\/spiele-zur-demokratiegeschichte\\\/#breadcrumb\"},\"inLanguage\":\"de\",\"potentialAction\":[{\"@type\":\"ReadAction\",\"target\":[\"http:\\\/\\\/dg-dev.agentur-doppelstern.de\\\/httpdocs\\\/index.php\\\/spiele-zur-demokratiegeschichte\\\/\"]}]},{\"@type\":\"ImageObject\",\"inLanguage\":\"de\",\"@id\":\"http:\\\/\\\/dg-dev.agentur-doppelstern.de\\\/httpdocs\\\/index.php\\\/spiele-zur-demokratiegeschichte\\\/#primaryimage\",\"url\":\"http:\\\/\\\/dg-dev.agentur-doppelstern.de\\\/wp-content\\\/uploads\\\/2025\\\/10\\\/ML-3-scaled-e1759314563364-1024x729.jpg\",\"contentUrl\":\"http:\\\/\\\/dg-dev.agentur-doppelstern.de\\\/wp-content\\\/uploads\\\/2025\\\/10\\\/ML-3-scaled-e1759314563364-1024x729.jpg\"},{\"@type\":\"BreadcrumbList\",\"@id\":\"http:\\\/\\\/dg-dev.agentur-doppelstern.de\\\/httpdocs\\\/index.php\\\/spiele-zur-demokratiegeschichte\\\/#breadcrumb\",\"itemListElement\":[{\"@type\":\"ListItem\",\"position\":1,\"name\":\"Startseite\",\"item\":\"http:\\\/\\\/dg-dev.agentur-doppelstern.de\\\/httpdocs\\\/index.php\\\/\"},{\"@type\":\"ListItem\",\"position\":2,\"name\":\"Spiele zur Demokratiegeschichte\"}]},{\"@type\":\"WebSite\",\"@id\":\"http:\\\/\\\/dg-dev.agentur-doppelstern.de\\\/httpdocs\\\/index.php\\\/#website\",\"url\":\"http:\\\/\\\/dg-dev.agentur-doppelstern.de\\\/httpdocs\\\/index.php\\\/\",\"name\":\"Stiftung Orte der deutschen Demokratiegeschichte\",\"description\":\"\",\"potentialAction\":[{\"@type\":\"SearchAction\",\"target\":{\"@type\":\"EntryPoint\",\"urlTemplate\":\"http:\\\/\\\/dg-dev.agentur-doppelstern.de\\\/httpdocs\\\/index.php\\\/?s={search_term_string}\"},\"query-input\":{\"@type\":\"PropertyValueSpecification\",\"valueRequired\":true,\"valueName\":\"search_term_string\"}}],\"inLanguage\":\"de\"}]}<\/script>\n<!-- \/ Yoast SEO plugin. -->","yoast_head_json":{"title":"Spiele zur Demokratiegeschichte - Stiftung Orte der deutschen Demokratiegeschichte","robots":{"index":"index","follow":"follow","max-snippet":"max-snippet:-1","max-image-preview":"max-image-preview:large","max-video-preview":"max-video-preview:-1"},"canonical":"http:\/\/dg-dev.agentur-doppelstern.de\/httpdocs\/index.php\/spiele-zur-demokratiegeschichte\/","og_locale":"de_DE","og_type":"article","og_title":"Spiele zur Demokratiegeschichte - Stiftung Orte der deutschen Demokratiegeschichte","og_description":"Demokratie spielerisch entdecken Demokratiegeschichte ist lebendig, vielstimmig und voller Wendungen. Sie erz\u00e4hlt von Erfolgen und R\u00fcckschl\u00e4gen, von Mut und Widerstand, von Menschen, die Freiheit, Gleichheit und Mitbestimmung erk\u00e4mpft haben. Um diese Geschichte erfahrbar zu machen, entwickeln wir Formate, die Wissen und Erlebnis miteinander verbinden \u2013 zug\u00e4nglich, interaktiv und mit Freude am Mitmachen. Unsere Spiele laden [&hellip;]","og_url":"http:\/\/dg-dev.agentur-doppelstern.de\/httpdocs\/index.php\/spiele-zur-demokratiegeschichte\/","og_site_name":"Stiftung Orte der deutschen Demokratiegeschichte","og_image":[{"url":"http:\/\/dg-dev.agentur-doppelstern.de\/wp-content\/uploads\/2025\/10\/ML-3-scaled-e1759314563364-1024x729.jpg","type":"","width":"","height":""}],"twitter_card":"summary_large_image","twitter_misc":{"Gesch\u00e4tzte Lesezeit":"2\u00a0Minuten"},"schema":{"@context":"https:\/\/schema.org","@graph":[{"@type":"WebPage","@id":"http:\/\/dg-dev.agentur-doppelstern.de\/httpdocs\/index.php\/spiele-zur-demokratiegeschichte\/","url":"http:\/\/dg-dev.agentur-doppelstern.de\/httpdocs\/index.php\/spiele-zur-demokratiegeschichte\/","name":"Spiele zur Demokratiegeschichte - Stiftung Orte der deutschen Demokratiegeschichte","isPartOf":{"@id":"http:\/\/dg-dev.agentur-doppelstern.de\/httpdocs\/index.php\/#website"},"primaryImageOfPage":{"@id":"http:\/\/dg-dev.agentur-doppelstern.de\/httpdocs\/index.php\/spiele-zur-demokratiegeschichte\/#primaryimage"},"image":{"@id":"http:\/\/dg-dev.agentur-doppelstern.de\/httpdocs\/index.php\/spiele-zur-demokratiegeschichte\/#primaryimage"},"thumbnailUrl":"http:\/\/dg-dev.agentur-doppelstern.de\/wp-content\/uploads\/2025\/10\/ML-3-scaled-e1759314563364-1024x729.jpg","datePublished":"2025-10-01T10:38:17+00:00","breadcrumb":{"@id":"http:\/\/dg-dev.agentur-doppelstern.de\/httpdocs\/index.php\/spiele-zur-demokratiegeschichte\/#breadcrumb"},"inLanguage":"de","potentialAction":[{"@type":"ReadAction","target":["http:\/\/dg-dev.agentur-doppelstern.de\/httpdocs\/index.php\/spiele-zur-demokratiegeschichte\/"]}]},{"@type":"ImageObject","inLanguage":"de","@id":"http:\/\/dg-dev.agentur-doppelstern.de\/httpdocs\/index.php\/spiele-zur-demokratiegeschichte\/#primaryimage","url":"http:\/\/dg-dev.agentur-doppelstern.de\/wp-content\/uploads\/2025\/10\/ML-3-scaled-e1759314563364-1024x729.jpg","contentUrl":"http:\/\/dg-dev.agentur-doppelstern.de\/wp-content\/uploads\/2025\/10\/ML-3-scaled-e1759314563364-1024x729.jpg"},{"@type":"BreadcrumbList","@id":"http:\/\/dg-dev.agentur-doppelstern.de\/httpdocs\/index.php\/spiele-zur-demokratiegeschichte\/#breadcrumb","itemListElement":[{"@type":"ListItem","position":1,"name":"Startseite","item":"http:\/\/dg-dev.agentur-doppelstern.de\/httpdocs\/index.php\/"},{"@type":"ListItem","position":2,"name":"Spiele zur Demokratiegeschichte"}]},{"@type":"WebSite","@id":"http:\/\/dg-dev.agentur-doppelstern.de\/httpdocs\/index.php\/#website","url":"http:\/\/dg-dev.agentur-doppelstern.de\/httpdocs\/index.php\/","name":"Stiftung Orte der deutschen Demokratiegeschichte","description":"","potentialAction":[{"@type":"SearchAction","target":{"@type":"EntryPoint","urlTemplate":"http:\/\/dg-dev.agentur-doppelstern.de\/httpdocs\/index.php\/?s={search_term_string}"},"query-input":{"@type":"PropertyValueSpecification","valueRequired":true,"valueName":"search_term_string"}}],"inLanguage":"de"}]}},"wps_subtitle":"","_links":{"self":[{"href":"http:\/\/dg-dev.agentur-doppelstern.de\/httpdocs\/index.php\/wp-json\/wp\/v2\/pages\/12611","targetHints":{"allow":["GET"]}}],"collection":[{"href":"http:\/\/dg-dev.agentur-doppelstern.de\/httpdocs\/index.php\/wp-json\/wp\/v2\/pages"}],"about":[{"href":"http:\/\/dg-dev.agentur-doppelstern.de\/httpdocs\/index.php\/wp-json\/wp\/v2\/types\/page"}],"author":[{"embeddable":true,"href":"http:\/\/dg-dev.agentur-doppelstern.de\/httpdocs\/index.php\/wp-json\/wp\/v2\/users\/21"}],"replies":[{"embeddable":true,"href":"http:\/\/dg-dev.agentur-doppelstern.de\/httpdocs\/index.php\/wp-json\/wp\/v2\/comments?post=12611"}],"version-history":[{"count":0,"href":"http:\/\/dg-dev.agentur-doppelstern.de\/httpdocs\/index.php\/wp-json\/wp\/v2\/pages\/12611\/revisions"}],"wp:attachment":[{"href":"http:\/\/dg-dev.agentur-doppelstern.de\/httpdocs\/index.php\/wp-json\/wp\/v2\/media?parent=12611"}],"wp:term":[{"taxonomy":"category","embeddable":true,"href":"http:\/\/dg-dev.agentur-doppelstern.de\/httpdocs\/index.php\/wp-json\/wp\/v2\/categories?post=12611"},{"taxonomy":"post_tag","embeddable":true,"href":"http:\/\/dg-dev.agentur-doppelstern.de\/httpdocs\/index.php\/wp-json\/wp\/v2\/tags?post=12611"}],"curies":[{"name":"wp","href":"https:\/\/api.w.org\/{rel}","templated":true}]}}