{"id":11915,"date":"2025-07-21T09:07:11","date_gmt":"2025-07-21T07:07:11","guid":{"rendered":"https:\/\/www.demokratie-geschichte.de\/index.php\/?page_id=11915"},"modified":"2025-07-21T09:07:11","modified_gmt":"2025-07-21T07:07:11","slug":"formulare-und-downloads","status":"publish","type":"page","link":"http:\/\/dg-dev.agentur-doppelstern.de\/httpdocs\/index.php\/formulare-und-downloads\/","title":{"rendered":"Formulare und Downloads"},"content":{"rendered":"\n<h1 class=\"wp-block-heading has-text-align-center has-white-color has-text-color has-background has-link-color wp-elements-d758077d7aaa7ae42ed584cade293c80\" style=\"background-color:#6f7072\">F\u00f6rderaufruf 2024<\/h1>\n\n\n\n<h2 class=\"wp-block-heading\">Dokumente zum Zuwendungsbescheid (ZWB)<\/h2>\n\n\n\n<p>Die hier genannten Unterlagen sind Bestandteil des ZWB. Die in ihnen enthaltenen Regelungen gelten f\u00fcr alle Zuwendungsempf\u00e4nger.<\/p>\n\n\n\n<ol class=\"wp-block-list\">\n<li><a href=\"https:\/\/www.demokratie-geschichte.de\/wp-content\/uploads\/2024\/06\/01_Vordruck-Erklaerung-Rechtsbehelfsverzicht.docx\">Vordruck Erkl\u00e4rung \u201cRechtsbehelfsverzicht&#8220;<\/a><\/li>\n\n\n\n<li><a href=\"https:\/\/www.demokratie-geschichte.de\/wp-content\/uploads\/2024\/06\/02_Vordruck-Mittelanforderung.docx\">Vordruck Mittelanforderung<\/a> <\/li>\n\n\n\n<li><a href=\"https:\/\/www.demokratie-geschichte.de\/wp-content\/uploads\/2024\/06\/03_Allgemeine-Nebenbestimmungen-fuer-Zuwendungen-zur-Projektfoerderung_ANBest-P.pdf\">Allgemeine Nebenbestimmungen f\u00fcr Zuwendungen zur Projektf\u00f6rderung (ANBest-P) in der Fassung vom 13.06.2019<\/a> (Bestandteil des Bescheides)<\/li>\n\n\n\n<li><a href=\"https:\/\/www.demokratie-geschichte.de\/wp-content\/uploads\/2024\/05\/SODG-Logo-RGB.png\">Logo der Stiftung Orte der deutschen Demokratiegeschichte<\/a> (f\u00fcr digitale Anwendungen, Versionen f\u00fcr Druck oder andere spezielle Verwendungen auf Anfrage)<\/li>\n\n\n\n<li><a href=\"https:\/\/www.demokratie-geschichte.de\/wp-content\/uploads\/2024\/06\/05_Merkblatt-zum-BRKG_15.03.2022.pdf\">Merkblatt zum BRKG (Stand 15.03.2022)<\/a><\/li>\n\n\n\n<li><a href=\"https:\/\/www.demokratie-geschichte.de\/wp-content\/uploads\/2024\/06\/06_BMI-Rundschreiben-vom-31.03.2010_RK.pdf\">Rundschreiben des BMI vom 31.03.2010 (Reisekosten)<\/a><\/li>\n\n\n\n<li><a href=\"https:\/\/www.demokratie-geschichte.de\/wp-content\/uploads\/2024\/06\/07_BMI-Rundschreiben-von-21.01.2020-Bahnnutzung-i.-V.-m.-Klimaschutz.pdf\">Rundschreiben des BMI vom 21.01.2020 (Bahnnutzung i.&nbsp;V.&nbsp;m. Klimaschutz)<\/a><\/li>\n\n\n\n<li><a href=\"https:\/\/www.demokratie-geschichte.de\/wp-content\/uploads\/2024\/06\/08_Richtlinie-zur-Korruptionspraevention-in-der-Bundesverwaltung.pdf\">Richtlinie der Bundesregierung zur Korruptionspr\u00e4vention in der Bundesverwaltung vom 30.07.2004<\/a><\/li>\n\n\n\n<li><a href=\"https:\/\/www.demokratie-geschichte.de\/wp-content\/uploads\/2024\/06\/09_Verfahrensrichtlinie-zur-Bewirtungspraxis.pdf\">Verfahrensrichtlinien zur Bewirtungspraxis vom 22.05.2007<\/a><\/li>\n\n\n\n<li><a href=\"http:\/\/dg-dev.agentur-doppelstern.de\/wp-content\/uploads\/2025\/04\/10_Merkblatt-Grundzuege-der-Vergabe-2025.pdf\" target=\"_blank\" rel=\"noreferrer noopener\">Merkblatt &#8222;Grundz\u00fcge der Vergabe&#8220; (Stand 2025)<\/a><\/li>\n\n\n\n<li><a href=\"https:\/\/www.demokratie-geschichte.de\/wp-content\/uploads\/2024\/06\/11_Broschuere-zur-ordnungsgemaessen-Geschaeftsfuehrung.pdf\">Brosch\u00fcre zur ordnungsgem\u00e4\u00dfen Gesch\u00e4ftsf\u00fchrung<\/a><\/li>\n\n\n\n<li><a href=\"http:\/\/dg-dev.agentur-doppelstern.de\/wp-content\/uploads\/2026\/02\/SODG_Zahlenmaessiger_Nachweis.xlsx\" target=\"_blank\" rel=\"noreferrer noopener\">Zahlenm\u00e4\u00dfiger Nachweis<\/a><\/li>\n\n\n\n<li><a href=\"http:\/\/dg-dev.agentur-doppelstern.de\/wp-content\/uploads\/2026\/02\/SODG_Sachbericht.docx\">Sachbericht<\/a><\/li>\n\n\n\n<li><a href=\"https:\/\/www.demokratie-geschichte.de\/wp-content\/uploads\/2024\/06\/13_Gesetz-fuer-die-Gleichstellung.pdf\">Gesetz f\u00fcr die Gleichstellung von Frauen und M\u00e4nnern in der Bundesverwaltung und in den Unternehmen und Gerichten des Bundes <\/a>(Bundesgleichstellungsgesetz \u2013 BGleiG) <\/li>\n\n\n\n<li><a href=\"https:\/\/www.demokratie-geschichte.de\/wp-content\/uploads\/2024\/06\/14_TdL-Richtlinien-zu-SHK-und-WHK-vom-28.02.2024.pdf\">Richtlinien der TdL vom 28.02.2024 \u00fcber die Arbeitsbedingungen von SHK und WHK<\/a><\/li>\n\n\n\n<li><a href=\"https:\/\/www.demokratie-geschichte.de\/wp-content\/uploads\/2024\/07\/15_Merkblatt-Honoraruntergrenzen-BKM.pdf\">Merkblatt Honoraruntergrenzen BKM<\/a><\/li>\n\n\n\n<li><a href=\"http:\/\/dg-dev.agentur-doppelstern.de\/wp-content\/uploads\/2025\/04\/16_Belegliste.xlsx\" target=\"_blank\" rel=\"noreferrer noopener\">Beleglist<\/a><a href=\"http:\/\/dg-dev.agentur-doppelstern.de\/wp-content\/uploads\/2026\/02\/SODG_Belegliste.xlsx\" target=\"_blank\" rel=\"noreferrer noopener\">e<\/a><\/li>\n<\/ol>\n\n\n\n<p><\/p>\n","protected":false},"excerpt":{"rendered":"<p>F\u00f6rderaufruf 2024 Dokumente zum Zuwendungsbescheid (ZWB) Die hier genannten Unterlagen sind Bestandteil des ZWB. Die in ihnen enthaltenen Regelungen gelten f\u00fcr alle Zuwendungsempf\u00e4nger.<\/p>\n","protected":false},"author":21,"featured_media":0,"parent":0,"menu_order":18,"comment_status":"closed","ping_status":"closed","template":"","meta":{"_acf_changed":false,"footnotes":""},"categories":[],"tags":[],"class_list":["post-11915","page","type-page","status-publish","hentry"],"acf":[],"yoast_head":"<!-- This site is optimized with the Yoast SEO plugin v27.3 - https:\/\/yoast.com\/product\/yoast-seo-wordpress\/ -->\n<title>Formulare und Downloads - Stiftung Orte der deutschen Demokratiegeschichte<\/title>\n<meta name=\"robots\" content=\"index, follow, max-snippet:-1, max-image-preview:large, max-video-preview:-1\" \/>\n<link rel=\"canonical\" href=\"http:\/\/dg-dev.agentur-doppelstern.de\/httpdocs\/index.php\/formulare-und-downloads\/\" \/>\n<meta property=\"og:locale\" content=\"de_DE\" \/>\n<meta property=\"og:type\" content=\"article\" \/>\n<meta property=\"og:title\" content=\"Formulare und Downloads - Stiftung Orte der deutschen Demokratiegeschichte\" \/>\n<meta property=\"og:description\" content=\"F\u00f6rderaufruf 2024 Dokumente zum Zuwendungsbescheid (ZWB) Die hier genannten Unterlagen sind Bestandteil des ZWB. Die in ihnen enthaltenen Regelungen gelten f\u00fcr alle Zuwendungsempf\u00e4nger.\" \/>\n<meta property=\"og:url\" content=\"http:\/\/dg-dev.agentur-doppelstern.de\/httpdocs\/index.php\/formulare-und-downloads\/\" \/>\n<meta property=\"og:site_name\" content=\"Stiftung Orte der deutschen Demokratiegeschichte\" \/>\n<meta name=\"twitter:card\" content=\"summary_large_image\" \/>\n<meta name=\"twitter:label1\" content=\"Gesch\u00e4tzte Lesezeit\" \/>\n\t<meta name=\"twitter:data1\" content=\"1\u00a0Minute\" \/>\n<script type=\"application\/ld+json\" class=\"yoast-schema-graph\">{\"@context\":\"https:\\\/\\\/schema.org\",\"@graph\":[{\"@type\":\"WebPage\",\"@id\":\"http:\\\/\\\/dg-dev.agentur-doppelstern.de\\\/httpdocs\\\/index.php\\\/formulare-und-downloads\\\/\",\"url\":\"http:\\\/\\\/dg-dev.agentur-doppelstern.de\\\/httpdocs\\\/index.php\\\/formulare-und-downloads\\\/\",\"name\":\"Formulare und Downloads - Stiftung Orte der deutschen Demokratiegeschichte\",\"isPartOf\":{\"@id\":\"http:\\\/\\\/dg-dev.agentur-doppelstern.de\\\/httpdocs\\\/index.php\\\/#website\"},\"datePublished\":\"2025-07-21T07:07:11+00:00\",\"breadcrumb\":{\"@id\":\"http:\\\/\\\/dg-dev.agentur-doppelstern.de\\\/httpdocs\\\/index.php\\\/formulare-und-downloads\\\/#breadcrumb\"},\"inLanguage\":\"de\",\"potentialAction\":[{\"@type\":\"ReadAction\",\"target\":[\"http:\\\/\\\/dg-dev.agentur-doppelstern.de\\\/httpdocs\\\/index.php\\\/formulare-und-downloads\\\/\"]}]},{\"@type\":\"BreadcrumbList\",\"@id\":\"http:\\\/\\\/dg-dev.agentur-doppelstern.de\\\/httpdocs\\\/index.php\\\/formulare-und-downloads\\\/#breadcrumb\",\"itemListElement\":[{\"@type\":\"ListItem\",\"position\":1,\"name\":\"Startseite\",\"item\":\"http:\\\/\\\/dg-dev.agentur-doppelstern.de\\\/httpdocs\\\/index.php\\\/\"},{\"@type\":\"ListItem\",\"position\":2,\"name\":\"Formulare und Downloads\"}]},{\"@type\":\"WebSite\",\"@id\":\"http:\\\/\\\/dg-dev.agentur-doppelstern.de\\\/httpdocs\\\/index.php\\\/#website\",\"url\":\"http:\\\/\\\/dg-dev.agentur-doppelstern.de\\\/httpdocs\\\/index.php\\\/\",\"name\":\"Stiftung Orte der deutschen Demokratiegeschichte\",\"description\":\"\",\"potentialAction\":[{\"@type\":\"SearchAction\",\"target\":{\"@type\":\"EntryPoint\",\"urlTemplate\":\"http:\\\/\\\/dg-dev.agentur-doppelstern.de\\\/httpdocs\\\/index.php\\\/?s={search_term_string}\"},\"query-input\":{\"@type\":\"PropertyValueSpecification\",\"valueRequired\":true,\"valueName\":\"search_term_string\"}}],\"inLanguage\":\"de\"}]}<\/script>\n<!-- \/ Yoast SEO plugin. -->","yoast_head_json":{"title":"Formulare und Downloads - Stiftung Orte der deutschen Demokratiegeschichte","robots":{"index":"index","follow":"follow","max-snippet":"max-snippet:-1","max-image-preview":"max-image-preview:large","max-video-preview":"max-video-preview:-1"},"canonical":"http:\/\/dg-dev.agentur-doppelstern.de\/httpdocs\/index.php\/formulare-und-downloads\/","og_locale":"de_DE","og_type":"article","og_title":"Formulare und Downloads - Stiftung Orte der deutschen Demokratiegeschichte","og_description":"F\u00f6rderaufruf 2024 Dokumente zum Zuwendungsbescheid (ZWB) Die hier genannten Unterlagen sind Bestandteil des ZWB. Die in ihnen enthaltenen Regelungen gelten f\u00fcr alle Zuwendungsempf\u00e4nger.","og_url":"http:\/\/dg-dev.agentur-doppelstern.de\/httpdocs\/index.php\/formulare-und-downloads\/","og_site_name":"Stiftung Orte der deutschen Demokratiegeschichte","twitter_card":"summary_large_image","twitter_misc":{"Gesch\u00e4tzte Lesezeit":"1\u00a0Minute"},"schema":{"@context":"https:\/\/schema.org","@graph":[{"@type":"WebPage","@id":"http:\/\/dg-dev.agentur-doppelstern.de\/httpdocs\/index.php\/formulare-und-downloads\/","url":"http:\/\/dg-dev.agentur-doppelstern.de\/httpdocs\/index.php\/formulare-und-downloads\/","name":"Formulare und Downloads - Stiftung Orte der deutschen Demokratiegeschichte","isPartOf":{"@id":"http:\/\/dg-dev.agentur-doppelstern.de\/httpdocs\/index.php\/#website"},"datePublished":"2025-07-21T07:07:11+00:00","breadcrumb":{"@id":"http:\/\/dg-dev.agentur-doppelstern.de\/httpdocs\/index.php\/formulare-und-downloads\/#breadcrumb"},"inLanguage":"de","potentialAction":[{"@type":"ReadAction","target":["http:\/\/dg-dev.agentur-doppelstern.de\/httpdocs\/index.php\/formulare-und-downloads\/"]}]},{"@type":"BreadcrumbList","@id":"http:\/\/dg-dev.agentur-doppelstern.de\/httpdocs\/index.php\/formulare-und-downloads\/#breadcrumb","itemListElement":[{"@type":"ListItem","position":1,"name":"Startseite","item":"http:\/\/dg-dev.agentur-doppelstern.de\/httpdocs\/index.php\/"},{"@type":"ListItem","position":2,"name":"Formulare und Downloads"}]},{"@type":"WebSite","@id":"http:\/\/dg-dev.agentur-doppelstern.de\/httpdocs\/index.php\/#website","url":"http:\/\/dg-dev.agentur-doppelstern.de\/httpdocs\/index.php\/","name":"Stiftung Orte der deutschen Demokratiegeschichte","description":"","potentialAction":[{"@type":"SearchAction","target":{"@type":"EntryPoint","urlTemplate":"http:\/\/dg-dev.agentur-doppelstern.de\/httpdocs\/index.php\/?s={search_term_string}"},"query-input":{"@type":"PropertyValueSpecification","valueRequired":true,"valueName":"search_term_string"}}],"inLanguage":"de"}]}},"wps_subtitle":"","_links":{"self":[{"href":"http:\/\/dg-dev.agentur-doppelstern.de\/httpdocs\/index.php\/wp-json\/wp\/v2\/pages\/11915","targetHints":{"allow":["GET"]}}],"collection":[{"href":"http:\/\/dg-dev.agentur-doppelstern.de\/httpdocs\/index.php\/wp-json\/wp\/v2\/pages"}],"about":[{"href":"http:\/\/dg-dev.agentur-doppelstern.de\/httpdocs\/index.php\/wp-json\/wp\/v2\/types\/page"}],"author":[{"embeddable":true,"href":"http:\/\/dg-dev.agentur-doppelstern.de\/httpdocs\/index.php\/wp-json\/wp\/v2\/users\/21"}],"replies":[{"embeddable":true,"href":"http:\/\/dg-dev.agentur-doppelstern.de\/httpdocs\/index.php\/wp-json\/wp\/v2\/comments?post=11915"}],"version-history":[{"count":0,"href":"http:\/\/dg-dev.agentur-doppelstern.de\/httpdocs\/index.php\/wp-json\/wp\/v2\/pages\/11915\/revisions"}],"wp:attachment":[{"href":"http:\/\/dg-dev.agentur-doppelstern.de\/httpdocs\/index.php\/wp-json\/wp\/v2\/media?parent=11915"}],"wp:term":[{"taxonomy":"category","embeddable":true,"href":"http:\/\/dg-dev.agentur-doppelstern.de\/httpdocs\/index.php\/wp-json\/wp\/v2\/categories?post=11915"},{"taxonomy":"post_tag","embeddable":true,"href":"http:\/\/dg-dev.agentur-doppelstern.de\/httpdocs\/index.php\/wp-json\/wp\/v2\/tags?post=11915"}],"curies":[{"name":"wp","href":"https:\/\/api.w.org\/{rel}","templated":true}]}}