{"id":11901,"date":"2025-07-16T11:38:00","date_gmt":"2025-07-16T09:38:00","guid":{"rendered":"https:\/\/www.demokratie-geschichte.de\/index.php\/?page_id=11901"},"modified":"2025-07-16T11:38:00","modified_gmt":"2025-07-16T09:38:00","slug":"wir-das-grundgesetz","status":"publish","type":"page","link":"http:\/\/dg-dev.agentur-doppelstern.de\/httpdocs\/index.php\/wir-das-grundgesetz\/","title":{"rendered":"Wir das Grundgesetz"},"content":{"rendered":"\n<h3 class=\"wp-block-heading\">Wir sind auf Tour!<\/h3>\n\n\n\n<ul class=\"wp-block-list\">\n<li>4. M\u00e4rz 2026: Otto-Hahn-Schule, Hanau (Vorstellung nur f\u00fcr Sch\u00fclerinnen und Sch\u00fcler)<\/li>\n\n\n\n<li>4. M\u00e4rz 2026, 17:00 Uhr: Historisches Museum Schloss Philippsruhe, Hanau<\/li>\n<\/ul>\n\n\n\n<p><\/p>\n\n\n\n<h2 class=\"wp-block-heading\">Richtungsweisend wie immer. Mitrei\u00dfend wie nie.<\/h2>\n\n\n\n<p class=\"has-text-align-left\"><em>Wie geht es unserem Grundgesetz?  Kennst du deine Verfassung eigentlich pers\u00f6nlich? Was bedeutet das Grundgesetz f\u00fcr uns heute?<\/em> <\/p>\n\n\n\n<p class=\"has-text-align-left\">Das Grundgesetz ist die&nbsp;Basis f\u00fcr unser gesellschaftliches Zusammenleben. Auch wenn sie in unserem Alltag nicht st\u00e4ndig sichtbar ist, bildet unsere demokratische Verfassung den Rahmen, in dem ein friedliches Miteinander gew\u00e4hrleistet ist.&nbsp;In unserem kurzweiligen <strong>Ein-Personen-St\u00fcck <\/strong>bekommt das Grundgesetz eine Stimme: Auf unterhaltsame Art wirft es einen Blick auf die <strong>Grundlagen unserer Demokratie<\/strong> und zeigt, wie relevant es f\u00fcr unser t\u00e4gliches Leben ist. Schauspielerinnen Katja Straub und Clarissa Schneider nehmen das Publikum mit auf eine fesselnde und humorvolle Reise durch die Geschichte unserer Demokratie. Besonders unterhaltsam wird es, wenn sich Mutter Weimar und Gro\u00dfmutter Paulskirche zu Wort melden!<\/p>\n\n\n\n<p>Ein Theaterst\u00fcck, das Wissen lebendig werden l\u00e4sst: F\u00fcr <strong>Schulklassen ab Klassenstufe 10, Museen und Vereine<\/strong> bietet diese Auff\u00fchrung lebendige Wissensvermittlung und eine eindrucksvolle Auseinandersetzung mit unserer freiheitlich-demokratischen Grundordnung. <\/p>\n\n\n\n<p>Das St\u00fcck kann <strong>flexibel an unterschiedlichen Orten<\/strong> gezeigt werden \u2013 ob auf der B\u00fchne, im Klassenzimmer oder im Museum \u2013 und wird professionell umgesetzt (Text und Regie: Alexander Maser). Die Spieldauer betr\u00e4gt wahlweise <strong>25 oder 60 Minuten<\/strong>. Die Stiftung Orte der deutschen Demokratiegeschichte kann in begr\u00fcndeten F\u00e4llen die Honorarkosten der Schauspielerin \u00fcbernehmen.<\/p>\n\n\n\n<p><\/p>\n\n\n\n<figure class=\"wp-block-gallery has-nested-images columns-default is-cropped wp-block-gallery-1 is-layout-flex wp-block-gallery-is-layout-flex\">\n<figure class=\"wp-block-image size-large\"><img decoding=\"async\" data-id=\"11713\" src=\"https:\/\/www.demokratie-geschichte.de\/wp-content\/uploads\/2025\/05\/SODG_Foto-Paula-Riechardt14-min-1024x683.jpg\" alt=\"\" class=\"wp-image-11713\"\/><figcaption class=\"wp-element-caption\">Schulauff\u00fchrung<\/figcaption><\/figure>\n\n\n\n<figure class=\"wp-block-image size-large\"><img loading=\"lazy\" decoding=\"async\" width=\"768\" height=\"1024\" data-id=\"11243\" src=\"http:\/\/dg-dev.agentur-doppelstern.de\/wp-content\/uploads\/2025\/03\/IMG_2163-scaled-e1741858091784-768x1024.jpg\" alt=\"\" class=\"wp-image-11243\" srcset=\"http:\/\/dg-dev.agentur-doppelstern.de\/wp-content\/uploads\/2025\/03\/IMG_2163-scaled-e1741858091784-768x1024.jpg 768w, http:\/\/dg-dev.agentur-doppelstern.de\/wp-content\/uploads\/2025\/03\/IMG_2163-scaled-e1741858091784-225x300.jpg 225w, http:\/\/dg-dev.agentur-doppelstern.de\/wp-content\/uploads\/2025\/03\/IMG_2163-scaled-e1741858091784-1152x1536.jpg 1152w, http:\/\/dg-dev.agentur-doppelstern.de\/wp-content\/uploads\/2025\/03\/IMG_2163-scaled-e1741858091784-1536x2048.jpg 1536w, http:\/\/dg-dev.agentur-doppelstern.de\/wp-content\/uploads\/2025\/03\/IMG_2163-scaled-e1741858091784.jpg 1920w\" sizes=\"auto, (max-width: 768px) 100vw, 768px\" \/><figcaption class=\"wp-element-caption\">Auff\u00fchrung in der Frankfurt Paulskirche<\/figcaption><\/figure>\n\n\n\n<figure class=\"wp-block-image size-large\"><img loading=\"lazy\" decoding=\"async\" width=\"1024\" height=\"683\" data-id=\"11245\" src=\"http:\/\/dg-dev.agentur-doppelstern.de\/wp-content\/uploads\/2024\/10\/RendezvousWeimar24_JanaGross-95-1024x683.jpg\" alt=\"\" class=\"wp-image-11245\" srcset=\"http:\/\/dg-dev.agentur-doppelstern.de\/wp-content\/uploads\/2024\/10\/RendezvousWeimar24_JanaGross-95-1024x683.jpg 1024w, http:\/\/dg-dev.agentur-doppelstern.de\/wp-content\/uploads\/2024\/10\/RendezvousWeimar24_JanaGross-95-300x200.jpg 300w, http:\/\/dg-dev.agentur-doppelstern.de\/wp-content\/uploads\/2024\/10\/RendezvousWeimar24_JanaGross-95-768x512.jpg 768w, http:\/\/dg-dev.agentur-doppelstern.de\/wp-content\/uploads\/2024\/10\/RendezvousWeimar24_JanaGross-95-1536x1024.jpg 1536w, http:\/\/dg-dev.agentur-doppelstern.de\/wp-content\/uploads\/2024\/10\/RendezvousWeimar24_JanaGross-95-1200x800.jpg 1200w, http:\/\/dg-dev.agentur-doppelstern.de\/wp-content\/uploads\/2024\/10\/RendezvousWeimar24_JanaGross-95-720x480.jpg 720w, http:\/\/dg-dev.agentur-doppelstern.de\/wp-content\/uploads\/2024\/10\/RendezvousWeimar24_JanaGross-95.jpg 1600w\" sizes=\"auto, (max-width: 1024px) 100vw, 1024px\" \/><figcaption class=\"wp-element-caption\">Auff\u00fchrung beim Weimarer Rendez-vous mit der Geschichte<\/figcaption><\/figure>\n\n\n\n<figure class=\"wp-block-image size-large\"><img decoding=\"async\" data-id=\"11709\" src=\"https:\/\/www.demokratie-geschichte.de\/wp-content\/uploads\/2025\/05\/SODG_Foto-Paula-Riechardt18-min-1024x683.jpg\" alt=\"\" class=\"wp-image-11709\"\/><figcaption class=\"wp-element-caption\">Schulauff\u00fchrung<\/figcaption><\/figure>\n\n\n\n<figure class=\"wp-block-image size-large\"><img decoding=\"async\" data-id=\"11250\" src=\"https:\/\/www.demokratie-geschichte.de\/wp-content\/uploads\/2024\/10\/Foto_GEDG-Christian-Faludi-2-1024x724.jpg\" alt=\"\" class=\"wp-image-11250\"\/><figcaption class=\"wp-element-caption\">Auff\u00fchrung beim B\u00fcrgerfest des Bundespr\u00e4sidenten in Bonn<\/figcaption><\/figure>\n\n\n\n<figure class=\"wp-block-image size-large\"><img decoding=\"async\" data-id=\"11701\" src=\"https:\/\/www.demokratie-geschichte.de\/wp-content\/uploads\/2025\/05\/SODG_Foto-Paula-Riechardt21-1024x701.jpg\" alt=\"\" class=\"wp-image-11701\"\/><figcaption class=\"wp-element-caption\">Schulauff\u00fchrung<\/figcaption><\/figure>\n<\/figure>\n\n\n\n<p><\/p>\n\n\n\n<h2 class=\"wp-block-heading\">Technische Anforderungen<\/h2>\n\n\n\n<ul class=\"wp-block-list\">\n<li>B\u00fchne oder b\u00fchnen\u00e4hnliches Setting (flexibel, mindestens 3x3m) mit guter Beleuchtung, Platz f\u00fcr mindestens 50 ZuschauerInnen<\/li>\n\n\n\n<li>Requisiten: Stuhl <\/li>\n\n\n\n<li>Projektor\/Leinwand oder Monitor in angemessener Gr\u00f6\u00dfe mit HDMI-Anschluss (nur Langversion)<\/li>\n\n\n\n<li>Dem Saal angemessene PA-Anlage mit Headset-Mikrofon und Anschluss f\u00fcr einen Laptop (HDMI oder 3,5mm Klinke)<\/li>\n<\/ul>\n\n\n\n<p><\/p>\n\n\n\n<h2 class=\"wp-block-heading\">Informationsmaterialien<\/h2>\n\n\n\n<div class=\"wp-block-columns is-layout-flex wp-container-core-columns-is-layout-28f84493 wp-block-columns-is-layout-flex\">\n<div class=\"wp-block-column is-layout-flow wp-block-column-is-layout-flow\" style=\"flex-basis:50%\">\n<figure class=\"wp-block-image size-large is-resized\"><a href=\"http:\/\/dg-dev.agentur-doppelstern.de\/wp-content\/uploads\/2024\/10\/WIRdG_Postkarte_241022_RZ-1.pdf\"><img decoding=\"async\" src=\"http:\/\/dg-dev.agentur-doppelstern.de\/wp-content\/uploads\/2024\/10\/WIRdG_Postkarte_241022_RZ_01-1-726x1024.png\" alt=\"\" class=\"wp-image-10544\" style=\"width:297px;height:auto\"\/><\/a><figcaption class=\"wp-element-caption\">Postkarten zum Ausdrucken<\/figcaption><\/figure>\n<\/div>\n\n\n\n<div class=\"wp-block-column is-layout-flow wp-block-column-is-layout-flow\" style=\"flex-basis:50%\">\n<figure class=\"wp-block-image size-large is-resized\"><a href=\"http:\/\/dg-dev.agentur-doppelstern.de\/wp-content\/uploads\/2024\/10\/WIRdG_Flyer_A5_241022_RZ-1.pdf\"><img loading=\"lazy\" decoding=\"async\" width=\"726\" height=\"1024\" src=\"http:\/\/dg-dev.agentur-doppelstern.de\/wp-content\/uploads\/2024\/10\/WIRdG_Postkarte_241022_RZ_02-1-726x1024.png\" alt=\"\" class=\"wp-image-10545\" style=\"width:294px;height:auto\" srcset=\"http:\/\/dg-dev.agentur-doppelstern.de\/wp-content\/uploads\/2024\/10\/WIRdG_Postkarte_241022_RZ_02-1-726x1024.png 726w, http:\/\/dg-dev.agentur-doppelstern.de\/wp-content\/uploads\/2024\/10\/WIRdG_Postkarte_241022_RZ_02-1-213x300.png 213w, http:\/\/dg-dev.agentur-doppelstern.de\/wp-content\/uploads\/2024\/10\/WIRdG_Postkarte_241022_RZ_02-1-768x1083.png 768w, http:\/\/dg-dev.agentur-doppelstern.de\/wp-content\/uploads\/2024\/10\/WIRdG_Postkarte_241022_RZ_02-1-1090x1536.png 1090w, http:\/\/dg-dev.agentur-doppelstern.de\/wp-content\/uploads\/2024\/10\/WIRdG_Postkarte_241022_RZ_02-1.png 1240w\" sizes=\"auto, (max-width: 726px) 100vw, 726px\" \/><\/a><figcaption class=\"wp-element-caption\">Projektflyer<\/figcaption><\/figure>\n<\/div>\n<\/div>\n\n\n\n<figure class=\"wp-block-embed is-type-video is-provider-youtube wp-block-embed-youtube wp-embed-aspect-16-9 wp-has-aspect-ratio\"><div class=\"wp-block-embed__wrapper\">\n<iframe loading=\"lazy\" title=\"Wir das Grundgesetz\" width=\"422\" height=\"750\" src=\"https:\/\/www.youtube.com\/embed\/u5ji5nnz9uM?feature=oembed\" frameborder=\"0\" allow=\"accelerometer; autoplay; clipboard-write; encrypted-media; gyroscope; picture-in-picture; web-share\" referrerpolicy=\"strict-origin-when-cross-origin\" allowfullscreen><\/iframe>\n<\/div><figcaption class=\"wp-element-caption\">Trailer &#8222;Wir das Grundgesetz&#8220;; Produktion: A. Maser<\/figcaption><\/figure>\n\n\n\n<p><\/p>\n\n\n\n<h2 class=\"wp-block-heading\">Vergangene Auff\u00fchrungen<\/h2>\n\n\n\n<h3 class=\"wp-block-heading\">2026<\/h3>\n\n\n\n<ul class=\"wp-block-list\">\n<li>12. und 13. Januar: &nbsp;Weiterbildungskolleg der Stadt Bielefeld (Vorstellung nur f\u00fcr Sch\u00fclerinnen und Sch\u00fcler)<\/li>\n<\/ul>\n\n\n\n<h3 class=\"wp-block-heading\">2025<\/h3>\n\n\n\n<ul class=\"wp-block-list\">\n<li>16. Dezember: Staatliches Berufliches Schulzentrum I., Ansbach (Vorstellung nur f\u00fcr Sch\u00fclerinnen und Sch\u00fcler)<\/li>\n\n\n\n<li>24. November: Caritas-Diakonie Berufsfachschule f\u00fcr Pflege, Bamberg (Vorstellung nur f\u00fcr Sch\u00fclerinnen und Sch\u00fcler)<\/li>\n\n\n\n<li>14. November: Berufliches Gymnasium BBS Technik 1, Ludwigshafen (Vorstellung nur f\u00fcr Sch\u00fclerinnen und Sch\u00fcler)<\/li>\n\n\n\n<li>17. November: Ernst-Moritz-Arndt-Gymnasium, Bonn (Vorstellung nur f\u00fcr Sch\u00fclerinnen und Sch\u00fcler)<\/li>\n\n\n\n<li>8. Oktober: Bergisches Kolleg Wuppertal<\/li>\n\n\n\n<li>3. Oktober: Deutschland singt und klingt, Marktplatz, Halle (Saale)<\/li>\n\n\n\n<li>14. September: Tag des offenen Denkmals, Open Embassy, Bonn<\/li>\n\n\n\n<li>12.\/13. September: B\u00fcrgerfest des Bundespr\u00e4sidenten 2025, Schloss Bellevue, Berlin<\/li>\n\n\n\n<li>17. Juni: Werner-von-Siemens-Schule, Wetzlar (Vorstellung nur f\u00fcr Sch\u00fclerinnen und Sch\u00fcler)<\/li>\n\n\n\n<li>12. Juni: Ferdinand Freiligrath Schule, Berlin (Vorstellung nur f\u00fcr Sch\u00fclerinnen und Sch\u00fcler)<\/li>\n\n\n\n<li>23. Mai: Parlamentsplatz, Frankfurt am Main<\/li>\n\n\n\n<li>23. Mai: Musterschule, Frankfurt (Vorstellung nur f\u00fcr Sch\u00fclerinnen und Sch\u00fcler)<\/li>\n\n\n\n<li>22. Mai: Villa Gr\u00fcndergeist, Frankfurt am Main<\/li>\n\n\n\n<li>26. M\u00e4rz: Carl-Humann-Gymnasium Essen (Vorstellung nur f\u00fcr Sch\u00fclerinnen und Sch\u00fcler)<\/li>\n\n\n\n<li>14. M\u00e4rz: element-i Bildungshaus Karlsruhe (Vorstellung nur f\u00fcr Sch\u00fclerinnen und Sch\u00fcler)<\/li>\n\n\n\n<li>28. Februar: Marie-Baum-Schule Heidelberg (Vorstellung nur f\u00fcr Sch\u00fclerinnen und Sch\u00fcler)<\/li>\n\n\n\n<li>20. Februar: Gewerbliche Schule Waiblingen (Vorstellung nur f\u00fcr Sch\u00fclerinnen und Sch\u00fcler)<\/li>\n\n\n\n<li>13. Februar: F\u00fcrstenberg-Gymnasium Donaueschingen (Vorstellung nur f\u00fcr Sch\u00fclerinnen und Sch\u00fcler)<\/li>\n\n\n\n<li>12. Februar: Mettnauschule Radolfzell (Vorstellung nur f\u00fcr Sch\u00fclerinnen und Sch\u00fcler)<\/li>\n\n\n\n<li>11. Februar: Realschule Donaueschingen (Vorstellung nur f\u00fcr Sch\u00fclerinnen und Sch\u00fcler)<\/li>\n\n\n\n<li>30. Januar: Berufsschule F\u00fcrth 3 (Vorstellung nur f\u00fcr Sch\u00fclerinnen und Sch\u00fcler)<\/li>\n\n\n\n<li>14. Januar: Pestalozzi-Gymnasium Biberach (Vorstellung nur f\u00fcr Sch\u00fclerinnen und Sch\u00fcler)<\/li>\n<\/ul>\n\n\n\n<h3 class=\"wp-block-heading\">2024<\/h3>\n\n\n\n<ul class=\"wp-block-list\">\n<li>7. November: Haus der Stadtgeschichte Offenbach<\/li>\n\n\n\n<li>2. November: Notenbank Weimar \/ Weimarer Rendezvous mit der Geschichte<\/li>\n\n\n\n<li>3. Oktober: Paulskirche Frankfurt am Main<\/li>\n<\/ul>\n\n\n\n<div class=\"wp-block-columns is-layout-flex wp-container-core-columns-is-layout-28f84493 wp-block-columns-is-layout-flex\">\n<div class=\"wp-block-column is-layout-flow wp-block-column-is-layout-flow\" style=\"flex-basis:50%\">\n<h2 class=\"wp-block-heading\">Ein Projekt von:<\/h2>\n\n\n\n<figure class=\"wp-block-image size-full\"><img loading=\"lazy\" decoding=\"async\" width=\"640\" height=\"360\" src=\"http:\/\/dg-dev.agentur-doppelstern.de\/wp-content\/uploads\/2024\/10\/LogoSODG.png\" alt=\"\" class=\"wp-image-10673\" srcset=\"http:\/\/dg-dev.agentur-doppelstern.de\/wp-content\/uploads\/2024\/10\/LogoSODG.png 640w, http:\/\/dg-dev.agentur-doppelstern.de\/wp-content\/uploads\/2024\/10\/LogoSODG-300x169.png 300w\" sizes=\"auto, (max-width: 640px) 100vw, 640px\" \/><\/figure>\n\n\n\n<figure class=\"wp-block-image size-full\"><img loading=\"lazy\" decoding=\"async\" width=\"761\" height=\"428\" src=\"https:\/\/www.demokratie-geschichte.de\/wp-content\/uploads\/2022\/09\/GesellschaftzurErforschunglang.png\" alt=\"\" class=\"wp-image-6973\" srcset=\"http:\/\/dg-dev.agentur-doppelstern.de\/wp-content\/uploads\/2022\/09\/GesellschaftzurErforschunglang.png 761w, http:\/\/dg-dev.agentur-doppelstern.de\/wp-content\/uploads\/2022\/09\/GesellschaftzurErforschunglang-300x169.png 300w\" sizes=\"auto, (max-width: 761px) 100vw, 761px\" \/><\/figure>\n\n\n\n<figure class=\"wp-block-image size-full\"><img loading=\"lazy\" decoding=\"async\" width=\"438\" height=\"123\" src=\"https:\/\/www.demokratie-geschichte.de\/wp-content\/uploads\/2022\/01\/logo_staatskanzlei.jpg\" alt=\"\" class=\"wp-image-5883\" srcset=\"http:\/\/dg-dev.agentur-doppelstern.de\/wp-content\/uploads\/2022\/01\/logo_staatskanzlei.jpg 438w, http:\/\/dg-dev.agentur-doppelstern.de\/wp-content\/uploads\/2022\/01\/logo_staatskanzlei-300x84.jpg 300w\" sizes=\"auto, (max-width: 438px) 100vw, 438px\" \/><\/figure>\n<\/div>\n\n\n\n<div class=\"wp-block-column is-layout-flow wp-block-column-is-layout-flow\" style=\"flex-basis:50%\">\n<h2 class=\"wp-block-heading\">Gef\u00f6rdert von:<\/h2>\n\n\n\n<figure class=\"wp-block-image size-large\"><img loading=\"lazy\" decoding=\"async\" width=\"1024\" height=\"436\" src=\"http:\/\/dg-dev.agentur-doppelstern.de\/wp-content\/uploads\/2025\/07\/BKM_de_v2__Office_farbig-1024x436.png\" alt=\"\" class=\"wp-image-11956\" srcset=\"http:\/\/dg-dev.agentur-doppelstern.de\/wp-content\/uploads\/2025\/07\/BKM_de_v2__Office_farbig-1024x436.png 1024w, http:\/\/dg-dev.agentur-doppelstern.de\/wp-content\/uploads\/2025\/07\/BKM_de_v2__Office_farbig-300x128.png 300w, http:\/\/dg-dev.agentur-doppelstern.de\/wp-content\/uploads\/2025\/07\/BKM_de_v2__Office_farbig-768x327.png 768w, http:\/\/dg-dev.agentur-doppelstern.de\/wp-content\/uploads\/2025\/07\/BKM_de_v2__Office_farbig-1536x653.png 1536w, http:\/\/dg-dev.agentur-doppelstern.de\/wp-content\/uploads\/2025\/07\/BKM_de_v2__Office_farbig.png 1956w\" sizes=\"auto, (max-width: 1024px) 100vw, 1024px\" \/><\/figure>\n<\/div>\n<\/div>\n\n\n\n<p>Das Theaterst\u00fcck wurde entwickelt von der Gesellschaft zur Erforschung der Demokratie-Geschichte e.V. mit F\u00f6rderung durch die Staatskanzlei Th\u00fcringen. Die Auff\u00fchrungen werden unterst\u00fctzt von der Stiftung Orte der deutschen Demokratiegeschichte.<\/p>\n\n\n\n<p><\/p>\n","protected":false},"excerpt":{"rendered":"<p>Wir sind auf Tour! Richtungsweisend wie immer. Mitrei\u00dfend wie nie. Wie geht es unserem Grundgesetz? Kennst du deine Verfassung eigentlich pers\u00f6nlich? Was bedeutet das Grundgesetz f\u00fcr uns heute? Das Grundgesetz ist die&nbsp;Basis f\u00fcr unser gesellschaftliches Zusammenleben. Auch wenn sie in unserem Alltag nicht st\u00e4ndig sichtbar ist, bildet unsere demokratische Verfassung den Rahmen, in dem ein [&hellip;]<\/p>\n","protected":false},"author":21,"featured_media":0,"parent":0,"menu_order":21,"comment_status":"closed","ping_status":"closed","template":"","meta":{"_acf_changed":false,"footnotes":""},"categories":[],"tags":[],"class_list":["post-11901","page","type-page","status-publish","hentry"],"acf":[],"yoast_head":"<!-- This site is optimized with the Yoast SEO plugin v27.3 - https:\/\/yoast.com\/product\/yoast-seo-wordpress\/ -->\n<title>Wir das Grundgesetz - Stiftung Orte der deutschen Demokratiegeschichte<\/title>\n<meta name=\"robots\" content=\"index, follow, max-snippet:-1, max-image-preview:large, max-video-preview:-1\" \/>\n<link rel=\"canonical\" href=\"http:\/\/dg-dev.agentur-doppelstern.de\/httpdocs\/index.php\/wir-das-grundgesetz\/\" \/>\n<meta property=\"og:locale\" content=\"de_DE\" \/>\n<meta property=\"og:type\" content=\"article\" \/>\n<meta property=\"og:title\" content=\"Wir das Grundgesetz - Stiftung Orte der deutschen Demokratiegeschichte\" \/>\n<meta property=\"og:description\" content=\"Wir sind auf Tour! Richtungsweisend wie immer. Mitrei\u00dfend wie nie. Wie geht es unserem Grundgesetz? Kennst du deine Verfassung eigentlich pers\u00f6nlich? Was bedeutet das Grundgesetz f\u00fcr uns heute? Das Grundgesetz ist die&nbsp;Basis f\u00fcr unser gesellschaftliches Zusammenleben. Auch wenn sie in unserem Alltag nicht st\u00e4ndig sichtbar ist, bildet unsere demokratische Verfassung den Rahmen, in dem ein [&hellip;]\" \/>\n<meta property=\"og:url\" content=\"http:\/\/dg-dev.agentur-doppelstern.de\/httpdocs\/index.php\/wir-das-grundgesetz\/\" \/>\n<meta property=\"og:site_name\" content=\"Stiftung Orte der deutschen Demokratiegeschichte\" \/>\n<meta property=\"og:image\" content=\"https:\/\/www.demokratie-geschichte.de\/wp-content\/uploads\/2025\/05\/SODG_Foto-Paula-Riechardt14-min-1024x683.jpg\" \/>\n<meta name=\"twitter:card\" content=\"summary_large_image\" \/>\n<meta name=\"twitter:label1\" content=\"Gesch\u00e4tzte Lesezeit\" \/>\n\t<meta name=\"twitter:data1\" content=\"6\u00a0Minuten\" \/>\n<script type=\"application\/ld+json\" class=\"yoast-schema-graph\">{\"@context\":\"https:\\\/\\\/schema.org\",\"@graph\":[{\"@type\":\"WebPage\",\"@id\":\"http:\\\/\\\/dg-dev.agentur-doppelstern.de\\\/httpdocs\\\/index.php\\\/wir-das-grundgesetz\\\/\",\"url\":\"http:\\\/\\\/dg-dev.agentur-doppelstern.de\\\/httpdocs\\\/index.php\\\/wir-das-grundgesetz\\\/\",\"name\":\"Wir das Grundgesetz - Stiftung Orte der deutschen Demokratiegeschichte\",\"isPartOf\":{\"@id\":\"http:\\\/\\\/dg-dev.agentur-doppelstern.de\\\/httpdocs\\\/index.php\\\/#website\"},\"primaryImageOfPage\":{\"@id\":\"http:\\\/\\\/dg-dev.agentur-doppelstern.de\\\/httpdocs\\\/index.php\\\/wir-das-grundgesetz\\\/#primaryimage\"},\"image\":{\"@id\":\"http:\\\/\\\/dg-dev.agentur-doppelstern.de\\\/httpdocs\\\/index.php\\\/wir-das-grundgesetz\\\/#primaryimage\"},\"thumbnailUrl\":\"https:\\\/\\\/www.demokratie-geschichte.de\\\/wp-content\\\/uploads\\\/2025\\\/05\\\/SODG_Foto-Paula-Riechardt14-min-1024x683.jpg\",\"datePublished\":\"2025-07-16T09:38:00+00:00\",\"breadcrumb\":{\"@id\":\"http:\\\/\\\/dg-dev.agentur-doppelstern.de\\\/httpdocs\\\/index.php\\\/wir-das-grundgesetz\\\/#breadcrumb\"},\"inLanguage\":\"de\",\"potentialAction\":[{\"@type\":\"ReadAction\",\"target\":[\"http:\\\/\\\/dg-dev.agentur-doppelstern.de\\\/httpdocs\\\/index.php\\\/wir-das-grundgesetz\\\/\"]}]},{\"@type\":\"ImageObject\",\"inLanguage\":\"de\",\"@id\":\"http:\\\/\\\/dg-dev.agentur-doppelstern.de\\\/httpdocs\\\/index.php\\\/wir-das-grundgesetz\\\/#primaryimage\",\"url\":\"https:\\\/\\\/www.demokratie-geschichte.de\\\/wp-content\\\/uploads\\\/2025\\\/05\\\/SODG_Foto-Paula-Riechardt14-min-1024x683.jpg\",\"contentUrl\":\"https:\\\/\\\/www.demokratie-geschichte.de\\\/wp-content\\\/uploads\\\/2025\\\/05\\\/SODG_Foto-Paula-Riechardt14-min-1024x683.jpg\"},{\"@type\":\"BreadcrumbList\",\"@id\":\"http:\\\/\\\/dg-dev.agentur-doppelstern.de\\\/httpdocs\\\/index.php\\\/wir-das-grundgesetz\\\/#breadcrumb\",\"itemListElement\":[{\"@type\":\"ListItem\",\"position\":1,\"name\":\"Startseite\",\"item\":\"http:\\\/\\\/dg-dev.agentur-doppelstern.de\\\/httpdocs\\\/index.php\\\/\"},{\"@type\":\"ListItem\",\"position\":2,\"name\":\"Wir das Grundgesetz\"}]},{\"@type\":\"WebSite\",\"@id\":\"http:\\\/\\\/dg-dev.agentur-doppelstern.de\\\/httpdocs\\\/index.php\\\/#website\",\"url\":\"http:\\\/\\\/dg-dev.agentur-doppelstern.de\\\/httpdocs\\\/index.php\\\/\",\"name\":\"Stiftung Orte der deutschen Demokratiegeschichte\",\"description\":\"\",\"potentialAction\":[{\"@type\":\"SearchAction\",\"target\":{\"@type\":\"EntryPoint\",\"urlTemplate\":\"http:\\\/\\\/dg-dev.agentur-doppelstern.de\\\/httpdocs\\\/index.php\\\/?s={search_term_string}\"},\"query-input\":{\"@type\":\"PropertyValueSpecification\",\"valueRequired\":true,\"valueName\":\"search_term_string\"}}],\"inLanguage\":\"de\"}]}<\/script>\n<!-- \/ Yoast SEO plugin. -->","yoast_head_json":{"title":"Wir das Grundgesetz - Stiftung Orte der deutschen Demokratiegeschichte","robots":{"index":"index","follow":"follow","max-snippet":"max-snippet:-1","max-image-preview":"max-image-preview:large","max-video-preview":"max-video-preview:-1"},"canonical":"http:\/\/dg-dev.agentur-doppelstern.de\/httpdocs\/index.php\/wir-das-grundgesetz\/","og_locale":"de_DE","og_type":"article","og_title":"Wir das Grundgesetz - Stiftung Orte der deutschen Demokratiegeschichte","og_description":"Wir sind auf Tour! Richtungsweisend wie immer. Mitrei\u00dfend wie nie. Wie geht es unserem Grundgesetz? Kennst du deine Verfassung eigentlich pers\u00f6nlich? Was bedeutet das Grundgesetz f\u00fcr uns heute? Das Grundgesetz ist die&nbsp;Basis f\u00fcr unser gesellschaftliches Zusammenleben. Auch wenn sie in unserem Alltag nicht st\u00e4ndig sichtbar ist, bildet unsere demokratische Verfassung den Rahmen, in dem ein [&hellip;]","og_url":"http:\/\/dg-dev.agentur-doppelstern.de\/httpdocs\/index.php\/wir-das-grundgesetz\/","og_site_name":"Stiftung Orte der deutschen Demokratiegeschichte","og_image":[{"url":"https:\/\/www.demokratie-geschichte.de\/wp-content\/uploads\/2025\/05\/SODG_Foto-Paula-Riechardt14-min-1024x683.jpg","type":"","width":"","height":""}],"twitter_card":"summary_large_image","twitter_misc":{"Gesch\u00e4tzte Lesezeit":"6\u00a0Minuten"},"schema":{"@context":"https:\/\/schema.org","@graph":[{"@type":"WebPage","@id":"http:\/\/dg-dev.agentur-doppelstern.de\/httpdocs\/index.php\/wir-das-grundgesetz\/","url":"http:\/\/dg-dev.agentur-doppelstern.de\/httpdocs\/index.php\/wir-das-grundgesetz\/","name":"Wir das Grundgesetz - Stiftung Orte der deutschen Demokratiegeschichte","isPartOf":{"@id":"http:\/\/dg-dev.agentur-doppelstern.de\/httpdocs\/index.php\/#website"},"primaryImageOfPage":{"@id":"http:\/\/dg-dev.agentur-doppelstern.de\/httpdocs\/index.php\/wir-das-grundgesetz\/#primaryimage"},"image":{"@id":"http:\/\/dg-dev.agentur-doppelstern.de\/httpdocs\/index.php\/wir-das-grundgesetz\/#primaryimage"},"thumbnailUrl":"https:\/\/www.demokratie-geschichte.de\/wp-content\/uploads\/2025\/05\/SODG_Foto-Paula-Riechardt14-min-1024x683.jpg","datePublished":"2025-07-16T09:38:00+00:00","breadcrumb":{"@id":"http:\/\/dg-dev.agentur-doppelstern.de\/httpdocs\/index.php\/wir-das-grundgesetz\/#breadcrumb"},"inLanguage":"de","potentialAction":[{"@type":"ReadAction","target":["http:\/\/dg-dev.agentur-doppelstern.de\/httpdocs\/index.php\/wir-das-grundgesetz\/"]}]},{"@type":"ImageObject","inLanguage":"de","@id":"http:\/\/dg-dev.agentur-doppelstern.de\/httpdocs\/index.php\/wir-das-grundgesetz\/#primaryimage","url":"https:\/\/www.demokratie-geschichte.de\/wp-content\/uploads\/2025\/05\/SODG_Foto-Paula-Riechardt14-min-1024x683.jpg","contentUrl":"https:\/\/www.demokratie-geschichte.de\/wp-content\/uploads\/2025\/05\/SODG_Foto-Paula-Riechardt14-min-1024x683.jpg"},{"@type":"BreadcrumbList","@id":"http:\/\/dg-dev.agentur-doppelstern.de\/httpdocs\/index.php\/wir-das-grundgesetz\/#breadcrumb","itemListElement":[{"@type":"ListItem","position":1,"name":"Startseite","item":"http:\/\/dg-dev.agentur-doppelstern.de\/httpdocs\/index.php\/"},{"@type":"ListItem","position":2,"name":"Wir das Grundgesetz"}]},{"@type":"WebSite","@id":"http:\/\/dg-dev.agentur-doppelstern.de\/httpdocs\/index.php\/#website","url":"http:\/\/dg-dev.agentur-doppelstern.de\/httpdocs\/index.php\/","name":"Stiftung Orte der deutschen Demokratiegeschichte","description":"","potentialAction":[{"@type":"SearchAction","target":{"@type":"EntryPoint","urlTemplate":"http:\/\/dg-dev.agentur-doppelstern.de\/httpdocs\/index.php\/?s={search_term_string}"},"query-input":{"@type":"PropertyValueSpecification","valueRequired":true,"valueName":"search_term_string"}}],"inLanguage":"de"}]}},"wps_subtitle":"","_links":{"self":[{"href":"http:\/\/dg-dev.agentur-doppelstern.de\/httpdocs\/index.php\/wp-json\/wp\/v2\/pages\/11901","targetHints":{"allow":["GET"]}}],"collection":[{"href":"http:\/\/dg-dev.agentur-doppelstern.de\/httpdocs\/index.php\/wp-json\/wp\/v2\/pages"}],"about":[{"href":"http:\/\/dg-dev.agentur-doppelstern.de\/httpdocs\/index.php\/wp-json\/wp\/v2\/types\/page"}],"author":[{"embeddable":true,"href":"http:\/\/dg-dev.agentur-doppelstern.de\/httpdocs\/index.php\/wp-json\/wp\/v2\/users\/21"}],"replies":[{"embeddable":true,"href":"http:\/\/dg-dev.agentur-doppelstern.de\/httpdocs\/index.php\/wp-json\/wp\/v2\/comments?post=11901"}],"version-history":[{"count":0,"href":"http:\/\/dg-dev.agentur-doppelstern.de\/httpdocs\/index.php\/wp-json\/wp\/v2\/pages\/11901\/revisions"}],"wp:attachment":[{"href":"http:\/\/dg-dev.agentur-doppelstern.de\/httpdocs\/index.php\/wp-json\/wp\/v2\/media?parent=11901"}],"wp:term":[{"taxonomy":"category","embeddable":true,"href":"http:\/\/dg-dev.agentur-doppelstern.de\/httpdocs\/index.php\/wp-json\/wp\/v2\/categories?post=11901"},{"taxonomy":"post_tag","embeddable":true,"href":"http:\/\/dg-dev.agentur-doppelstern.de\/httpdocs\/index.php\/wp-json\/wp\/v2\/tags?post=11901"}],"curies":[{"name":"wp","href":"https:\/\/api.w.org\/{rel}","templated":true}]}}