{"id":11887,"date":"2025-07-16T10:57:57","date_gmt":"2025-07-16T08:57:57","guid":{"rendered":"https:\/\/www.demokratie-geschichte.de\/index.php\/?page_id=11887"},"modified":"2025-07-16T10:57:57","modified_gmt":"2025-07-16T08:57:57","slug":"ausst","status":"publish","type":"page","link":"http:\/\/dg-dev.agentur-doppelstern.de\/httpdocs\/index.php\/ausst\/","title":{"rendered":"Ausstellungsangebot"},"content":{"rendered":"\n<p>Unsere Ausstellungen er\u00f6ffnen niedrigschwellige Zug\u00e4nge zur komplexen Demokratiegeschichte und machen deren Ambivalenz erfahrbar. Dabei erreichen sie Menschen in unterschiedlichen Lebenswelten und Regionen \u2013 auch jenseits der Metropolen und klassischer Zielgruppen. Ziel ist es, historische Zusammenh\u00e4nge lebendig zu vermitteln und den Diskurs \u00fcber demokratische Werte in den \u00f6ffentlichen Raum zu tragen. Im Zentrum steht eine kritische Geschichtsbildung: Denn nur wer historische Grundlagen kennt, kann die Bedeutungen demokratischer Prozesse heute verstehen und morgen verteidigen. So regen unsere Ausstellungen zur Auseinandersetzung mit Fragen der Teilhabe, Freiheit und Verantwortung an \u2013 und laden zum Mitdenken ein.<\/p>\n\n\n\n<h2 class=\"wp-block-heading\">Unsere aktuellen Ausstellungen<\/h2>\n\n\n\n<h3 class=\"wp-block-heading\"><strong>Deine Orte der Demokratiegeschichte<\/strong><\/h3>\n\n\n\n<figure class=\"wp-block-image size-large\"><img loading=\"lazy\" decoding=\"async\" width=\"1024\" height=\"583\" src=\"http:\/\/dg-dev.agentur-doppelstern.de\/wp-content\/uploads\/2025\/06\/Deine-Orte-der-DG_Header-1-e1749112059935-1024x583.jpg\" alt=\"\" class=\"wp-image-11787\" srcset=\"http:\/\/dg-dev.agentur-doppelstern.de\/wp-content\/uploads\/2025\/06\/Deine-Orte-der-DG_Header-1-e1749112059935-1024x583.jpg 1024w, http:\/\/dg-dev.agentur-doppelstern.de\/wp-content\/uploads\/2025\/06\/Deine-Orte-der-DG_Header-1-e1749112059935-300x171.jpg 300w, http:\/\/dg-dev.agentur-doppelstern.de\/wp-content\/uploads\/2025\/06\/Deine-Orte-der-DG_Header-1-e1749112059935-768x437.jpg 768w, http:\/\/dg-dev.agentur-doppelstern.de\/wp-content\/uploads\/2025\/06\/Deine-Orte-der-DG_Header-1-e1749112059935.jpg 1367w\" sizes=\"auto, (max-width: 1024px) 100vw, 1024px\" \/><\/figure>\n\n\n\n<p>Mit unserer modularen Open-Air-Ausstellung bringen wir Demokratiegeschichte dorthin, wo sie hingeh\u00f6rt: mitten in die Gesellschaft. Ob auf Marktpl\u00e4tzen, Schulh\u00f6fen oder Stadtfesten \u2013 die Ausstellung \u201eDeine Orte der Demokratiegeschichte\u201c verkn\u00fcpft zentrale Themen wie Gleichberechtigung, Verfassungen oder Wahlen mit konkreten historischen Orten. Die Bauzaunplanen erm\u00f6glichen eine flexible Pr\u00e4sentation im \u00f6ffentlichen Raum \u2013 informativ, anschaulich und niedrigschwellig.<\/p>\n\n\n\n<div class=\"wp-block-buttons is-content-justification-center is-layout-flex wp-container-core-buttons-is-layout-a89b3969 wp-block-buttons-is-layout-flex\">\n<div class=\"wp-block-button\"><a class=\"wp-block-button__link has-white-color has-black-background-color has-text-color has-background has-link-color wp-element-button\" href=\"https:\/\/demokratie-geschichte.de\/index.php\/11042\/open-air-ausstellungsangebot\" target=\"_blank\" rel=\"noreferrer noopener\">Zur Ausstellung<\/a><\/div>\n<\/div>\n\n\n\n<h3 class=\"wp-block-heading\"><strong>Council for a Democratic Germany<\/strong><\/h3>\n\n\n\n<figure class=\"wp-block-image size-large\"><img decoding=\"async\" src=\"https:\/\/www.demokratie-geschichte.de\/wp-content\/uploads\/2025\/07\/75-Jahre-Grundgesetz-5-1-1024x576.jpg\" alt=\"\" class=\"wp-image-11889\"\/><\/figure>\n\n\n\n<p>In den 1940er Jahren entwickelten deutsche Exilierte in den USA Ideen f\u00fcr ein demokratisches Nachkriegsdeutschland. Die Roll-Up-Ausstellung stellt die Arbeit und Vorschl\u00e4ge des 1944 in New York gegr\u00fcndeten <em>Council for a Democratic Germany<\/em> vor. Im Mittelpunkt: der Versuch, aus dem Exil heraus demokratische Strukturen f\u00fcr die Zukunft zu entwerfen. Pr\u00e4sentiert wurde die Ausstellung u.a. in der Deutschen Nationalbibliothek und anl\u00e4sslich des 75. Jahrestags der Genehmigung des Grundgesetzes in Frankfurt am Main.<\/p>\n\n\n\n<div class=\"wp-block-buttons is-content-justification-center is-layout-flex wp-container-core-buttons-is-layout-a89b3969 wp-block-buttons-is-layout-flex\">\n<div class=\"wp-block-button\"><a class=\"wp-block-button__link has-white-color has-black-background-color has-text-color has-background has-link-color wp-element-button\" href=\"https:\/\/demokratie-geschichte.de\/index.php\/11874\/cdg\" target=\"_blank\" rel=\"noreferrer noopener\">Zur Ausstellung<\/a><\/div>\n<\/div>\n\n\n\n<h4 class=\"wp-block-heading\"><strong>Klang der Demokratie<\/strong><\/h4>\n\n\n\n<figure class=\"wp-block-image size-large\"><img loading=\"lazy\" decoding=\"async\" width=\"1024\" height=\"784\" src=\"http:\/\/dg-dev.agentur-doppelstern.de\/wp-content\/uploads\/2025\/10\/Ansicht_Ausstellung-Klang-der-Demokratie-1024x784.png\" alt=\"\" class=\"wp-image-12690\" srcset=\"http:\/\/dg-dev.agentur-doppelstern.de\/wp-content\/uploads\/2025\/10\/Ansicht_Ausstellung-Klang-der-Demokratie-1024x784.png 1024w, http:\/\/dg-dev.agentur-doppelstern.de\/wp-content\/uploads\/2025\/10\/Ansicht_Ausstellung-Klang-der-Demokratie-300x230.png 300w, http:\/\/dg-dev.agentur-doppelstern.de\/wp-content\/uploads\/2025\/10\/Ansicht_Ausstellung-Klang-der-Demokratie-768x588.png 768w, http:\/\/dg-dev.agentur-doppelstern.de\/wp-content\/uploads\/2025\/10\/Ansicht_Ausstellung-Klang-der-Demokratie.png 1273w\" sizes=\"auto, (max-width: 1024px) 100vw, 1024px\" \/><\/figure>\n\n\n\n<p>Wie klingt Demokratie? Begleitend zur multimedialen Musikperformance gleichen Namens f\u00fchrt die Roll-Up-Ausstellung an zentrale Themen der Demokratiegeschichte heran \u2013 von Protest \u00fcber Gleichberechtigung bis zu Europa. Die Ausstellung ist f\u00fcr ein junges Publikum konzipiert: visuell ansprechend, niedrigschwellig und gut kombinierbar mit schulischen Formaten.<\/p>\n\n\n\n<div class=\"wp-block-buttons is-content-justification-center is-layout-flex wp-container-core-buttons-is-layout-a89b3969 wp-block-buttons-is-layout-flex\">\n<div class=\"wp-block-button\"><a class=\"wp-block-button__link has-white-color has-black-background-color has-text-color has-background has-link-color wp-element-button\" href=\"https:\/\/klang-der-demokratie.de\/\" target=\"_blank\" rel=\"noreferrer noopener\">Zur Performance<\/a><\/div>\n\n\n\n<div class=\"wp-block-button\"><a class=\"wp-block-button__link has-white-color has-black-background-color has-text-color has-background has-link-color wp-element-button\" href=\"https:\/\/www.demokratie-geschichte.de\/index.php\/12689\/ausstellung-der-klang-der-demokratie\/\">Zur Ausstellung<\/a><\/div>\n<\/div>\n\n\n\n<p><br><\/p>\n","protected":false},"excerpt":{"rendered":"<p>Unsere Ausstellungen er\u00f6ffnen niedrigschwellige Zug\u00e4nge zur komplexen Demokratiegeschichte und machen deren Ambivalenz erfahrbar. Dabei erreichen sie Menschen in unterschiedlichen Lebenswelten und Regionen \u2013 auch jenseits der Metropolen und klassischer Zielgruppen. Ziel ist es, historische Zusammenh\u00e4nge lebendig zu vermitteln und den Diskurs \u00fcber demokratische Werte in den \u00f6ffentlichen Raum zu tragen. Im Zentrum steht eine kritische [&hellip;]<\/p>\n","protected":false},"author":21,"featured_media":0,"parent":0,"menu_order":23,"comment_status":"closed","ping_status":"closed","template":"","meta":{"_acf_changed":false,"footnotes":""},"categories":[],"tags":[],"class_list":["post-11887","page","type-page","status-publish","hentry"],"acf":[],"yoast_head":"<!-- This site is optimized with the Yoast SEO plugin v27.3 - https:\/\/yoast.com\/product\/yoast-seo-wordpress\/ -->\n<title>Ausstellungsangebot - Stiftung Orte der deutschen Demokratiegeschichte<\/title>\n<meta name=\"robots\" content=\"index, follow, max-snippet:-1, max-image-preview:large, max-video-preview:-1\" \/>\n<link rel=\"canonical\" href=\"http:\/\/dg-dev.agentur-doppelstern.de\/httpdocs\/index.php\/ausst\/\" \/>\n<meta property=\"og:locale\" content=\"de_DE\" \/>\n<meta property=\"og:type\" content=\"article\" \/>\n<meta property=\"og:title\" content=\"Ausstellungsangebot - Stiftung Orte der deutschen Demokratiegeschichte\" \/>\n<meta property=\"og:description\" content=\"Unsere Ausstellungen er\u00f6ffnen niedrigschwellige Zug\u00e4nge zur komplexen Demokratiegeschichte und machen deren Ambivalenz erfahrbar. Dabei erreichen sie Menschen in unterschiedlichen Lebenswelten und Regionen \u2013 auch jenseits der Metropolen und klassischer Zielgruppen. Ziel ist es, historische Zusammenh\u00e4nge lebendig zu vermitteln und den Diskurs \u00fcber demokratische Werte in den \u00f6ffentlichen Raum zu tragen. Im Zentrum steht eine kritische [&hellip;]\" \/>\n<meta property=\"og:url\" content=\"http:\/\/dg-dev.agentur-doppelstern.de\/httpdocs\/index.php\/ausst\/\" \/>\n<meta property=\"og:site_name\" content=\"Stiftung Orte der deutschen Demokratiegeschichte\" \/>\n<meta property=\"og:image\" content=\"http:\/\/dg-dev.agentur-doppelstern.de\/wp-content\/uploads\/2025\/06\/Deine-Orte-der-DG_Header-1-e1749112059935-1024x583.jpg\" \/>\n<meta name=\"twitter:card\" content=\"summary_large_image\" \/>\n<meta name=\"twitter:label1\" content=\"Gesch\u00e4tzte Lesezeit\" \/>\n\t<meta name=\"twitter:data1\" content=\"3\u00a0Minuten\" \/>\n<script type=\"application\/ld+json\" class=\"yoast-schema-graph\">{\"@context\":\"https:\\\/\\\/schema.org\",\"@graph\":[{\"@type\":\"WebPage\",\"@id\":\"http:\\\/\\\/dg-dev.agentur-doppelstern.de\\\/httpdocs\\\/index.php\\\/ausst\\\/\",\"url\":\"http:\\\/\\\/dg-dev.agentur-doppelstern.de\\\/httpdocs\\\/index.php\\\/ausst\\\/\",\"name\":\"Ausstellungsangebot - Stiftung Orte der deutschen Demokratiegeschichte\",\"isPartOf\":{\"@id\":\"http:\\\/\\\/dg-dev.agentur-doppelstern.de\\\/httpdocs\\\/index.php\\\/#website\"},\"primaryImageOfPage\":{\"@id\":\"http:\\\/\\\/dg-dev.agentur-doppelstern.de\\\/httpdocs\\\/index.php\\\/ausst\\\/#primaryimage\"},\"image\":{\"@id\":\"http:\\\/\\\/dg-dev.agentur-doppelstern.de\\\/httpdocs\\\/index.php\\\/ausst\\\/#primaryimage\"},\"thumbnailUrl\":\"http:\\\/\\\/dg-dev.agentur-doppelstern.de\\\/wp-content\\\/uploads\\\/2025\\\/06\\\/Deine-Orte-der-DG_Header-1-e1749112059935-1024x583.jpg\",\"datePublished\":\"2025-07-16T08:57:57+00:00\",\"breadcrumb\":{\"@id\":\"http:\\\/\\\/dg-dev.agentur-doppelstern.de\\\/httpdocs\\\/index.php\\\/ausst\\\/#breadcrumb\"},\"inLanguage\":\"de\",\"potentialAction\":[{\"@type\":\"ReadAction\",\"target\":[\"http:\\\/\\\/dg-dev.agentur-doppelstern.de\\\/httpdocs\\\/index.php\\\/ausst\\\/\"]}]},{\"@type\":\"ImageObject\",\"inLanguage\":\"de\",\"@id\":\"http:\\\/\\\/dg-dev.agentur-doppelstern.de\\\/httpdocs\\\/index.php\\\/ausst\\\/#primaryimage\",\"url\":\"http:\\\/\\\/dg-dev.agentur-doppelstern.de\\\/wp-content\\\/uploads\\\/2025\\\/06\\\/Deine-Orte-der-DG_Header-1-e1749112059935-1024x583.jpg\",\"contentUrl\":\"http:\\\/\\\/dg-dev.agentur-doppelstern.de\\\/wp-content\\\/uploads\\\/2025\\\/06\\\/Deine-Orte-der-DG_Header-1-e1749112059935-1024x583.jpg\"},{\"@type\":\"BreadcrumbList\",\"@id\":\"http:\\\/\\\/dg-dev.agentur-doppelstern.de\\\/httpdocs\\\/index.php\\\/ausst\\\/#breadcrumb\",\"itemListElement\":[{\"@type\":\"ListItem\",\"position\":1,\"name\":\"Startseite\",\"item\":\"http:\\\/\\\/dg-dev.agentur-doppelstern.de\\\/httpdocs\\\/index.php\\\/\"},{\"@type\":\"ListItem\",\"position\":2,\"name\":\"Ausstellungsangebot\"}]},{\"@type\":\"WebSite\",\"@id\":\"http:\\\/\\\/dg-dev.agentur-doppelstern.de\\\/httpdocs\\\/index.php\\\/#website\",\"url\":\"http:\\\/\\\/dg-dev.agentur-doppelstern.de\\\/httpdocs\\\/index.php\\\/\",\"name\":\"Stiftung Orte der deutschen Demokratiegeschichte\",\"description\":\"\",\"potentialAction\":[{\"@type\":\"SearchAction\",\"target\":{\"@type\":\"EntryPoint\",\"urlTemplate\":\"http:\\\/\\\/dg-dev.agentur-doppelstern.de\\\/httpdocs\\\/index.php\\\/?s={search_term_string}\"},\"query-input\":{\"@type\":\"PropertyValueSpecification\",\"valueRequired\":true,\"valueName\":\"search_term_string\"}}],\"inLanguage\":\"de\"}]}<\/script>\n<!-- \/ Yoast SEO plugin. -->","yoast_head_json":{"title":"Ausstellungsangebot - Stiftung Orte der deutschen Demokratiegeschichte","robots":{"index":"index","follow":"follow","max-snippet":"max-snippet:-1","max-image-preview":"max-image-preview:large","max-video-preview":"max-video-preview:-1"},"canonical":"http:\/\/dg-dev.agentur-doppelstern.de\/httpdocs\/index.php\/ausst\/","og_locale":"de_DE","og_type":"article","og_title":"Ausstellungsangebot - Stiftung Orte der deutschen Demokratiegeschichte","og_description":"Unsere Ausstellungen er\u00f6ffnen niedrigschwellige Zug\u00e4nge zur komplexen Demokratiegeschichte und machen deren Ambivalenz erfahrbar. Dabei erreichen sie Menschen in unterschiedlichen Lebenswelten und Regionen \u2013 auch jenseits der Metropolen und klassischer Zielgruppen. Ziel ist es, historische Zusammenh\u00e4nge lebendig zu vermitteln und den Diskurs \u00fcber demokratische Werte in den \u00f6ffentlichen Raum zu tragen. Im Zentrum steht eine kritische [&hellip;]","og_url":"http:\/\/dg-dev.agentur-doppelstern.de\/httpdocs\/index.php\/ausst\/","og_site_name":"Stiftung Orte der deutschen Demokratiegeschichte","og_image":[{"url":"http:\/\/dg-dev.agentur-doppelstern.de\/wp-content\/uploads\/2025\/06\/Deine-Orte-der-DG_Header-1-e1749112059935-1024x583.jpg","type":"","width":"","height":""}],"twitter_card":"summary_large_image","twitter_misc":{"Gesch\u00e4tzte Lesezeit":"3\u00a0Minuten"},"schema":{"@context":"https:\/\/schema.org","@graph":[{"@type":"WebPage","@id":"http:\/\/dg-dev.agentur-doppelstern.de\/httpdocs\/index.php\/ausst\/","url":"http:\/\/dg-dev.agentur-doppelstern.de\/httpdocs\/index.php\/ausst\/","name":"Ausstellungsangebot - Stiftung Orte der deutschen Demokratiegeschichte","isPartOf":{"@id":"http:\/\/dg-dev.agentur-doppelstern.de\/httpdocs\/index.php\/#website"},"primaryImageOfPage":{"@id":"http:\/\/dg-dev.agentur-doppelstern.de\/httpdocs\/index.php\/ausst\/#primaryimage"},"image":{"@id":"http:\/\/dg-dev.agentur-doppelstern.de\/httpdocs\/index.php\/ausst\/#primaryimage"},"thumbnailUrl":"http:\/\/dg-dev.agentur-doppelstern.de\/wp-content\/uploads\/2025\/06\/Deine-Orte-der-DG_Header-1-e1749112059935-1024x583.jpg","datePublished":"2025-07-16T08:57:57+00:00","breadcrumb":{"@id":"http:\/\/dg-dev.agentur-doppelstern.de\/httpdocs\/index.php\/ausst\/#breadcrumb"},"inLanguage":"de","potentialAction":[{"@type":"ReadAction","target":["http:\/\/dg-dev.agentur-doppelstern.de\/httpdocs\/index.php\/ausst\/"]}]},{"@type":"ImageObject","inLanguage":"de","@id":"http:\/\/dg-dev.agentur-doppelstern.de\/httpdocs\/index.php\/ausst\/#primaryimage","url":"http:\/\/dg-dev.agentur-doppelstern.de\/wp-content\/uploads\/2025\/06\/Deine-Orte-der-DG_Header-1-e1749112059935-1024x583.jpg","contentUrl":"http:\/\/dg-dev.agentur-doppelstern.de\/wp-content\/uploads\/2025\/06\/Deine-Orte-der-DG_Header-1-e1749112059935-1024x583.jpg"},{"@type":"BreadcrumbList","@id":"http:\/\/dg-dev.agentur-doppelstern.de\/httpdocs\/index.php\/ausst\/#breadcrumb","itemListElement":[{"@type":"ListItem","position":1,"name":"Startseite","item":"http:\/\/dg-dev.agentur-doppelstern.de\/httpdocs\/index.php\/"},{"@type":"ListItem","position":2,"name":"Ausstellungsangebot"}]},{"@type":"WebSite","@id":"http:\/\/dg-dev.agentur-doppelstern.de\/httpdocs\/index.php\/#website","url":"http:\/\/dg-dev.agentur-doppelstern.de\/httpdocs\/index.php\/","name":"Stiftung Orte der deutschen Demokratiegeschichte","description":"","potentialAction":[{"@type":"SearchAction","target":{"@type":"EntryPoint","urlTemplate":"http:\/\/dg-dev.agentur-doppelstern.de\/httpdocs\/index.php\/?s={search_term_string}"},"query-input":{"@type":"PropertyValueSpecification","valueRequired":true,"valueName":"search_term_string"}}],"inLanguage":"de"}]}},"wps_subtitle":"","_links":{"self":[{"href":"http:\/\/dg-dev.agentur-doppelstern.de\/httpdocs\/index.php\/wp-json\/wp\/v2\/pages\/11887","targetHints":{"allow":["GET"]}}],"collection":[{"href":"http:\/\/dg-dev.agentur-doppelstern.de\/httpdocs\/index.php\/wp-json\/wp\/v2\/pages"}],"about":[{"href":"http:\/\/dg-dev.agentur-doppelstern.de\/httpdocs\/index.php\/wp-json\/wp\/v2\/types\/page"}],"author":[{"embeddable":true,"href":"http:\/\/dg-dev.agentur-doppelstern.de\/httpdocs\/index.php\/wp-json\/wp\/v2\/users\/21"}],"replies":[{"embeddable":true,"href":"http:\/\/dg-dev.agentur-doppelstern.de\/httpdocs\/index.php\/wp-json\/wp\/v2\/comments?post=11887"}],"version-history":[{"count":0,"href":"http:\/\/dg-dev.agentur-doppelstern.de\/httpdocs\/index.php\/wp-json\/wp\/v2\/pages\/11887\/revisions"}],"wp:attachment":[{"href":"http:\/\/dg-dev.agentur-doppelstern.de\/httpdocs\/index.php\/wp-json\/wp\/v2\/media?parent=11887"}],"wp:term":[{"taxonomy":"category","embeddable":true,"href":"http:\/\/dg-dev.agentur-doppelstern.de\/httpdocs\/index.php\/wp-json\/wp\/v2\/categories?post=11887"},{"taxonomy":"post_tag","embeddable":true,"href":"http:\/\/dg-dev.agentur-doppelstern.de\/httpdocs\/index.php\/wp-json\/wp\/v2\/tags?post=11887"}],"curies":[{"name":"wp","href":"https:\/\/api.w.org\/{rel}","templated":true}]}}